{"id":10918,"date":"2020-07-26T16:39:19","date_gmt":"2020-07-26T13:39:19","guid":{"rendered":"https:\/\/hookahshop.lt\/?post_type=product&#038;p=10918"},"modified":"2026-04-15T23:28:45","modified_gmt":"2026-04-15T20:28:45","slug":"kaljanas-alpha-hookah-s-black-matte","status":"publish","type":"product","link":"https:\/\/hookahshop.lt\/et\/toode\/vesipiip-alfa-vesipiip-s-must-matt\/","title":{"rendered":"Vesipiip ALPHA HOOKAH S Black Matte"},"content":{"rendered":"<h2>Vesipiip ALPHA Hookah S Black Matte<\/h2>\n<p>Alpha Vesipiibu mudel S, aasta vesipiip John Calliano Awards 2018 ja Vesipiibu klubin\u00e4itus 2020.<\/p>\n<p>Keskendudes k\u00f5igi vesipiibuelementide kvaliteedile, loob Alpha Vesipiip minimalistliku kujunduse, kuid v\u00e4ga karismaatilised mudelid kodus ja kontoris kasutamiseks.<br \/>\nKui eelistate mitte ainult funktsionaalsust, vaid ka suitsetamistarvikute v\u00e4liseid eeliseid, tasub Alpha Hookah S osta. Iga seeria mudel v\u00f5ib saada klubi- v\u00f5i restoranisaali t\u00f5eliseks kaunistuseks ja sobib harmooniliselt kodutalu v\u00f5i linnakorteri suitsumaja siseviimistlusega.<\/p>\n<p>Omadused:<br \/>\n- K\u00f5rgus 500 mm<br \/>\n- Anodeeritud alumiiniumist dekoratsioon, v\u00e4rvitud vastupidava v\u00e4rviga.<br \/>\n- Alus on valmistatud Saksa pol\u00fcatsitalist koos originaalse loputuss\u00fcsteemiga<br \/>\n- eemaldatav hajuti<br \/>\n- magnetiline \u00fchendus<\/p>\n<p><strong>Varustus:<\/strong><br \/>\nV\u00f5ll, plaat, voolik, huulik, tihendid.<\/p>\n<p><img decoding=\"async\" loading=\"lazy\" class=\"alignnone size-medium wp-image-38521\" src=\"https:\/\/hookahshop.lt\/wp-content\/uploads\/2020\/09\/stiebas-zarna-kandiklis-1-300x273.jpg\" alt=\"- hookahshop.lt\" width=\"300\" height=\"273\" srcset=\"https:\/\/hookahshop.lt\/wp-content\/uploads\/2020\/09\/stiebas-zarna-kandiklis-1-300x273.jpg 300w, https:\/\/hookahshop.lt\/wp-content\/uploads\/2020\/09\/stiebas-zarna-kandiklis-1-13x12.jpg 13w, https:\/\/hookahshop.lt\/wp-content\/uploads\/2020\/09\/stiebas-zarna-kandiklis-1-64x58.jpg 64w, https:\/\/hookahshop.lt\/wp-content\/uploads\/2020\/09\/stiebas-zarna-kandiklis-1.jpg 420w\" sizes=\"(max-width: 300px) 100vw, 300px\" title=\"\"><\/p>\n<p>Kas teil on k\u00fcsimusi? v\u00f5ta meiega \u00fchendust <a href=\"https:\/\/hookahshop.lt\/et\/kontaktid\/\">kontaktide leht<\/a> v\u00f5i saatke meile e-kiri aadressil <a href=\"https:\/\/facebook.com\/HookahShop.lt\/\" target=\"_blank\" rel=\"noopener noreferrer\">Facebooki konto<\/a> ja vastame teie taotlusele samal p\u00e4eval.<\/p>","protected":false},"excerpt":{"rendered":"<p>Vesipiibu ALPHA Vesipiibu S Black Matte Alpha Hookah Model S, Aasta Vesipiip John Calliano Awardsil 2018 ja Vesipiibuklubi Show 2020. Keskendudes k\u00f5ikide vesipiibu elementide kvaliteedile, loob Alpha Hookah minimalistlikke, kuid v\u00e4ga karismaatilisi mudeleid nii kodus kui kontoris kasutamiseks. Kui eelistate mitte ainult funktsionaalsust, vaid ka v\u00e4liseid suitsetamistarvikuid [\u2026]<\/p>","protected":false},"featured_media":10919,"comment_status":"open","ping_status":"closed","template":"","meta":[],"_links":{"self":[{"href":"https:\/\/hookahshop.lt\/et\/wp-json\/wp\/v2\/product\/10918"}],"collection":[{"href":"https:\/\/hookahshop.lt\/et\/wp-json\/wp\/v2\/product"}],"about":[{"href":"https:\/\/hookahshop.lt\/et\/wp-json\/wp\/v2\/types\/product"}],"replies":[{"embeddable":true,"href":"https:\/\/hookahshop.lt\/et\/wp-json\/wp\/v2\/comments?post=10918"}],"version-history":[{"count":7,"href":"https:\/\/hookahshop.lt\/et\/wp-json\/wp\/v2\/product\/10918\/revisions"}],"predecessor-version":[{"id":37008,"href":"https:\/\/hookahshop.lt\/et\/wp-json\/wp\/v2\/product\/10918\/revisions\/37008"}],"wp:featuredmedia":[{"embeddable":true,"href":"https:\/\/hookahshop.lt\/et\/wp-json\/wp\/v2\/media\/10919"}],"wp:attachment":[{"href":"https:\/\/hookahshop.lt\/et\/wp-json\/wp\/v2\/media?parent=10918"}],"curies":[{"name":"wp","href":"https:\/\/api.w.org\/{rel}","templated":true}]}}