{"id":10954,"date":"2020-07-26T17:06:38","date_gmt":"2020-07-26T14:06:38","guid":{"rendered":"https:\/\/hookahshop.lt\/?post_type=product&#038;p=10954"},"modified":"2026-05-13T23:29:03","modified_gmt":"2026-05-13T20:29:03","slug":"kaljanas-japona-hookah-shuriken-standart-brown","status":"publish","type":"product","link":"https:\/\/hookahshop.lt\/et\/toode\/vesipiip-japona-hookah-shuriken-standart-brown\/","title":{"rendered":"Vesipiip JAAPAN HOOKAH Shuriken Standart Brown"},"content":{"rendered":"<h2>Vesipiip JAAPAN Vesipiip Shuriken Standart Brown<\/h2>\n<p>&quot;Jaapan&quot; vesipiip on br\u00e4nd, mis on p\u00e4lvinud lugupidamise inimeste s\u00fcdames, kes armastavad ja austavad vesipiibu suitsetamise kultuuri. Jaapan on spetsialiseerunud ainulaadsete vesipiipude tootmisele. Suhteliselt v\u00e4ikesed tiraa\u017eid muudavad toote eksklusiivseks ja eksklusiivseks. Kui teile meeldib originaalsus ja stiil, sobib &quot;Jaapani&quot; vesipiip harmooniliselt teie interj\u00f6\u00f6ri ja muutub teie pildi lahutamatuks osaks.<br \/>\nVesipiibu vars Shuriken Standart on mittetagastatav ja tugev 690 mm pikk. V\u00f5lli keskosa on vastupidav roostevabast terasest toru sisel\u00e4bim\u00f5\u00f5duga 13 mm, dekoratiivosa on valmistatud v\u00e4\u00e4rispuidust, t\u00f6\u00f6deldud \u00f5liga ja valitud tekstuuriga.<br \/>\nKlaaskolb, 250 mm k\u00f5rge, seina paksus 6 mm, kaela sisel\u00e4bim\u00f5\u00f5t 45 mm, metallist v\u00f5lliadapteriga, mis r\u00f5hutab vesipiibu kujundust.<\/p>\n<p><strong>Omadused:<\/strong><br \/>\nVesipiibu koguk\u00f5rgus on 690 mm<br \/>\nKolvi k\u00f5rgus on 260 mm<br \/>\nV\u00f5lli l\u00e4bim\u00f5\u00f5t on 13 mm<br \/>\nSuuliku l\u00e4bim\u00f5\u00f5t - 10 mm<\/p>\n<p><strong>Varustus:<\/strong><br \/>\nV\u00f5ll, plaat, kolb (l\u00e4bipaistev lilla), huulik, silikoonvoolik (1,5 m), pistik (O-r\u00f5nga r\u00f5ngad), tihendid.<\/p>\n<p><strong>Materjalid:<\/strong><br \/>\nPuit, roostevaba teras (toiduaine), alumiiniumisulam (anodeeritud)<\/p>\n<p>Kas teil on k\u00fcsimusi? v\u00f5ta meiega \u00fchendust <a href=\"https:\/\/hookahshop.lt\/et\/kontaktid\/\">kontaktide leht<\/a> v\u00f5i saatke meile e-kiri aadressil <a href=\"https:\/\/facebook.com\/HookahShop.lt\/\" target=\"_blank\" rel=\"noopener noreferrer\">Facebooki konto<\/a> ja vastame teie taotlusele samal p\u00e4eval.<\/p>","protected":false},"excerpt":{"rendered":"<p>Vesipiibu JAAPAN Vesipiibu Shuriken Standart Brown Jaapani vesipiip on br\u00e4nd, mis on p\u00e4lvinud lugupidamise inimeste s\u00fcdames, kes armastavad ja austavad vesipiibu suitsetamise kultuuri. Jaapan on spetsialiseerunud ainulaadsete vesipiipude tootmisele. Suhteliselt v\u00e4ikesed tiraa\u017eid muudavad toote eksklusiivseks ja eksklusiivseks. Kui teile meeldib originaalsus ja stiil, siis &quot;Jaapani&quot; vesipiip sobib harmooniliselt teie interj\u00f6\u00f6ri ja muutub teie kuvandi lahutamatuks osaks [\u2026]<\/p>","protected":false},"featured_media":10955,"comment_status":"open","ping_status":"closed","template":"","meta":[],"_links":{"self":[{"href":"https:\/\/hookahshop.lt\/et\/wp-json\/wp\/v2\/product\/10954"}],"collection":[{"href":"https:\/\/hookahshop.lt\/et\/wp-json\/wp\/v2\/product"}],"about":[{"href":"https:\/\/hookahshop.lt\/et\/wp-json\/wp\/v2\/types\/product"}],"replies":[{"embeddable":true,"href":"https:\/\/hookahshop.lt\/et\/wp-json\/wp\/v2\/comments?post=10954"}],"version-history":[{"count":4,"href":"https:\/\/hookahshop.lt\/et\/wp-json\/wp\/v2\/product\/10954\/revisions"}],"predecessor-version":[{"id":22926,"href":"https:\/\/hookahshop.lt\/et\/wp-json\/wp\/v2\/product\/10954\/revisions\/22926"}],"wp:featuredmedia":[{"embeddable":true,"href":"https:\/\/hookahshop.lt\/et\/wp-json\/wp\/v2\/media\/10955"}],"wp:attachment":[{"href":"https:\/\/hookahshop.lt\/et\/wp-json\/wp\/v2\/media?parent=10954"}],"curies":[{"name":"wp","href":"https:\/\/api.w.org\/{rel}","templated":true}]}}