{"id":10993,"date":"2020-07-26T21:45:57","date_gmt":"2020-07-26T18:45:57","guid":{"rendered":"https:\/\/hookahshop.lt\/?post_type=product&#038;p=10993"},"modified":"2026-04-15T12:28:54","modified_gmt":"2026-04-15T09:28:54","slug":"kaljanas-japona-hookah-lotus-red","status":"publish","type":"product","link":"https:\/\/hookahshop.lt\/et\/toode\/vesipiip-japona-hookah-lotus-red\/","title":{"rendered":"Vesipiip JAPONA HOOKAH Lotus Red"},"content":{"rendered":"<h2>Vesipiip JAAPAN Vesipiip Lotus Red<\/h2>\n<p>&quot;Jaapan&quot; vesipiip on br\u00e4nd, mis on p\u00e4lvinud lugupidamise inimeste s\u00fcdames, kes armastavad ja austavad vesipiibu suitsetamise kultuuri. Jaapan on spetsialiseerunud ainulaadsete vesipiipude tootmisele. Suhteliselt v\u00e4ikesed tiraa\u017eid muudavad toote eksklusiivseks ja eksklusiivseks. Kui teile meeldib originaalsus ja stiil, sobib &quot;Jaapani&quot; vesipiip harmooniliselt teie interj\u00f6\u00f6ri ja muutub teie pildi lahutamatuks osaks.<\/p>\n<p>Vesipiibu Jaapan Hookah Lotus Red vars on lahti keeratav ja tugev 620 mm pikk. V\u00f5lli keskosa on vastupidav roostevabast terasest toru sisel\u00e4bim\u00f5\u00f5duga 13 mm, dekoratiivosa on valmistatud v\u00e4\u00e4rispuidust, t\u00f6\u00f6deldud \u00f5liga ja valitud tekstuuriga.<\/p>\n<p>Klaaskolb, 250 mm k\u00f5rge, seina paksus 6 mm, kaela sisel\u00e4bim\u00f5\u00f5t 45 mm, metallist v\u00f5lliadapteriga, mis r\u00f5hutab vesipiibu kujundust.<\/p>\n<p><strong>Omadused:<\/strong><br \/>\nVesipiibu koguk\u00f5rgus on 620 mm<br \/>\nKolvi k\u00f5rgus on 260 mm<br \/>\nV\u00f5lli l\u00e4bim\u00f5\u00f5t on 13 mm<br \/>\nSuuliku l\u00e4bim\u00f5\u00f5t - 10 mm<\/p>\n<p><strong>Varustus:<\/strong><br \/>\nV\u00f5ll, plaat, kolb, huulik, silikoonvoolik (1,5 m), \u00fchendus (O r\u00f5ngasr\u00f5ngad), tihendid, difuusor.<\/p>\n<p><strong>Materjalid:<\/strong><br \/>\nPuit, roostevaba teras (toiduaine), alumiiniumisulam (anodeeritud).<\/p>\n<p>Kas teil on k\u00fcsimusi? v\u00f5ta meiega \u00fchendust\u00a0<a href=\"https:\/\/hookahshop.lt\/et\/kontaktid\/\">kontaktide leht<\/a>\u00a0v\u00f5i saatke meile e-kiri aadressil\u00a0<a href=\"https:\/\/facebook.com\/HookahShop.lt\/\" target=\"_blank\" rel=\"noopener noreferrer\">Facebooki konto<\/a>\u00a0ja vastame teie taotlusele samal p\u00e4eval.<\/p>","protected":false},"excerpt":{"rendered":"<p>Vesipiibu JAAPAN Hookah Lotus Red Jaapani vesipiip on br\u00e4nd, mis on p\u00e4lvinud lugupidamise inimeste s\u00fcdames, kes armastavad ja austavad vesipiibu suitsetamise kultuuri. Jaapan on spetsialiseerunud ainulaadsete vesipiipude tootmisele. Suhteliselt v\u00e4ikesed tiraa\u017eid muudavad toote eksklusiivseks ja eksklusiivseks. Kui teile meeldib originaalsus ja stiil, sobib Jaapani vesipiip harmooniliselt teie interj\u00f6\u00f6ri ja muutub teie kuvandi lahutamatuks osaks. [\u2026]<\/p>","protected":false},"featured_media":21240,"comment_status":"open","ping_status":"closed","template":"","meta":[],"_links":{"self":[{"href":"https:\/\/hookahshop.lt\/et\/wp-json\/wp\/v2\/product\/10993"}],"collection":[{"href":"https:\/\/hookahshop.lt\/et\/wp-json\/wp\/v2\/product"}],"about":[{"href":"https:\/\/hookahshop.lt\/et\/wp-json\/wp\/v2\/types\/product"}],"replies":[{"embeddable":true,"href":"https:\/\/hookahshop.lt\/et\/wp-json\/wp\/v2\/comments?post=10993"}],"version-history":[{"count":6,"href":"https:\/\/hookahshop.lt\/et\/wp-json\/wp\/v2\/product\/10993\/revisions"}],"predecessor-version":[{"id":22925,"href":"https:\/\/hookahshop.lt\/et\/wp-json\/wp\/v2\/product\/10993\/revisions\/22925"}],"wp:featuredmedia":[{"embeddable":true,"href":"https:\/\/hookahshop.lt\/et\/wp-json\/wp\/v2\/media\/21240"}],"wp:attachment":[{"href":"https:\/\/hookahshop.lt\/et\/wp-json\/wp\/v2\/media?parent=10993"}],"curies":[{"name":"wp","href":"https:\/\/api.w.org\/{rel}","templated":true}]}}