{"id":11081,"date":"2020-07-29T14:34:48","date_gmt":"2020-07-29T11:34:48","guid":{"rendered":"https:\/\/hookahshop.lt\/?post_type=product&#038;p=11081"},"modified":"2026-04-14T23:28:51","modified_gmt":"2026-04-14T20:28:51","slug":"kaljanas-karma-hookah-3-0-black","status":"publish","type":"product","link":"https:\/\/hookahshop.lt\/et\/toode\/vesipiip-karma-hookah-3-0-black\/","title":{"rendered":"Vesipiip KARMA HOOKAH 3.0 Must"},"content":{"rendered":"<h2>Vesipiip KARMA Vesipiip 3.0 must<\/h2>\n<p>KARMA HOOKAH on esimene ettev\u00f5te, kes laseb v\u00e4lja originaalse Ukraina vesipiibu, kasutades naturaalset puitu. Saate ainulaadse disainiga puidust varre, mille sisemine toru on valmistatud roostevabast terasest l\u00e4bim\u00f5\u00f5duga 14 mm, mis tagab pehme ja meeldiva t\u00f5mbe. Klapp v\u00f5imaldab kolbi h\u00f5lpsalt t\u00fchjendada. KARMA HOOKAH taldrik on \u00e4\u00e4rmiselt ilus ja praktiline.<\/p>\n<p>Omadused:<br \/>\n- Vesipiibu k\u00f5rgus: 66 cm.<br \/>\n- Puidu materjal: saar<\/p>\n<p>Varustus: v\u00f5ll, taldrik, keraamiline anum, tass, tihendid, kleebis, kaubam\u00e4rgiga kast.<\/p>\n<p><img decoding=\"async\" loading=\"lazy\" class=\"alignnone size-medium wp-image-38600\" src=\"https:\/\/hookahshop.lt\/wp-content\/uploads\/2021\/08\/taurele-stiebas-1-300x273.jpg\" alt=\"- hookahshop.lt\" width=\"300\" height=\"273\" srcset=\"https:\/\/hookahshop.lt\/wp-content\/uploads\/2021\/08\/taurele-stiebas-1-300x273.jpg 300w, https:\/\/hookahshop.lt\/wp-content\/uploads\/2021\/08\/taurele-stiebas-1-13x12.jpg 13w, https:\/\/hookahshop.lt\/wp-content\/uploads\/2021\/08\/taurele-stiebas-1-64x58.jpg 64w, https:\/\/hookahshop.lt\/wp-content\/uploads\/2021\/08\/taurele-stiebas-1.jpg 420w\" sizes=\"(max-width: 300px) 100vw, 300px\" title=\"\"><\/p>\n<p>Kas teil on k\u00fcsimusi? v\u00f5ta meiega \u00fchendust\u00a0<a href=\"https:\/\/hookahshop.lt\/et\/kontaktid\/\">kontaktide leht<\/a>\u00a0v\u00f5i saatke meile e-kiri aadressil\u00a0<a href=\"https:\/\/facebook.com\/HookahShop.lt\/\" target=\"_blank\" rel=\"noopener noreferrer\">Facebooki konto<\/a>\u00a0ja vastame teie taotlusele samal p\u00e4eval.<\/p>","protected":false},"excerpt":{"rendered":"<p>Vesipiip KARMA Vesipiibu 3.0 Must KARMA HOOKAH on esimene ettev\u00f5te, kes on v\u00e4lja andnud originaalse Ukraina vesipiibu, kasutades naturaalset puitu. Saate ainulaadse disainiga puidust v\u00f5lli, mille sisemine toru on valmistatud roostevabast terasest l\u00e4bim\u00f5\u00f5duga 14 mm, mis tagab pehme ja meeldiva t\u00f5mbe. Klapp v\u00f5imaldab kolbi kergesti t\u00fchjendada. KARMA HOOKAH taldrik on \u00e4\u00e4rmiselt ilus ja praktiline. Omadused: [\u2026]<\/p>","protected":false},"featured_media":11082,"comment_status":"open","ping_status":"closed","template":"","meta":[],"_links":{"self":[{"href":"https:\/\/hookahshop.lt\/et\/wp-json\/wp\/v2\/product\/11081"}],"collection":[{"href":"https:\/\/hookahshop.lt\/et\/wp-json\/wp\/v2\/product"}],"about":[{"href":"https:\/\/hookahshop.lt\/et\/wp-json\/wp\/v2\/types\/product"}],"replies":[{"embeddable":true,"href":"https:\/\/hookahshop.lt\/et\/wp-json\/wp\/v2\/comments?post=11081"}],"version-history":[{"count":6,"href":"https:\/\/hookahshop.lt\/et\/wp-json\/wp\/v2\/product\/11081\/revisions"}],"predecessor-version":[{"id":34656,"href":"https:\/\/hookahshop.lt\/et\/wp-json\/wp\/v2\/product\/11081\/revisions\/34656"}],"wp:featuredmedia":[{"embeddable":true,"href":"https:\/\/hookahshop.lt\/et\/wp-json\/wp\/v2\/media\/11082"}],"wp:attachment":[{"href":"https:\/\/hookahshop.lt\/et\/wp-json\/wp\/v2\/media?parent=11081"}],"curies":[{"name":"wp","href":"https:\/\/api.w.org\/{rel}","templated":true}]}}