{"id":11087,"date":"2020-07-29T14:40:32","date_gmt":"2020-07-29T11:40:32","guid":{"rendered":"https:\/\/hookahshop.lt\/?post_type=product&#038;p=11087"},"modified":"2026-04-18T23:28:45","modified_gmt":"2026-04-18T20:28:45","slug":"kaljanas-karma-hookah-1-1-black","status":"publish","type":"product","link":"https:\/\/hookahshop.lt\/et\/toode\/vesipiip-karma-hookah-1-1-black\/","title":{"rendered":"Vesipiip KARMA HOOKAH 1.1 Must"},"content":{"rendered":"<h2>Kaljanas KARMA Vesipiip 1.1 Must<\/h2>\n<p>KARMA HOOKAH on esimene ettev\u00f5te, kes laseb v\u00e4lja originaalse Ukraina vesipiibu, kasutades naturaalset puitu. Saate ainulaadse disainiga puidust varre, mille sisemine toru on valmistatud roostevabast terasest l\u00e4bim\u00f5\u00f5duga 14 mm, mis tagab pehme ja meeldiva t\u00f5mbe. Klapp v\u00f5imaldab kolbi h\u00f5lpsalt t\u00fchjendada. KARMA HOOKAH taldrik on \u00e4\u00e4rmiselt ilus ja praktiline.<\/p>\n<p>Karma mudel 1.1 on valmistatud tuhast. Puit on tihe, tugev ja vastupidav, m\u00e4danemiskindel. Lihtne hooldada ja kasutada. Karma 1.1 must t\u00e4hendab j\u00f5udu ja j\u00f5udu. See v\u00e4rv on kaasaegses \u00e4rimaailmas levinud ja sobib selle mudeli jaoks v\u00e4ga h\u00e4sti. Puidust vesipiipu armastajatele on see mudel suurep\u00e4rane kingitus.<\/p>\n<p>Omadused:<br \/>\n- Vesipiibu k\u00f5rgus: 72 cm.<br \/>\n- Puidu materjal: saar<\/p>\n<p>Varustus: v\u00f5ll, taldrik, keraamiline anum, tass, tihendid, kleebis, kaubam\u00e4rgiga kast<\/p>\n<p>Kas teil on k\u00fcsimusi? v\u00f5ta meiega \u00fchendust\u00a0<a href=\"https:\/\/hookahshop.lt\/et\/kontaktid\/\">kontaktide leht<\/a>\u00a0v\u00f5i saatke meile e-kiri aadressil\u00a0<a href=\"https:\/\/facebook.com\/HookahShop.lt\/\" target=\"_blank\" rel=\"noopener noreferrer\">Facebooki konto<\/a>\u00a0ja vastame teie taotlusele samal p\u00e4eval.<\/p>","protected":false},"excerpt":{"rendered":"<p>Vesipiibu KARMA Vesipiibu 1.1 Must KARMA HOOKAH on esimene ettev\u00f5te, mis on v\u00e4lja andnud originaalse Ukraina vesipiibu, kasutades naturaalset puitu. Saate ainulaadse disainiga puidust v\u00f5lli, mille sisemine toru on valmistatud roostevabast terasest l\u00e4bim\u00f5\u00f5duga 14 mm, mis tagab pehme ja meeldiva t\u00f5mbe. Klapp v\u00f5imaldab kolbi kergesti puhuda. KARMA HOOKAH taldrik on \u00e4\u00e4rmiselt ilus ja praktiline. Karma [\u2026]<\/p>","protected":false},"featured_media":11088,"comment_status":"open","ping_status":"closed","template":"","meta":[],"_links":{"self":[{"href":"https:\/\/hookahshop.lt\/et\/wp-json\/wp\/v2\/product\/11087"}],"collection":[{"href":"https:\/\/hookahshop.lt\/et\/wp-json\/wp\/v2\/product"}],"about":[{"href":"https:\/\/hookahshop.lt\/et\/wp-json\/wp\/v2\/types\/product"}],"replies":[{"embeddable":true,"href":"https:\/\/hookahshop.lt\/et\/wp-json\/wp\/v2\/comments?post=11087"}],"version-history":[{"count":6,"href":"https:\/\/hookahshop.lt\/et\/wp-json\/wp\/v2\/product\/11087\/revisions"}],"predecessor-version":[{"id":22930,"href":"https:\/\/hookahshop.lt\/et\/wp-json\/wp\/v2\/product\/11087\/revisions\/22930"}],"wp:featuredmedia":[{"embeddable":true,"href":"https:\/\/hookahshop.lt\/et\/wp-json\/wp\/v2\/media\/11088"}],"wp:attachment":[{"href":"https:\/\/hookahshop.lt\/et\/wp-json\/wp\/v2\/media?parent=11087"}],"curies":[{"name":"wp","href":"https:\/\/api.w.org\/{rel}","templated":true}]}}