{"id":11093,"date":"2020-07-29T14:45:20","date_gmt":"2020-07-29T11:45:20","guid":{"rendered":"https:\/\/hookahshop.lt\/?post_type=product&#038;p=11093"},"modified":"2026-04-17T16:32:59","modified_gmt":"2026-04-17T13:32:59","slug":"kaljanas-karma-hookah-1-1-white","status":"publish","type":"product","link":"https:\/\/hookahshop.lt\/et\/toode\/vesipiip-karma-hookah-1-1-white\/","title":{"rendered":"VESIPIIP KARMA HOOKAH 1.1 Valge"},"content":{"rendered":"<h2>VESIPIIP KARMA Vesipiip 1.1 Valge<\/h2>\n<p>KARMA HOOKAH on esimene ettev\u00f5te, kes laseb v\u00e4lja originaalse Ukraina vesipiibu, kasutades naturaalset puitu. Saate ainulaadse disainiga puidust varre, mille sisemine toru on valmistatud roostevabast terasest l\u00e4bim\u00f5\u00f5duga 14 mm, mis tagab pehme ja meeldiva t\u00f5mbe. Klapp v\u00f5imaldab kolbi h\u00f5lpsalt t\u00fchjendada. KARMA HOOKAH taldrik on \u00e4\u00e4rmiselt ilus ja praktiline.<\/p>\n<p>Karma mudel 1.1 on valmistatud tuhast. Tihe tuhapuit on tugev ja vastupidav, vastupidav m\u00e4danemisele. V\u00f5imas ja p\u00f5hiline valge v\u00e4rv, mis \u00fchendab endas k\u00f5ik k\u00f5rgeimad ja positiivsed v\u00e4\u00e4rtused, sobib selle mudeliga ideaalselt. Puidust vesipiipu armastajatele on see mudel suurep\u00e4rane kingitus.<\/p>\n<p>Omadused:<br \/>\n- Vesipiibu k\u00f5rgus: 72 cm.<br \/>\n- Puidu materjal: saar<\/p>\n<p>Varustus: v\u00f5ll, taldrik, keraamiline anum, tass, tihendid, kleebis, kaubam\u00e4rgiga kast<\/p>\n<p>Kas teil on k\u00fcsimusi? v\u00f5ta meiega \u00fchendust\u00a0<a href=\"https:\/\/hookahshop.lt\/et\/kontaktid\/\">kontaktide leht<\/a>\u00a0v\u00f5i saatke meile e-kiri aadressil\u00a0<a href=\"https:\/\/facebook.com\/HookahShop.lt\/\" target=\"_blank\" rel=\"noopener noreferrer\">Facebooki konto<\/a>\u00a0ja vastame teie taotlusele samal p\u00e4eval.<\/p>","protected":false},"excerpt":{"rendered":"<p>Vesipiip KARMA Vesipiibu 1.1 Valge KARMA HOOKAH on esimene ettev\u00f5te, mis on v\u00e4lja andnud originaalse Ukraina vesipiibu, kasutades naturaalset puitu. Saate ainulaadse disainiga puidust v\u00f5lli, mille sisemine toru on valmistatud roostevabast terasest l\u00e4bim\u00f5\u00f5duga 14 mm, mis tagab pehme ja meeldiva t\u00f5mbe. Klapp v\u00f5imaldab kolbi kergesti t\u00fchjendada. KARMA HOOKAH taldrik on \u00e4\u00e4rmiselt ilus ja praktiline. Karma [\u2026]<\/p>","protected":false},"featured_media":11094,"comment_status":"open","ping_status":"closed","template":"","meta":[],"_links":{"self":[{"href":"https:\/\/hookahshop.lt\/et\/wp-json\/wp\/v2\/product\/11093"}],"collection":[{"href":"https:\/\/hookahshop.lt\/et\/wp-json\/wp\/v2\/product"}],"about":[{"href":"https:\/\/hookahshop.lt\/et\/wp-json\/wp\/v2\/types\/product"}],"replies":[{"embeddable":true,"href":"https:\/\/hookahshop.lt\/et\/wp-json\/wp\/v2\/comments?post=11093"}],"version-history":[{"count":7,"href":"https:\/\/hookahshop.lt\/et\/wp-json\/wp\/v2\/product\/11093\/revisions"}],"predecessor-version":[{"id":34539,"href":"https:\/\/hookahshop.lt\/et\/wp-json\/wp\/v2\/product\/11093\/revisions\/34539"}],"wp:featuredmedia":[{"embeddable":true,"href":"https:\/\/hookahshop.lt\/et\/wp-json\/wp\/v2\/media\/11094"}],"wp:attachment":[{"href":"https:\/\/hookahshop.lt\/et\/wp-json\/wp\/v2\/media?parent=11093"}],"curies":[{"name":"wp","href":"https:\/\/api.w.org\/{rel}","templated":true}]}}