{"id":11128,"date":"2020-07-29T15:57:03","date_gmt":"2020-07-29T12:57:03","guid":{"rendered":"https:\/\/hookahshop.lt\/?post_type=product&#038;p=11128"},"modified":"2026-04-17T23:29:33","modified_gmt":"2026-04-17T20:29:33","slug":"tarpine-kaljano-taurelei-blade-black","status":"publish","type":"product","link":"https:\/\/hookahshop.lt\/et\/toode\/vesipiibutopsi-tihend-blade-black\/","title":{"rendered":"Tihend vesipiibutopsi jaoks BLADE Must"},"content":{"rendered":"<h2>Tihend vesipiibutopsi jaoks BLADE Must<\/h2>\n<p>See kinnitus aitab tassi kindlalt vesipiibu k\u00fclge kinnitada.<\/p>\n<p>V\u00e4rvus must<\/p>\n<p>Kas teil on k\u00fcsimusi? v\u00f5ta meiega \u00fchendust\u00a0<a href=\"https:\/\/hookahshop.lt\/et\/kontaktid\/\">kontaktide leht<\/a>\u00a0v\u00f5i saatke meile e-kiri aadressil\u00a0<a href=\"https:\/\/facebook.com\/HookahShop.lt\/\" target=\"_blank\" rel=\"noopener noreferrer\">Facebooki konto<\/a>\u00a0ja vastame teie taotlusele samal p\u00e4eval.<\/p>","protected":false},"excerpt":{"rendered":"<p>Vesipiibutopsi tihend BLADE Black See tarvik aitab tassi kindlalt vesipiibu k\u00fclge kinnitada. V\u00e4rv: must Kas on k\u00fcsimusi? V\u00f5tke meiega \u00fchendust kontaktide lehel v\u00f5i kirjutage meile oma Facebooki kontol ja vastame teie p\u00e4ringule samal p\u00e4eval.<\/p>","protected":false},"featured_media":13851,"comment_status":"open","ping_status":"closed","template":"","meta":[],"_links":{"self":[{"href":"https:\/\/hookahshop.lt\/et\/wp-json\/wp\/v2\/product\/11128"}],"collection":[{"href":"https:\/\/hookahshop.lt\/et\/wp-json\/wp\/v2\/product"}],"about":[{"href":"https:\/\/hookahshop.lt\/et\/wp-json\/wp\/v2\/types\/product"}],"replies":[{"embeddable":true,"href":"https:\/\/hookahshop.lt\/et\/wp-json\/wp\/v2\/comments?post=11128"}],"version-history":[{"count":3,"href":"https:\/\/hookahshop.lt\/et\/wp-json\/wp\/v2\/product\/11128\/revisions"}],"predecessor-version":[{"id":19823,"href":"https:\/\/hookahshop.lt\/et\/wp-json\/wp\/v2\/product\/11128\/revisions\/19823"}],"wp:featuredmedia":[{"embeddable":true,"href":"https:\/\/hookahshop.lt\/et\/wp-json\/wp\/v2\/media\/13851"}],"wp:attachment":[{"href":"https:\/\/hookahshop.lt\/et\/wp-json\/wp\/v2\/media?parent=11128"}],"curies":[{"name":"wp","href":"https:\/\/api.w.org\/{rel}","templated":true}]}}