{"id":11135,"date":"2020-07-29T16:00:51","date_gmt":"2020-07-29T13:00:51","guid":{"rendered":"https:\/\/hookahshop.lt\/?post_type=product&#038;p=11135"},"modified":"2026-04-07T23:29:24","modified_gmt":"2026-04-07T20:29:24","slug":"tarpine-kaljano-taurelei-white","status":"publish","type":"product","link":"https:\/\/hookahshop.lt\/et\/toode\/vesipiibutopsi-tihend-white\/","title":{"rendered":"Vesipiibutopsi tihend Valge"},"content":{"rendered":"<h2>Vesipiibutopsi tihend Valge<\/h2>\n<p>See kinnitus aitab tassi vesipiibu k\u00fclge kinnitada. Silikoontihend tassi jaoks.<br \/>\nV\u00e4rv: valge<\/p>\n<p>Kas teil on k\u00fcsimusi? v\u00f5ta meiega \u00fchendust\u00a0<a href=\"https:\/\/hookahshop.lt\/et\/kontaktid\/\">kontaktide leht<\/a>\u00a0v\u00f5i saatke meile e-kiri aadressil\u00a0<a href=\"https:\/\/facebook.com\/HookahShop.lt\/\" target=\"_blank\" rel=\"noopener noreferrer\">Facebooki konto<\/a>\u00a0ja vastame teie taotlusele samal p\u00e4eval.<\/p>","protected":false},"excerpt":{"rendered":"<p>Valge konksu konks See tarvik aitab topsi konksu k\u00fclge kinnitada. Silikoontihend tassi jaoks. V\u00e4rv: valge Kas teil on k\u00fcsimusi? V\u00f5tke meiega \u00fchendust kontaktide lehel v\u00f5i kirjutage meile oma Facebooki kontol ja vastame teie p\u00e4ringule samal p\u00e4eval.<\/p>","protected":false},"featured_media":11136,"comment_status":"open","ping_status":"closed","template":"","meta":[],"_links":{"self":[{"href":"https:\/\/hookahshop.lt\/et\/wp-json\/wp\/v2\/product\/11135"}],"collection":[{"href":"https:\/\/hookahshop.lt\/et\/wp-json\/wp\/v2\/product"}],"about":[{"href":"https:\/\/hookahshop.lt\/et\/wp-json\/wp\/v2\/types\/product"}],"replies":[{"embeddable":true,"href":"https:\/\/hookahshop.lt\/et\/wp-json\/wp\/v2\/comments?post=11135"}],"version-history":[{"count":5,"href":"https:\/\/hookahshop.lt\/et\/wp-json\/wp\/v2\/product\/11135\/revisions"}],"predecessor-version":[{"id":43085,"href":"https:\/\/hookahshop.lt\/et\/wp-json\/wp\/v2\/product\/11135\/revisions\/43085"}],"wp:featuredmedia":[{"embeddable":true,"href":"https:\/\/hookahshop.lt\/et\/wp-json\/wp\/v2\/media\/11136"}],"wp:attachment":[{"href":"https:\/\/hookahshop.lt\/et\/wp-json\/wp\/v2\/media?parent=11135"}],"curies":[{"name":"wp","href":"https:\/\/api.w.org\/{rel}","templated":true}]}}