{"id":11202,"date":"2020-08-04T17:04:51","date_gmt":"2020-08-04T14:04:51","guid":{"rendered":"https:\/\/hookahshop.lt\/?post_type=product&#038;p=11202"},"modified":"2026-04-17T16:32:59","modified_gmt":"2026-04-17T13:32:59","slug":"kaljanas-japona-hoohah-shuriken-brown","status":"publish","type":"product","link":"https:\/\/hookahshop.lt\/et\/toode\/vesipiip-japona-hoohah-shuriken-brown\/","title":{"rendered":"Vesipiip JAAPAN HOOKAH Shuriken Brown"},"content":{"rendered":"<h2>Kaljanas JAAPAN Hoohah Shuriken Brown<\/h2>\n<p>&quot;Jaapan&quot; vesipiip on br\u00e4nd, mis on p\u00e4lvinud lugupidamise inimeste s\u00fcdames, kes armastavad ja austavad vesipiibu suitsetamise kultuuri. Jaapan on spetsialiseerunud ainulaadsete vesipiipude tootmisele. Suhteliselt v\u00e4ikesed tiraa\u017eid muudavad toote eksklusiivseks ja eksklusiivseks. Kui teile meeldib originaalsus ja stiil, sobib &quot;Jaapani&quot; vesipiip harmooniliselt teie interj\u00f6\u00f6ri ja muutub teie pildi lahutamatuks osaks.<\/p>\n<p>Vesipiibu vars &quot;Shuriken&quot; on lahti keeratav ja tugev 720 mm pikk. V\u00f5lli keskosa on t\u00e4isroostevabast terasest toru sisel\u00e4bim\u00f5\u00f5duga 13 mm, dekoratiivosa on valmistatud v\u00e4\u00e4rispuidust, t\u00f6\u00f6deldud \u00f5lidega ja valitud tekstuuriga.<\/p>\n<p>Klaaskolb, 250 mm k\u00f5rge, seina paksus 6 mm, kaela sisel\u00e4bim\u00f5\u00f5t 45 mm, metallist v\u00f5lliadapteriga, mis r\u00f5hutab vesipiibu kujundust.<br \/>\nErakordne kolmeosaline plaadikujundus! Puitplaadi v\u00e4lisl\u00e4bim\u00f5\u00f5t on 180 mm, metallplaat on 150 mm ja terasest kaitseketas on 120 mm. Puidu tekstuur sobib v\u00f5lli v\u00e4rviga.<br \/>\nHuuliku dekoratiivne osa on valmistatud kallist puidust, ilusa tekstuuriga, sobitatuna v\u00f5lli v\u00e4rviga. Sellel on kaks musta tsingitud kattega kaitsepihustit ja 10 mm l\u00e4bim\u00f5\u00f5duga roostevabast terasest toru.<\/p>\n<p>\u00dchendus O-r\u00f5nga sisel\u00e4bim\u00f5\u00f5t 12 mm.<br \/>\n10 mm sisel\u00e4bim\u00f5\u00f5duga puhastusventiil muudab kolvis oleva suitsu h\u00f5lpsaks puhumiseks.<br \/>\nKullatud Jaapani vesipiibu logo tagab selle vesipiibu autentsuse ja kinnitab kampaania kvaliteedim\u00e4rki.<\/p>\n<p><strong>Omadused:<\/strong><br \/>\nVesipiibu koguk\u00f5rgus on 720 mm<br \/>\nKolvi k\u00f5rgus on 260 mm<br \/>\nVarre l\u00e4bim\u00f5\u00f5t on 13 mm<br \/>\nHuuliku l\u00e4bim\u00f5\u00f5t on 10 mm<\/p>\n<p><strong>Varustus:<\/strong><br \/>\nV\u00f5ll, plaat, kolb, huulik, silikoonvoolik (1,5 m), pistik (O-r\u00f5nga r\u00f5ngad), tihendid.<\/p>\n<p><strong>Materjalid:<\/strong><br \/>\nPuit, roostevaba teras (toiduaine), alumiiniumisulam (anodeeritud).<\/p>\n<p>Kas teil on k\u00fcsimusi? v\u00f5ta meiega \u00fchendust\u00a0<a href=\"https:\/\/hookahshop.lt\/et\/kontaktid\/\">kontaktide leht<\/a>\u00a0v\u00f5i saatke meile e-kiri aadressil\u00a0<a href=\"https:\/\/facebook.com\/HookahShop.lt\/\" target=\"_blank\" rel=\"noopener noreferrer\">Facebooki konto<\/a>\u00a0ja vastame teie taotlusele samal p\u00e4eval.<\/p>","protected":false},"excerpt":{"rendered":"<p>Vesipiibu JAAPAN Hoohah Shuriken Brown &quot;Jaapani&quot; vesipiip on br\u00e4nd, mis on p\u00e4lvinud lugupidamise inimeste s\u00fcdames, kes armastavad ja austavad vesipiibu suitsetamise kultuuri. Jaapan on spetsialiseerunud ainulaadsete vesipiipude tootmisele. Suhteliselt v\u00e4ikesed tiraa\u017eid muudavad toote eksklusiivseks ja eksklusiivseks. Kui teile meeldib originaalsus ja stiil, sobib Jaapani vesipiip harmooniliselt teie interj\u00f6\u00f6ri ja muutub teie kuvandi lahutamatuks osaks. [\u2026]<\/p>","protected":false},"featured_media":11203,"comment_status":"open","ping_status":"closed","template":"","meta":[],"_links":{"self":[{"href":"https:\/\/hookahshop.lt\/et\/wp-json\/wp\/v2\/product\/11202"}],"collection":[{"href":"https:\/\/hookahshop.lt\/et\/wp-json\/wp\/v2\/product"}],"about":[{"href":"https:\/\/hookahshop.lt\/et\/wp-json\/wp\/v2\/types\/product"}],"replies":[{"embeddable":true,"href":"https:\/\/hookahshop.lt\/et\/wp-json\/wp\/v2\/comments?post=11202"}],"version-history":[{"count":4,"href":"https:\/\/hookahshop.lt\/et\/wp-json\/wp\/v2\/product\/11202\/revisions"}],"predecessor-version":[{"id":22920,"href":"https:\/\/hookahshop.lt\/et\/wp-json\/wp\/v2\/product\/11202\/revisions\/22920"}],"wp:featuredmedia":[{"embeddable":true,"href":"https:\/\/hookahshop.lt\/et\/wp-json\/wp\/v2\/media\/11203"}],"wp:attachment":[{"href":"https:\/\/hookahshop.lt\/et\/wp-json\/wp\/v2\/media?parent=11202"}],"curies":[{"name":"wp","href":"https:\/\/api.w.org\/{rel}","templated":true}]}}