{"id":11373,"date":"2020-08-11T18:16:28","date_gmt":"2020-08-11T15:16:28","guid":{"rendered":"https:\/\/hookahshop.lt\/?post_type=product&#038;p=11373"},"modified":"2026-04-16T10:21:07","modified_gmt":"2026-04-16T07:21:07","slug":"kolba-kaljanui-bigmaks-rainbow-grey","status":"publish","type":"product","link":"https:\/\/hookahshop.lt\/et\/toode\/kolb-vesipiibu-bigmaks-rainbow-grey\/","title":{"rendered":"Kolb vesipiibule BIGMAKS Rainbow Grey"},"content":{"rendered":"<h2>Kolb vesipiibule BIGMAKS Rainbow Grey<\/h2>\n<p>See kolb on valmistatud toidust, v\u00e4rvilisest, klaasist ja paistab silma oma vastupidavuse poolest. Kolb ei ole v\u00e4rvitud, mis t\u00e4hendab, et see teenib teid palju aastaid.<\/p>\n<p><strong><span title=\"\">Spetsifikatsioonid:<\/span><\/strong><br \/>\nK\u00f5rgus: 248 mm<br \/>\nKaal: ~ 1390 g<br \/>\nKurgu v\u00e4lisl\u00e4bim\u00f5\u00f5t: 71 mm<br \/>\nSisemine k\u00f5ri l\u00e4bim\u00f5\u00f5t: 45 mm<br \/>\nToote materjal: klaas<\/p>\n<p>Kas teil on k\u00fcsimusi? v\u00f5ta meiega \u00fchendust <a href=\"https:\/\/hookahshop.lt\/et\/kontaktid\/\">kontaktide leht<\/a> v\u00f5i saatke meile e-kiri aadressil <a href=\"https:\/\/facebook.com\/HookahShop.lt\/\" target=\"_blank\" rel=\"noopener noreferrer\">Facebooki konto<\/a> ja vastame teie taotlusele samal p\u00e4eval.<\/p>","protected":false},"excerpt":{"rendered":"<p>Kolba kaljanui BIGMAKS Rainbow Grey \u0160i kolba pagaminta i\u0161 maistinio, spalvoto, stiklo ir i\u0161siskiria patvarumu. Kolba n\u0117ra da\u017eyta, vadinasi, ji tarnaus jums daugel\u012f met\u0173. Specifikacijos: Auk\u0161tis: 248 mm Svoris: ~ 1390 g I\u0161orinis gerkl\u0117s skersmuo: 71 mm Vidinis gerkl\u0117s skersmuo: 45mm Gaminio med\u017eiaga: stiklas Turite klausim\u0173? Susisiekite su mumis kontakt\u0173 puslapyje arba para\u0161ykite mums \u012f [&hellip;]<\/p>","protected":false},"featured_media":11375,"comment_status":"open","ping_status":"closed","template":"","meta":[],"_links":{"self":[{"href":"https:\/\/hookahshop.lt\/et\/wp-json\/wp\/v2\/product\/11373"}],"collection":[{"href":"https:\/\/hookahshop.lt\/et\/wp-json\/wp\/v2\/product"}],"about":[{"href":"https:\/\/hookahshop.lt\/et\/wp-json\/wp\/v2\/types\/product"}],"replies":[{"embeddable":true,"href":"https:\/\/hookahshop.lt\/et\/wp-json\/wp\/v2\/comments?post=11373"}],"version-history":[{"count":6,"href":"https:\/\/hookahshop.lt\/et\/wp-json\/wp\/v2\/product\/11373\/revisions"}],"predecessor-version":[{"id":45080,"href":"https:\/\/hookahshop.lt\/et\/wp-json\/wp\/v2\/product\/11373\/revisions\/45080"}],"wp:featuredmedia":[{"embeddable":true,"href":"https:\/\/hookahshop.lt\/et\/wp-json\/wp\/v2\/media\/11375"}],"wp:attachment":[{"href":"https:\/\/hookahshop.lt\/et\/wp-json\/wp\/v2\/media?parent=11373"}],"curies":[{"name":"wp","href":"https:\/\/api.w.org\/{rel}","templated":true}]}}