{"id":11380,"date":"2020-08-11T18:22:17","date_gmt":"2020-08-11T15:22:17","guid":{"rendered":"https:\/\/hookahshop.lt\/?post_type=product&#038;p=11380"},"modified":"2026-04-09T12:28:48","modified_gmt":"2026-04-09T09:28:48","slug":"kolba-kaljanui-hookahtree-c3-pearl","status":"publish","type":"product","link":"https:\/\/hookahshop.lt\/et\/toode\/kolb-vesipiibu-hookahtree-c3-pearl\/","title":{"rendered":"Kolb kiilasp\u00e4isuse vastu HOOKAHTREE C3 Pearl"},"content":{"rendered":"<h2>Kolb kiilasp\u00e4isuse vastu HOOKAHTREE C3 Pearl<\/h2>\n<p>Apytiksliai 5 mm stiklin\u0117s \u201eHookahTree C3\u201c kaljano kolbos stiklas yra pagamintas tik rankomis. Kolba pagaminta \u201epiramid\u0117s\u201c stiliumi ir puikiai atrodo ant bet kokio kaljano. Vandens lygis yra patogiai reguliuojamas.<\/p>\n<p><strong><span title=\"\">Spetsifikatsioonid:<\/span><\/strong><br \/>\nK\u00f5rgus: 253 mm<br \/>\nSvoris: ~ 1640 g<br \/>\nKurgu v\u00e4lisl\u00e4bim\u00f5\u00f5t: 69 mm<br \/>\nSisemine k\u00f5ri l\u00e4bim\u00f5\u00f5t: 46 mm<br \/>\nToote materjal: klaas<\/p>\n<p>Kas teil on k\u00fcsimusi? v\u00f5ta meiega \u00fchendust <a href=\"https:\/\/hookahshop.lt\/et\/kontaktid\/\">kontaktide leht<\/a> v\u00f5i saatke meile e-kiri aadressil <a href=\"https:\/\/facebook.com\/HookahShop.lt\/\" target=\"_blank\" rel=\"noopener noreferrer\">Facebooki konto<\/a> ja vastame teie taotlusele samal p\u00e4eval.<\/p>","protected":false},"excerpt":{"rendered":"<p>Kolba kaljanui HOOKAHTREE C3 Pearl Apytiksliai 5 mm stiklin\u0117s \u201eHookahTree C3\u201c kaljano kolbos stiklas yra pagamintas tik rankomis. Kolba pagaminta \u201epiramid\u0117s\u201c stiliumi ir puikiai atrodo ant bet kokio kaljano. Vandens lygis yra patogiai reguliuojamas. Specifikacijos: Auk\u0161tis: 253 mm Svoris: ~ 1640 g I\u0161orinis gerkl\u0117s skersmuo: 69 mm Vidinis gerkl\u0117s skersmuo: 46mm Gaminio med\u017eiaga: stiklas Turite [&hellip;]<\/p>","protected":false},"featured_media":11381,"comment_status":"open","ping_status":"closed","template":"","meta":[],"_links":{"self":[{"href":"https:\/\/hookahshop.lt\/et\/wp-json\/wp\/v2\/product\/11380"}],"collection":[{"href":"https:\/\/hookahshop.lt\/et\/wp-json\/wp\/v2\/product"}],"about":[{"href":"https:\/\/hookahshop.lt\/et\/wp-json\/wp\/v2\/types\/product"}],"replies":[{"embeddable":true,"href":"https:\/\/hookahshop.lt\/et\/wp-json\/wp\/v2\/comments?post=11380"}],"version-history":[{"count":7,"href":"https:\/\/hookahshop.lt\/et\/wp-json\/wp\/v2\/product\/11380\/revisions"}],"predecessor-version":[{"id":45024,"href":"https:\/\/hookahshop.lt\/et\/wp-json\/wp\/v2\/product\/11380\/revisions\/45024"}],"wp:featuredmedia":[{"embeddable":true,"href":"https:\/\/hookahshop.lt\/et\/wp-json\/wp\/v2\/media\/11381"}],"wp:attachment":[{"href":"https:\/\/hookahshop.lt\/et\/wp-json\/wp\/v2\/media?parent=11380"}],"curies":[{"name":"wp","href":"https:\/\/api.w.org\/{rel}","templated":true}]}}