{"id":11386,"date":"2020-08-11T18:26:11","date_gmt":"2020-08-11T15:26:11","guid":{"rendered":"https:\/\/hookahshop.lt\/?post_type=product&#038;p=11386"},"modified":"2026-04-09T12:28:49","modified_gmt":"2026-04-09T09:28:49","slug":"kolba-kaljanui-njn-hookah-tinted","status":"publish","type":"product","link":"https:\/\/hookahshop.lt\/et\/toode\/kolb-vesipiibu-njn-hookah-tinted\/","title":{"rendered":"Kolb kiilasp\u00e4isuse vastu NJN HOOKAH Toonitud"},"content":{"rendered":"<h2>Kolb kiilasp\u00e4isuse vastu NJN HOOKAH Toonitud<\/h2>\n<p id=\"tw-target-text\" class=\"tw-data-text tw-text-large XcVN5d tw-ta\" dir=\"ltr\" data-placeholder=\"Vertimas\"><span lang=\"lt\">NJN Hookah on Venemaa kaubam\u00e4rk, mis on vesipiibu termoseid tootnud alates 2013. aastast. <\/span><span lang=\"lt\">Vesipiibu kolb NJN on valmistatud k\u00e4sitsi. <\/span><span lang=\"lt\">NJ vormist on saanud parim kodu- ja vesipiibukeha valik.<\/span><\/p>\n<p><strong><span title=\"\">Spetsifikatsioonid:<\/span><\/strong><br \/>\nK\u00f5rgus: 260 mm<br \/>\nKaal: ~ 1790 g<br \/>\nV\u00e4lisl\u00e4bim\u00f5\u00f5t: 69 mm<br \/>\nSisel\u00e4bim\u00f5\u00f5t: 46 mm<br \/>\nToote materjal: klaas<\/p>\n<p class=\"tw-data-text tw-text-large XcVN5d tw-ta\" dir=\"ltr\" data-placeholder=\"Vertimas\">Kas teil on k\u00fcsimusi? v\u00f5ta meiega \u00fchendust <a href=\"https:\/\/hookahshop.lt\/et\/kontaktid\/\">kontaktide leht<\/a> v\u00f5i saatke meile e-kiri aadressil <a href=\"https:\/\/facebook.com\/HookahShop.lt\/\" target=\"_blank\" rel=\"noopener noreferrer\">Facebooki konto<\/a> ja vastame teie taotlusele samal p\u00e4eval.<\/p>","protected":false},"excerpt":{"rendered":"<p>Kolba kaljanui NJN HOOKAH Tinted \u201eNJN Hookah\u201c yra Rusijos prek\u0117s \u017eenklas, kuris prad\u0117jo gaminti kaljano kolbas nuo 2013 m. Kaljano kolba NJN gaminama rankomis. NJ forma tapo geriausia nam\u0173 ir kaljan\u0173 \u012fstaigos pasirinkimu. Specifikacijos: Auk\u0161tis: 260 mm Svoris: ~ 1790 g I\u0161orinis skersmuo: 69 mm Vidinis skersmuo: 46 mm Gaminio med\u017eiaga: stiklas Turite klausim\u0173? Susisiekite [&hellip;]<\/p>","protected":false},"featured_media":42402,"comment_status":"open","ping_status":"closed","template":"","meta":[],"_links":{"self":[{"href":"https:\/\/hookahshop.lt\/et\/wp-json\/wp\/v2\/product\/11386"}],"collection":[{"href":"https:\/\/hookahshop.lt\/et\/wp-json\/wp\/v2\/product"}],"about":[{"href":"https:\/\/hookahshop.lt\/et\/wp-json\/wp\/v2\/types\/product"}],"replies":[{"embeddable":true,"href":"https:\/\/hookahshop.lt\/et\/wp-json\/wp\/v2\/comments?post=11386"}],"version-history":[{"count":6,"href":"https:\/\/hookahshop.lt\/et\/wp-json\/wp\/v2\/product\/11386\/revisions"}],"predecessor-version":[{"id":45023,"href":"https:\/\/hookahshop.lt\/et\/wp-json\/wp\/v2\/product\/11386\/revisions\/45023"}],"wp:featuredmedia":[{"embeddable":true,"href":"https:\/\/hookahshop.lt\/et\/wp-json\/wp\/v2\/media\/42402"}],"wp:attachment":[{"href":"https:\/\/hookahshop.lt\/et\/wp-json\/wp\/v2\/media?parent=11386"}],"curies":[{"name":"wp","href":"https:\/\/api.w.org\/{rel}","templated":true}]}}