{"id":11394,"date":"2020-08-11T18:29:57","date_gmt":"2020-08-11T15:29:57","guid":{"rendered":"https:\/\/hookahshop.lt\/?post_type=product&#038;p=11394"},"modified":"2026-04-14T23:29:08","modified_gmt":"2026-04-14T20:29:08","slug":"kolba-kaljanui-njn-hookah-nj-cut-clear","status":"publish","type":"product","link":"https:\/\/hookahshop.lt\/et\/toode\/kolb-vesipiibu-njn-hookah-nj-cut-clear\/","title":{"rendered":"Kolb vesipiibule NJN HOOKAH NJ L\u00f5ika selge"},"content":{"rendered":"<h2>Kolb vesipiibule NJN HOOKAH NJ L\u00f5ika selge<\/h2>\n<p id=\"tw-target-text\" class=\"tw-data-text tw-text-large XcVN5d tw-ta\" dir=\"ltr\" data-placeholder=\"Vertimas\"><span lang=\"lt\">NJN Hookah on Venemaa kaubam\u00e4rk, mis on valmistanud vesipiibu kolbe alates 2013. aastast<\/span><\/p>\n<p class=\"tw-data-text tw-text-large XcVN5d tw-ta\" dir=\"ltr\" data-placeholder=\"Vertimas\"><span lang=\"lt\">Vesipiibu kolb NJN on valmistatud k\u00e4sitsi.<\/span><\/p>\n<p class=\"tw-data-text tw-text-large XcVN5d tw-ta\" dir=\"ltr\" data-placeholder=\"Vertimas\"><span lang=\"lt\">NJ vormist on saanud parim kodu- ja vesipiibukeha valik.<\/span><\/p>\n<p class=\"tw-data-text tw-text-large XcVN5d tw-ta\" dir=\"ltr\" data-placeholder=\"Vertimas\"><strong><span title=\"\">Spetsifikatsioonid:<\/span><\/strong><\/p>\n<p>K\u00f5rgus: 260 mm<br \/>\nKaal: ~ 1790 g<br \/>\nV\u00e4lisl\u00e4bim\u00f5\u00f5t: 69 mm<br \/>\nSisel\u00e4bim\u00f5\u00f5t: 46 mm<br \/>\nToote materjal: klaas<\/p>\n<p>Kas teil on k\u00fcsimusi? v\u00f5ta meiega \u00fchendust <a href=\"https:\/\/hookahshop.lt\/et\/kontaktid\/\">kontaktide leht<\/a> v\u00f5i saatke meile e-kiri aadressil <a href=\"https:\/\/facebook.com\/HookahShop.lt\/\" target=\"_blank\" rel=\"noopener noreferrer\">Facebooki konto<\/a> ja vastame teie taotlusele samal p\u00e4eval.<\/p>","protected":false},"excerpt":{"rendered":"<p>Kolba kaljanui NJN HOOKAH NJ Cut Clear \u201eNJN Hookah\u201c yra Rusijos prek\u0117s \u017eenklas, kuris prad\u0117jo gaminti kaljano kolbas nuo 2013 m Kaljano kolba NJN gaminama rankomis. NJ forma tapo geriausia nam\u0173 ir kaljan\u0173 \u012fstaigos pasirinkimu. Specifikacijos: Auk\u0161tis: 260 mm Svoris: ~ 1790 g I\u0161orinis skersmuo: 69 mm Vidinis skersmuo: 46 mm Gaminio med\u017eiaga: stiklas Turite [&hellip;]<\/p>","protected":false},"featured_media":11395,"comment_status":"open","ping_status":"closed","template":"","meta":[],"_links":{"self":[{"href":"https:\/\/hookahshop.lt\/et\/wp-json\/wp\/v2\/product\/11394"}],"collection":[{"href":"https:\/\/hookahshop.lt\/et\/wp-json\/wp\/v2\/product"}],"about":[{"href":"https:\/\/hookahshop.lt\/et\/wp-json\/wp\/v2\/types\/product"}],"replies":[{"embeddable":true,"href":"https:\/\/hookahshop.lt\/et\/wp-json\/wp\/v2\/comments?post=11394"}],"version-history":[{"count":7,"href":"https:\/\/hookahshop.lt\/et\/wp-json\/wp\/v2\/product\/11394\/revisions"}],"predecessor-version":[{"id":45146,"href":"https:\/\/hookahshop.lt\/et\/wp-json\/wp\/v2\/product\/11394\/revisions\/45146"}],"wp:featuredmedia":[{"embeddable":true,"href":"https:\/\/hookahshop.lt\/et\/wp-json\/wp\/v2\/media\/11395"}],"wp:attachment":[{"href":"https:\/\/hookahshop.lt\/et\/wp-json\/wp\/v2\/media?parent=11394"}],"curies":[{"name":"wp","href":"https:\/\/api.w.org\/{rel}","templated":true}]}}