{"id":11401,"date":"2020-08-11T18:39:59","date_gmt":"2020-08-11T15:39:59","guid":{"rendered":"https:\/\/hookahshop.lt\/?post_type=product&#038;p=11401"},"modified":"2026-04-14T23:28:47","modified_gmt":"2026-04-14T20:28:47","slug":"kaljanas-first-hookah-core-light","status":"publish","type":"product","link":"https:\/\/hookahshop.lt\/et\/toode\/vesipiip-first-hookah-core-light\/","title":{"rendered":"Vesipiip FIRST HOOKAH Core Light"},"content":{"rendered":"<h2>Vesipiip FIRST Hookah Core Light<\/h2>\n<p>See on Premium Hookah segmendi mudeli eelarveversioon.<\/p>\n<p>Stiilne ja minimalistlik v\u00e4limus.<\/p>\n<p>Selle mudeli peamine omadus on paisutamine, k\u00fclgede vahetamine muudab puhastusklapi v\u00e4ljalaskepunkti. Kui kaas on asetatud \u00fchele k\u00fcljele - suits v\u00e4ljub l\u00e4bi v\u00f5lli aluse, p\u00f6\u00f6rates kaunistust - suitsu v\u00e4ljumiskoht j\u00e4\u00e4b plaadi alla.<\/p>\n<p>First Hookah Core Lightil on lasergraveeritud roostevabast terasest ja pol\u00fcatsetaalist valmistatud s\u00fcmbolid.<\/p>\n<p>Omadused:<br \/>\nVesipiibu kaal: ~ 1300 gr<br \/>\nVesipiibu k\u00f5rgus: 500 mm<br \/>\nRoostevaba teras, D13 mm<br \/>\nPeamine materjal: pol\u00fcatsetaal<br \/>\nVoolikupistik: Oring<br \/>\nRoostevaba teras<br \/>\nHajuti: eemaldatav<br \/>\nSuuosa: graveeritud roostevaba teras<br \/>\nHuuliku pikkus: 330 mm, D10 mm<br \/>\nVoolik: silikoon<br \/>\nVooliku pikkus: 1500mm<\/p>\n<p>Varustus:<br \/>\nV\u00f5ll, plaat, huulik, voolik, difuusor, vooliku\u00fchendus, tihendid.<\/p>\n<p>Kas teil on k\u00fcsimusi? v\u00f5ta meiega \u00fchendust <a href=\"https:\/\/hookahshop.lt\/et\/kontaktid\/\">kontaktide leht<\/a> v\u00f5i saatke meile e-kiri aadressil <a href=\"https:\/\/facebook.com\/HookahShop.lt\/\" target=\"_blank\" rel=\"noopener noreferrer\">Facebooki konto<\/a> ja vastame teie taotlusele samal p\u00e4eval.<\/p>","protected":false},"excerpt":{"rendered":"<p>Vesipiibu FIRST Hookah Core Light See on Premium Hookah segmendi mudeli eelarveversioon. Stiilne ja minimalistlik v\u00e4limus. Selle mudeli peamine omadus on paisutamine, k\u00fclgede vahetamine muudab puhastusklapi v\u00e4ljalaskepunkti. Kui kaas on asetatud \u00fchele k\u00fcljele - suits v\u00e4ljub l\u00e4bi v\u00f5lli aluse, p\u00f6\u00f6rates kaunistust - suitsu v\u00e4ljumiskoht j\u00e4\u00e4b plaadi alla. Esimene Hookah Core Light [\u2026]<\/p>","protected":false},"featured_media":11402,"comment_status":"open","ping_status":"closed","template":"","meta":[],"_links":{"self":[{"href":"https:\/\/hookahshop.lt\/et\/wp-json\/wp\/v2\/product\/11401"}],"collection":[{"href":"https:\/\/hookahshop.lt\/et\/wp-json\/wp\/v2\/product"}],"about":[{"href":"https:\/\/hookahshop.lt\/et\/wp-json\/wp\/v2\/types\/product"}],"replies":[{"embeddable":true,"href":"https:\/\/hookahshop.lt\/et\/wp-json\/wp\/v2\/comments?post=11401"}],"version-history":[{"count":5,"href":"https:\/\/hookahshop.lt\/et\/wp-json\/wp\/v2\/product\/11401\/revisions"}],"predecessor-version":[{"id":37383,"href":"https:\/\/hookahshop.lt\/et\/wp-json\/wp\/v2\/product\/11401\/revisions\/37383"}],"wp:featuredmedia":[{"embeddable":true,"href":"https:\/\/hookahshop.lt\/et\/wp-json\/wp\/v2\/media\/11402"}],"wp:attachment":[{"href":"https:\/\/hookahshop.lt\/et\/wp-json\/wp\/v2\/media?parent=11401"}],"curies":[{"name":"wp","href":"https:\/\/api.w.org\/{rel}","templated":true}]}}