{"id":11428,"date":"2020-08-14T13:21:52","date_gmt":"2020-08-14T10:21:52","guid":{"rendered":"https:\/\/hookahshop.lt\/?post_type=product&#038;p=11428"},"modified":"2026-04-14T23:28:40","modified_gmt":"2026-04-14T20:28:40","slug":"anglys-kaljanui-tom-coco-gold-25mm-1-kg","status":"publish","type":"product","link":"https:\/\/hookahshop.lt\/et\/toode\/susi-vesipiibule-tom-coco-gold-25mm-1-kg\/","title":{"rendered":"S\u00fcsi vesipiibule TOM COCO Gold 25mm 1 kg"},"content":{"rendered":"<h2>S\u00fcsi vesipiibule TOM COCO Gold 25mm 1 kg<\/h2>\n<p>Valmistatud kookosp\u00e4hkli koortest. See 100% on looduslik ja \u00f6koloogiline toode, mis ei sisalda kemikaale ja nende s\u00f6e tootmiseks pole maha v\u00f5etud \u00fchtegi puud!<br \/>\nP\u00f5leb suurep\u00e4raselt ilma t\u00e4iendava ebameeldiva l\u00f5hna ja suitsuta.<br \/>\n\u00dche s\u00fcsiniku m\u00f5\u00f5dud: 25x25x25mm.<br \/>\nKarbis on 72 s\u00fcsinikku.<br \/>\nS\u00f6e p\u00f5letamiseks vajate vesipiibu, turistide gaasipliidi vms jaoks elektrilist pliiti.<br \/>\nP\u00e4ritoluriik: Indoneesia<\/p>\n<p>Kas teil on k\u00fcsimusi? v\u00f5ta meiega \u00fchendust <a href=\"https:\/\/hookahshop.lt\/et\/kontaktid\/\">kontaktide leht<\/a> v\u00f5i saatke meile e-kiri aadressil <a href=\"https:\/\/facebook.com\/HookahShop.lt\/\" target=\"_blank\" rel=\"noopener noreferrer\">Facebooki konto<\/a> ja vastame teie taotlusele samal p\u00e4eval.<\/p>","protected":false},"excerpt":{"rendered":"<p>S\u00fcsi vesipiibu jaoks TOM COCO Gold 25mm 1 kg Valmistatud kookosp\u00e4hkli koortest. See 100% on looduslik ja \u00f6koloogiline toode, mis ei sisalda kemikaale ja selle s\u00f6e tootmiseks pole puud l\u00f5igatud! P\u00f5leb suurep\u00e4raselt ilma t\u00e4iendavate ebameeldivate l\u00f5hnade ja aurudeta. \u00dche s\u00fcsiniku m\u00f5\u00f5dud: 25x25x25mm. Karbis on 72 s\u00fcsinikku. S\u00f6e s\u00fc\u00fctamiseks on vaja elektripliiti vesipiibu jaoks, turist [\u2026]<\/p>","protected":false},"featured_media":11437,"comment_status":"open","ping_status":"closed","template":"","meta":[],"_links":{"self":[{"href":"https:\/\/hookahshop.lt\/et\/wp-json\/wp\/v2\/product\/11428"}],"collection":[{"href":"https:\/\/hookahshop.lt\/et\/wp-json\/wp\/v2\/product"}],"about":[{"href":"https:\/\/hookahshop.lt\/et\/wp-json\/wp\/v2\/types\/product"}],"replies":[{"embeddable":true,"href":"https:\/\/hookahshop.lt\/et\/wp-json\/wp\/v2\/comments?post=11428"}],"version-history":[{"count":2,"href":"https:\/\/hookahshop.lt\/et\/wp-json\/wp\/v2\/product\/11428\/revisions"}],"predecessor-version":[{"id":32839,"href":"https:\/\/hookahshop.lt\/et\/wp-json\/wp\/v2\/product\/11428\/revisions\/32839"}],"wp:featuredmedia":[{"embeddable":true,"href":"https:\/\/hookahshop.lt\/et\/wp-json\/wp\/v2\/media\/11437"}],"wp:attachment":[{"href":"https:\/\/hookahshop.lt\/et\/wp-json\/wp\/v2\/media?parent=11428"}],"curies":[{"name":"wp","href":"https:\/\/api.w.org\/{rel}","templated":true}]}}