{"id":11441,"date":"2020-08-14T14:04:01","date_gmt":"2020-08-14T11:04:01","guid":{"rendered":"https:\/\/hookahshop.lt\/?post_type=product&#038;p=11441"},"modified":"2026-04-18T23:29:06","modified_gmt":"2026-04-18T20:29:06","slug":"taurele-kaljanui-oblako-killer-black-cosmos","status":"publish","type":"product","link":"https:\/\/hookahshop.lt\/et\/toode\/tass-vesipiip-oblako-killer-black-cosmos\/","title":{"rendered":"Tass vesipiibule OBLAKO Killer Black Cosmos"},"content":{"rendered":"<h2>Tass vesipiibule OBLAKO Killer Black Cosmos<\/h2>\n<p>See on klassikaline glasuuritud tass, mis sobib igat t\u00fc\u00fcpi tubakale ja tagab minimaalse kuumuse reguleerimise!<\/p>\n<p>Black cosmose (Glaze top) funktsionaalne (\u00fclemine) osa on kaetud glasuuriga, mis v\u00f5imaldab topsil pikka aega s\u00e4ilitada oma esialgsed omadused ja v\u00e4limus. Ettev\u00f5te kasutab ainult inims\u00f5bralikku toiduglasuuri, mille on v\u00e4lja t\u00f6\u00f6tanud partnerid spetsialiseeritud laborites, mis asuvad Gzhelskoje maapiirkonnas, mis on \u00fcks Venemaa traditsioonilisi keraamika tootmiskeskusi.<\/p>\n<p>Tubaka tarbimine on 23\u201328 grammi.<\/p>\n<p>Kas teil on k\u00fcsimusi? v\u00f5ta meiega \u00fchendust <a href=\"https:\/\/hookahshop.lt\/et\/kontaktid\/\">kontaktide leht<\/a> v\u00f5i saatke meile e-kiri aadressil <a href=\"https:\/\/facebook.com\/HookahShop.lt\/\" target=\"_blank\" rel=\"noopener noreferrer\">Facebooki konto<\/a> ja vastame teie taotlusele samal p\u00e4eval.<\/p>","protected":false},"excerpt":{"rendered":"<p>Vesipiibu tass OBLAKO Killer Black Cosmos See on klassikaline glasuuritud tass, mis sobib igat t\u00fc\u00fcpi tubaka jaoks minimaalse kuumuse kontrollimiseks! Black cosmose (Glaze top) funktsionaalne (\u00fclemine) osa on kaetud glasuuriga, mis v\u00f5imaldab topsil pikka aega s\u00e4ilitada oma esialgsed omadused ja v\u00e4limus. Ettev\u00f5te kasutab ainult inims\u00f5bralikku toiduglasuuri, mille on v\u00e4lja t\u00f6\u00f6tanud partnerid spetsialiseeritud laborites, mis asuvad \u00fches traditsioonilises [\u2026]<\/p>","protected":false},"featured_media":11472,"comment_status":"open","ping_status":"closed","template":"","meta":[],"_links":{"self":[{"href":"https:\/\/hookahshop.lt\/et\/wp-json\/wp\/v2\/product\/11441"}],"collection":[{"href":"https:\/\/hookahshop.lt\/et\/wp-json\/wp\/v2\/product"}],"about":[{"href":"https:\/\/hookahshop.lt\/et\/wp-json\/wp\/v2\/types\/product"}],"replies":[{"embeddable":true,"href":"https:\/\/hookahshop.lt\/et\/wp-json\/wp\/v2\/comments?post=11441"}],"version-history":[{"count":5,"href":"https:\/\/hookahshop.lt\/et\/wp-json\/wp\/v2\/product\/11441\/revisions"}],"predecessor-version":[{"id":37697,"href":"https:\/\/hookahshop.lt\/et\/wp-json\/wp\/v2\/product\/11441\/revisions\/37697"}],"wp:featuredmedia":[{"embeddable":true,"href":"https:\/\/hookahshop.lt\/et\/wp-json\/wp\/v2\/media\/11472"}],"wp:attachment":[{"href":"https:\/\/hookahshop.lt\/et\/wp-json\/wp\/v2\/media?parent=11441"}],"curies":[{"name":"wp","href":"https:\/\/api.w.org\/{rel}","templated":true}]}}