{"id":11459,"date":"2020-08-14T16:42:56","date_gmt":"2020-08-14T13:42:56","guid":{"rendered":"https:\/\/hookahshop.lt\/?post_type=product&#038;p=11459"},"modified":"2026-04-06T23:29:16","modified_gmt":"2026-04-06T20:29:16","slug":"taurele-kaljanui-upper-black-deep-bowl","status":"publish","type":"product","link":"https:\/\/hookahshop.lt\/et\/toode\/tass-vesipiip-upper-black-deep-bowl\/","title":{"rendered":"Tass vesipiibule UPPER Black Deep Bowl"},"content":{"rendered":"<h2>Tass vesipiibule UPPER Black Deep Bowl<\/h2>\n<p>Tass on valmistatud klassikalise kujuga, valmistatud valgest savist ja edasi t\u00f6\u00f6deldud piima kuumutamisega. Purk kuumeneb \u00fcsna kiiresti ja jaotab kuumuse \u00fchtlaselt. Tugevus ja vastupidavus on prioriteetsed.<\/p>\n<p>Iga tass on eraldi pakendatud br\u00e4ndi logo ja tassi nimetusega.<\/p>\n<p>Sobib suitsetamiseks seltskonnas ja suitsetamiseks eraldi. Tubaka tarbimine on 15-20 grammi.<\/p>\n<p>Spetsifikatsioonid:<br \/>\nK\u00f5rgus: 83 mm<br \/>\nL\u00e4bim\u00f5\u00f5t (v\u00e4limine): 73 mm<br \/>\nL\u00e4bim\u00f5\u00f5t (sisemine): 63mm<br \/>\nS\u00fcgavus: 20mm<br \/>\nAva l\u00e4bim\u00f5\u00f5t: 6 mm<br \/>\nAukude arv: 7 tk<br \/>\nKaal: umbes 159 grammi<\/p>\n<p>Kas teil on k\u00fcsimusi? v\u00f5ta meiega \u00fchendust <a href=\"https:\/\/hookahshop.lt\/et\/kontaktid\/\">kontaktide leht<\/a> v\u00f5i saatke meile e-kiri aadressil <a href=\"https:\/\/facebook.com\/HookahShop.lt\/\" target=\"_blank\" rel=\"noopener noreferrer\">Facebooki konto<\/a> ja vastame teie taotlusele samal p\u00e4eval.<\/p>","protected":false},"excerpt":{"rendered":"<p>Vesipiibu tass UPPER Black Deep Bowl Tass on valmistatud klassikalise kujuga, valmistatud valgest savist ja t\u00e4iendavalt t\u00f6\u00f6deldud piima kuumutamisel. Purk kuumeneb \u00fcsna kiiresti ja jaotab kuumuse \u00fchtlaselt. Tugevus ja vastupidavus on prioriteetsed. Iga tass on eraldi pakendatud br\u00e4ndi logo ja tassi nimetusega. Sobib suitsetamiseks seltskonnas ja suitsetamiseks eraldi. Tubaka tarbimine on 15-20 grammi. [\u2026]<\/p>","protected":false},"featured_media":11464,"comment_status":"open","ping_status":"closed","template":"","meta":[],"_links":{"self":[{"href":"https:\/\/hookahshop.lt\/et\/wp-json\/wp\/v2\/product\/11459"}],"collection":[{"href":"https:\/\/hookahshop.lt\/et\/wp-json\/wp\/v2\/product"}],"about":[{"href":"https:\/\/hookahshop.lt\/et\/wp-json\/wp\/v2\/types\/product"}],"replies":[{"embeddable":true,"href":"https:\/\/hookahshop.lt\/et\/wp-json\/wp\/v2\/comments?post=11459"}],"version-history":[{"count":3,"href":"https:\/\/hookahshop.lt\/et\/wp-json\/wp\/v2\/product\/11459\/revisions"}],"predecessor-version":[{"id":36543,"href":"https:\/\/hookahshop.lt\/et\/wp-json\/wp\/v2\/product\/11459\/revisions\/36543"}],"wp:featuredmedia":[{"embeddable":true,"href":"https:\/\/hookahshop.lt\/et\/wp-json\/wp\/v2\/media\/11464"}],"wp:attachment":[{"href":"https:\/\/hookahshop.lt\/et\/wp-json\/wp\/v2\/media?parent=11459"}],"curies":[{"name":"wp","href":"https:\/\/api.w.org\/{rel}","templated":true}]}}