{"id":11467,"date":"2020-08-14T16:53:17","date_gmt":"2020-08-14T13:53:17","guid":{"rendered":"https:\/\/hookahshop.lt\/?post_type=product&#038;p=11467"},"modified":"2026-04-10T12:51:39","modified_gmt":"2026-04-10T09:51:39","slug":"taurele-kaljanui-smokelab-phunnel-new","status":"publish","type":"product","link":"https:\/\/hookahshop.lt\/et\/toode\/tass-vesipiip-smokelab-phunnel-new\/","title":{"rendered":"Tass vesipiibule SMOKELAB Phunnel Uus"},"content":{"rendered":"<h2>Tass vesipiibule SMOKELAB Phunnel Uus<\/h2>\n<p>See on Smokelabi variatsioon Old School Phunnelsi lemmikkuu disainist koos piima kuumutamisega. \u00d5hukesed seinad muudavad tubaka tugevuse ja kerguse maksimeerimiseks kuumuse reguleerimise lihtsaks.<\/p>\n<p>Phunnel New kauss on keskmise mahuga kergete s\u00fcvendite jaoks ja veidi suurem tugeva kuumakindla tubaka juuresolekul. Sobib ka sigaritubakale.<\/p>\n<p>Ideaalne suitsetamiseks nii kuumakambri kui fooliumiga. Tubaka maht on 12\u201324 grammi.<\/p>\n<p>Spetsifikatsioonid:<br \/>\nK\u00f5rgus: 113 mm<br \/>\nL\u00e4bim\u00f5\u00f5t (v\u00e4limine): 80 mm<br \/>\nL\u00e4bim\u00f5\u00f5t (sisemine): 71 mm<br \/>\nS\u00fcgavus: 18mm<br \/>\nAva l\u00e4bim\u00f5\u00f5t: 12 mm<br \/>\nAukude arv: 1<br \/>\nKaal: umbes 134 grammi<\/p>\n<p>Kas teil on k\u00fcsimusi? v\u00f5ta meiega \u00fchendust <a href=\"https:\/\/hookahshop.lt\/et\/kontaktid\/\">kontaktide leht<\/a> v\u00f5i saatke meile e-kiri aadressil <a href=\"https:\/\/facebook.com\/HookahShop.lt\/\" target=\"_blank\" rel=\"noopener noreferrer\">Facebooki konto<\/a> ja vastame teie taotlusele samal p\u00e4eval.<\/p>","protected":false},"excerpt":{"rendered":"<p>Vesipiibu tass SMOKELAB Phunnel Uus See on Smokelabi variatsioon Old School Phunnelsi lemmikkuu disainist koos piima kuumutamisega. \u00d5hukesed seinad muudavad tubaka tugevuse ja kerguse maksimeerimiseks kuumuse reguleerimise lihtsaks. Phunnel New kauss on keskmise mahuga kergete s\u00fcvendite jaoks ja veidi suurem tugeva kuumakindla tubaka juuresolekul. Sobib ka sigarite jaoks [\u2026]<\/p>","protected":false},"featured_media":11469,"comment_status":"open","ping_status":"closed","template":"","meta":[],"_links":{"self":[{"href":"https:\/\/hookahshop.lt\/et\/wp-json\/wp\/v2\/product\/11467"}],"collection":[{"href":"https:\/\/hookahshop.lt\/et\/wp-json\/wp\/v2\/product"}],"about":[{"href":"https:\/\/hookahshop.lt\/et\/wp-json\/wp\/v2\/types\/product"}],"replies":[{"embeddable":true,"href":"https:\/\/hookahshop.lt\/et\/wp-json\/wp\/v2\/comments?post=11467"}],"version-history":[{"count":3,"href":"https:\/\/hookahshop.lt\/et\/wp-json\/wp\/v2\/product\/11467\/revisions"}],"predecessor-version":[{"id":37835,"href":"https:\/\/hookahshop.lt\/et\/wp-json\/wp\/v2\/product\/11467\/revisions\/37835"}],"wp:featuredmedia":[{"embeddable":true,"href":"https:\/\/hookahshop.lt\/et\/wp-json\/wp\/v2\/media\/11469"}],"wp:attachment":[{"href":"https:\/\/hookahshop.lt\/et\/wp-json\/wp\/v2\/media?parent=11467"}],"curies":[{"name":"wp","href":"https:\/\/api.w.org\/{rel}","templated":true}]}}