{"id":11513,"date":"2020-08-17T22:10:06","date_gmt":"2020-08-17T19:10:06","guid":{"rendered":"https:\/\/hookahshop.lt\/?post_type=product&#038;p=11513"},"modified":"2026-04-14T23:28:56","modified_gmt":"2026-04-14T20:28:56","slug":"kaljanas-oduman-shisha-n2-travel","status":"publish","type":"product","link":"https:\/\/hookahshop.lt\/et\/toode\/vesipiip-oduman-shisha-n2-travel\/","title":{"rendered":"Vesipiip ODUMAN N2 Travel"},"content":{"rendered":"<h2>Vesipiip ODUMAN Shisha N2 Travel<\/h2>\n<p>See on vesipiip, mida saad k\u00f5ikjale kaasa v\u00f5tta ja endale mugavas keskkonnas suitsetada.<\/p>\n<ul>\n<li>Kott on veekindel.<\/li>\n<li>Esmaklassiline k\u00e4sitsi valmistatud klaas.<\/li>\n<li>K\u00f5ik osad on valmistatud roostevabast terasest.<\/li>\n<li>Huulik on valmistatud alumiiniumist.<\/li>\n<\/ul>\n<p>Varustus:<\/p>\n<ul>\n<li>Vesipiip<\/li>\n<li>Silikoonvoolik<\/li>\n<li>Alumiiniumist huulik<\/li>\n<\/ul>\n<p><img decoding=\"async\" loading=\"lazy\" class=\"alignnone size-medium wp-image-38520\" src=\"https:\/\/hookahshop.lt\/wp-content\/uploads\/2020\/09\/stiebas-kolba-zarna-kandiklis-1-300x273.jpg\" alt=\"- hookahshop.lt\" width=\"300\" height=\"273\" srcset=\"https:\/\/hookahshop.lt\/wp-content\/uploads\/2020\/09\/stiebas-kolba-zarna-kandiklis-1-300x273.jpg 300w, https:\/\/hookahshop.lt\/wp-content\/uploads\/2020\/09\/stiebas-kolba-zarna-kandiklis-1-13x12.jpg 13w, https:\/\/hookahshop.lt\/wp-content\/uploads\/2020\/09\/stiebas-kolba-zarna-kandiklis-1-64x58.jpg 64w, https:\/\/hookahshop.lt\/wp-content\/uploads\/2020\/09\/stiebas-kolba-zarna-kandiklis-1.jpg 420w\" sizes=\"(max-width: 300px) 100vw, 300px\" title=\"\"><\/p>\n<p>Kas teil on k\u00fcsimusi? v\u00f5ta meiega \u00fchendust <a href=\"https:\/\/hookahshop.lt\/et\/kontaktid\/\">kontaktide leht<\/a> v\u00f5i saatke meile e-kiri aadressil <a href=\"https:\/\/facebook.com\/HookahShop.lt\/\" target=\"_blank\" rel=\"noopener noreferrer\">Facebooki konto<\/a> ja vastame teie taotlusele samal p\u00e4eval.<\/p>","protected":false},"excerpt":{"rendered":"<p>Vesipiip ODUMAN Shisha N2 Travel See on vesipiip, mille v\u00f5id tuua k\u00f5ikjale ja suitsetada mugavas keskkonnas. Kott on veekindel. Esmaklassiline, k\u00e4sit\u00f6\u00f6na valmistatud klaas. K\u00f5ik osad on valmistatud roostevabast terasest. Huulik on valmistatud alumiiniumist. Varustus: Vesipiip Silikoonvoolik Alumiiniumist huulik K\u00fcsimusi? V\u00f5tke meiega \u00fchendust kontaktide lehel v\u00f5i kirjutage meile oma Facebooki kontol [\u2026]<\/p>","protected":false},"featured_media":11514,"comment_status":"open","ping_status":"closed","template":"","meta":[],"_links":{"self":[{"href":"https:\/\/hookahshop.lt\/et\/wp-json\/wp\/v2\/product\/11513"}],"collection":[{"href":"https:\/\/hookahshop.lt\/et\/wp-json\/wp\/v2\/product"}],"about":[{"href":"https:\/\/hookahshop.lt\/et\/wp-json\/wp\/v2\/types\/product"}],"replies":[{"embeddable":true,"href":"https:\/\/hookahshop.lt\/et\/wp-json\/wp\/v2\/comments?post=11513"}],"version-history":[{"count":7,"href":"https:\/\/hookahshop.lt\/et\/wp-json\/wp\/v2\/product\/11513\/revisions"}],"predecessor-version":[{"id":33119,"href":"https:\/\/hookahshop.lt\/et\/wp-json\/wp\/v2\/product\/11513\/revisions\/33119"}],"wp:featuredmedia":[{"embeddable":true,"href":"https:\/\/hookahshop.lt\/et\/wp-json\/wp\/v2\/media\/11514"}],"wp:attachment":[{"href":"https:\/\/hookahshop.lt\/et\/wp-json\/wp\/v2\/media?parent=11513"}],"curies":[{"name":"wp","href":"https:\/\/api.w.org\/{rel}","templated":true}]}}