{"id":11534,"date":"2020-08-24T12:04:07","date_gmt":"2020-08-24T09:04:07","guid":{"rendered":"https:\/\/hookahshop.lt\/?post_type=product&#038;p=11534"},"modified":"2026-04-14T23:28:40","modified_gmt":"2026-04-14T20:28:40","slug":"anglys-kaljanui-one-nation-26mm-1kg-be-dezutes","status":"publish","type":"product","link":"https:\/\/hookahshop.lt\/et\/toode\/susi-vesipiibule-one-nation-26mm-1kg-ilma-karbita\/","title":{"rendered":"Vesipiibu kivis\u00fcsi ONE NATION 26mm 1kg Ilma karbita"},"content":{"rendered":"<h2>Vesipiibu kivis\u00fcsi ONE NATION 26mm 1kg Ilma karbita<\/h2>\n<p>Valmistatud ainult 100% kookoskoorest, see on looduslik toode. Pikema ja intensiivsema p\u00f5letamise korral tekib v\u00e4hem tuhka kui tavalise kookosp\u00e4hkli kasutamisel.<br \/>\n\u00dche s\u00fcsiniku m\u00f5\u00f5tmed: 26x26x26mm<br \/>\nKarbis on 64 s\u00fcsinikku.<br \/>\nEi sisalda keemilisi lisandeid.<br \/>\nSuitsetamisel ei muutu l\u00f5hn ega maitse.<br \/>\nS\u00f6e p\u00f5letamiseks vajate vesipiibu, turistide gaasipliidi vms jaoks elektrilist pliiti.<br \/>\nP\u00e4ritoluriik: Indoneesia<\/p>\n<p>Kas teil on k\u00fcsimusi? v\u00f5ta meiega \u00fchendust <a href=\"https:\/\/hookahshop.lt\/et\/kontaktid\/\">kontaktide leht<\/a> v\u00f5i saatke meile e-kiri aadressil <a href=\"https:\/\/facebook.com\/HookahShop.lt\/\" target=\"_blank\" rel=\"noopener noreferrer\">Facebooki konto<\/a> ja vastame teie taotlusele samal p\u00e4eval.<\/p>","protected":false},"excerpt":{"rendered":"<p>S\u00fcsi vesipiibu jaoks ONE NATION 26mm 1kg Ilma karbita Valmistatud ainult 100% kookosp\u00e4hkli koortest, seega on tegemist loodusliku tootega. Pikemal ja intensiivsemal p\u00f5letamisel tekib v\u00e4hem tuhka kui tavalise kookoss\u00f6e kasutamisel. \u00dche s\u00fcsiniku m\u00f5\u00f5dud: 26x26x26mm Karbis on 64 s\u00fcsinikku. Ei sisalda keemilisi lisandeid. Suitsetamisel ei muutu l\u00f5hn ega maitse. S\u00f6e s\u00fc\u00fctamiseks on vaja elektripliiti vesipiibu jaoks, turist [\u2026]<\/p>","protected":false},"featured_media":11535,"comment_status":"open","ping_status":"closed","template":"","meta":[],"_links":{"self":[{"href":"https:\/\/hookahshop.lt\/et\/wp-json\/wp\/v2\/product\/11534"}],"collection":[{"href":"https:\/\/hookahshop.lt\/et\/wp-json\/wp\/v2\/product"}],"about":[{"href":"https:\/\/hookahshop.lt\/et\/wp-json\/wp\/v2\/types\/product"}],"replies":[{"embeddable":true,"href":"https:\/\/hookahshop.lt\/et\/wp-json\/wp\/v2\/comments?post=11534"}],"version-history":[{"count":6,"href":"https:\/\/hookahshop.lt\/et\/wp-json\/wp\/v2\/product\/11534\/revisions"}],"predecessor-version":[{"id":23380,"href":"https:\/\/hookahshop.lt\/et\/wp-json\/wp\/v2\/product\/11534\/revisions\/23380"}],"wp:featuredmedia":[{"embeddable":true,"href":"https:\/\/hookahshop.lt\/et\/wp-json\/wp\/v2\/media\/11535"}],"wp:attachment":[{"href":"https:\/\/hookahshop.lt\/et\/wp-json\/wp\/v2\/media?parent=11534"}],"curies":[{"name":"wp","href":"https:\/\/api.w.org\/{rel}","templated":true}]}}