{"id":11550,"date":"2020-08-27T09:41:38","date_gmt":"2020-08-27T06:41:38","guid":{"rendered":"https:\/\/hookahshop.lt\/?post_type=product&#038;p=11550"},"modified":"2026-04-06T23:29:16","modified_gmt":"2026-04-06T20:29:16","slug":"taureles-kaljanui-oblako-phunnel-l-glaze-top-skirtingu-spalvu","status":"publish","type":"product","link":"https:\/\/hookahshop.lt\/et\/toode\/tassid-vesipiibu-akna-lehtri-l-glasuur-ulemine-eri-varvi\/","title":{"rendered":"Tassid vesipiibule OBLAKO Phunnel L Glaze Top Erinevad v\u00e4rvid"},"content":{"rendered":"<h2>Tassid vesipiibule OBLAKO Phunnel L Glaze Top Erinevad v\u00e4rvid<\/h2>\n<p>Kahe v\u00f5i enama inimese seltsis suitsetamiseks sobiv tass pikendab t\u00e4nu oma mahutavusele suitsetamisaega!<\/p>\n<p><strong>Tasside v\u00e4rv valitakse juhuslikult! - V\u00f5tke meiega \u00fchendust, et valida soovitud v\u00e4rv!<\/strong><\/p>\n<p>Tass on kaetud glasuuriga, t\u00e4nu millele suudab see pikka aega s\u00e4ilitada oma algsed omadused ja v\u00e4limuse. OBLAKO kasutab ainult inims\u00f5bralikku toiduglasuuri, mille on v\u00e4lja t\u00f6\u00f6tanud partnerid spetsialiseeritud laborites Gzhelskoje, mis on \u00fcks Venemaa traditsioonilisi keraamikatootmise keskusi.<\/p>\n<p>Tassit\u00e4is tubakat mahutab 25\u201330 grammi.<\/p>\n<p>Spetsifikatsioonid:<br \/>\nK\u00f5rgus: 117mm<br \/>\nL\u00e4bim\u00f5\u00f5t (v\u00e4limine): 77 mm<br \/>\nL\u00e4bim\u00f5\u00f5t (sisemine): 70mm<br \/>\nS\u00fcgavus: 13mm<br \/>\nAva l\u00e4bim\u00f5\u00f5t: 18mm<br \/>\nAukude arv: 1<br \/>\nKaal: umbes 180 grammi<\/p>\n<p>Kas teil on k\u00fcsimusi? v\u00f5ta meiega \u00fchendust <a href=\"https:\/\/hookahshop.lt\/et\/kontaktid\/\">kontaktide leht<\/a> v\u00f5i saatke meile e-kiri aadressil <a href=\"https:\/\/facebook.com\/HookahShop.lt\/\" target=\"_blank\" rel=\"noopener noreferrer\">Facebooki konto<\/a> ja vastame teie taotlusele samal p\u00e4eval.<\/p>","protected":false},"excerpt":{"rendered":"<p>Vesipiibu tassid OBLAKO Phunnel L Glaze Top Erinevat v\u00e4rvi tass, mis sobib suitsetamiseks kahe v\u00f5i enama inimese seltskonnas, pikendab t\u00e4nu oma mahutavusele suitsetamisaega! Tasside v\u00e4rvus valitakse juhuslikult! - Soovitud v\u00e4rvi valimiseks v\u00f5tke meiega \u00fchendust! Tass on kaetud glasuuriga, t\u00e4nu millele suudab see kaua s\u00e4ilitada oma esialgsed omadused ja v\u00e4limus. OBLAKO kasutab ainult toitu, mis ei ole inimestele kahjulik [\u2026]<\/p>","protected":false},"featured_media":11551,"comment_status":"open","ping_status":"closed","template":"","meta":[],"_links":{"self":[{"href":"https:\/\/hookahshop.lt\/et\/wp-json\/wp\/v2\/product\/11550"}],"collection":[{"href":"https:\/\/hookahshop.lt\/et\/wp-json\/wp\/v2\/product"}],"about":[{"href":"https:\/\/hookahshop.lt\/et\/wp-json\/wp\/v2\/types\/product"}],"replies":[{"embeddable":true,"href":"https:\/\/hookahshop.lt\/et\/wp-json\/wp\/v2\/comments?post=11550"}],"version-history":[{"count":4,"href":"https:\/\/hookahshop.lt\/et\/wp-json\/wp\/v2\/product\/11550\/revisions"}],"predecessor-version":[{"id":33624,"href":"https:\/\/hookahshop.lt\/et\/wp-json\/wp\/v2\/product\/11550\/revisions\/33624"}],"wp:featuredmedia":[{"embeddable":true,"href":"https:\/\/hookahshop.lt\/et\/wp-json\/wp\/v2\/media\/11551"}],"wp:attachment":[{"href":"https:\/\/hookahshop.lt\/et\/wp-json\/wp\/v2\/media?parent=11550"}],"curies":[{"name":"wp","href":"https:\/\/api.w.org\/{rel}","templated":true}]}}