{"id":11574,"date":"2020-08-27T11:52:33","date_gmt":"2020-08-27T08:52:33","guid":{"rendered":"https:\/\/hookahshop.lt\/?post_type=product&#038;p=11574"},"modified":"2026-04-26T23:29:40","modified_gmt":"2026-04-26T20:29:40","slug":"taurele-kaljanui-oblako-phunnel-m","status":"publish","type":"product","link":"https:\/\/hookahshop.lt\/et\/toode\/tass-vesipiip-oblako-phunnel-m\/","title":{"rendered":"Tass vesipiibule OBLAKO Phunnel M"},"content":{"rendered":"<h2>Tass vesipiibule OBLAKO Phunnel M<\/h2>\n<p>Tass on m\u00f5eldud igap\u00e4evaseks suitsetamiseks, ideaalne kerge ja raske tubaka jaoks!<\/p>\n<p>Tassit\u00e4is tubakat mahutab 20\u201323 g.<\/p>\n<p><strong>Spetsifikatsioonid:<\/strong><br \/>\nK\u00f5rgus: 118 mm<br \/>\nL\u00e4bim\u00f5\u00f5t (v\u00e4limine): 74 mm<br \/>\nL\u00e4bim\u00f5\u00f5t (sisemine): 68mm<br \/>\nS\u00fcgavus: 12mm<br \/>\nAva l\u00e4bim\u00f5\u00f5t: 12 mm<br \/>\nAukude arv: 1<br \/>\nKaal: umbes 182 grammi<\/p>\n<p>Kas teil on k\u00fcsimusi? v\u00f5ta meiega \u00fchendust <a href=\"https:\/\/hookahshop.lt\/et\/kontaktid\/\">kontaktide leht<\/a> v\u00f5i saatke meile e-kiri aadressil <a href=\"https:\/\/facebook.com\/HookahShop.lt\/\" target=\"_blank\" rel=\"noopener noreferrer\">Facebooki konto<\/a> ja vastame teie taotlusele samal p\u00e4eval.<\/p>","protected":false},"excerpt":{"rendered":"<p>Vesipiibu tass OBLAKO Phunnel M Tass on m\u00f5eldud igap\u00e4evaseks suitsetamiseks, ideaalne kerge ja raske tubaka jaoks! Tassit\u00e4is tubakat mahutab 20-23 g. Tehnilised andmed: K\u00f5rgus: 118mm L\u00e4bim\u00f5\u00f5t (v\u00e4limine): 74mm Diameeter (sisemine): 68mm S\u00fcgavus: 12mm Ava l\u00e4bim\u00f5\u00f5t: 12mm Aukude arv: 1 Kaal: umbes 182 grammi K\u00fcsimused? V\u00f5tke meiega \u00fchendust kontaktide lehel v\u00f5i kirjutage meile Facebookis [...]<\/p>","protected":false},"featured_media":11575,"comment_status":"open","ping_status":"closed","template":"","meta":[],"_links":{"self":[{"href":"https:\/\/hookahshop.lt\/et\/wp-json\/wp\/v2\/product\/11574"}],"collection":[{"href":"https:\/\/hookahshop.lt\/et\/wp-json\/wp\/v2\/product"}],"about":[{"href":"https:\/\/hookahshop.lt\/et\/wp-json\/wp\/v2\/types\/product"}],"replies":[{"embeddable":true,"href":"https:\/\/hookahshop.lt\/et\/wp-json\/wp\/v2\/comments?post=11574"}],"version-history":[{"count":4,"href":"https:\/\/hookahshop.lt\/et\/wp-json\/wp\/v2\/product\/11574\/revisions"}],"predecessor-version":[{"id":29781,"href":"https:\/\/hookahshop.lt\/et\/wp-json\/wp\/v2\/product\/11574\/revisions\/29781"}],"wp:featuredmedia":[{"embeddable":true,"href":"https:\/\/hookahshop.lt\/et\/wp-json\/wp\/v2\/media\/11575"}],"wp:attachment":[{"href":"https:\/\/hookahshop.lt\/et\/wp-json\/wp\/v2\/media?parent=11574"}],"curies":[{"name":"wp","href":"https:\/\/api.w.org\/{rel}","templated":true}]}}