{"id":11599,"date":"2020-09-03T13:45:14","date_gmt":"2020-09-03T10:45:14","guid":{"rendered":"https:\/\/hookahshop.lt\/?post_type=product&#038;p=11599"},"modified":"2026-04-17T23:29:41","modified_gmt":"2026-04-17T20:29:41","slug":"vienkartiniai-kandikliai-kaljanui-100vnt-spalvoti","status":"publish","type":"product","link":"https:\/\/hookahshop.lt\/et\/toode\/uhekordsed-konksud-vesipiibule-100vnt-varviline\/","title":{"rendered":"\u00dchekordsed konksud vesipiibu jaoks V\u00e4rv 3cm 100tk"},"content":{"rendered":"<h2>\u00dchekordsed konksud vesipiibule V\u00e4rv 100tk<\/h2>\n<p>\u00dches pakendis 100 huulikut.<\/p>\n<p>Kas teil on k\u00fcsimusi? v\u00f5ta meiega \u00fchendust <a href=\"https:\/\/hookahshop.lt\/et\/kontaktid\/\">kontaktide leht<\/a> v\u00f5i saatke meile e-kiri aadressil <a href=\"https:\/\/facebook.com\/HookahShop.lt\/\" target=\"_blank\" rel=\"noopener noreferrer\">Facebooki konto<\/a> ja vastame teie taotlusele samal p\u00e4eval.<\/p>","protected":false},"excerpt":{"rendered":"<p>\u00dchekordsed huulikud vesipiibu jaoks V\u00e4rv 100tk \u00dches pakis 100 huulikut. Kas teil on k\u00fcsimusi? V\u00f5tke meiega \u00fchendust kontaktide lehel v\u00f5i kirjutage meile oma Facebooki kontol ja vastame teie p\u00e4ringule samal p\u00e4eval.<\/p>","protected":false},"featured_media":28644,"comment_status":"open","ping_status":"closed","template":"","meta":[],"_links":{"self":[{"href":"https:\/\/hookahshop.lt\/et\/wp-json\/wp\/v2\/product\/11599"}],"collection":[{"href":"https:\/\/hookahshop.lt\/et\/wp-json\/wp\/v2\/product"}],"about":[{"href":"https:\/\/hookahshop.lt\/et\/wp-json\/wp\/v2\/types\/product"}],"replies":[{"embeddable":true,"href":"https:\/\/hookahshop.lt\/et\/wp-json\/wp\/v2\/comments?post=11599"}],"version-history":[{"count":6,"href":"https:\/\/hookahshop.lt\/et\/wp-json\/wp\/v2\/product\/11599\/revisions"}],"predecessor-version":[{"id":42959,"href":"https:\/\/hookahshop.lt\/et\/wp-json\/wp\/v2\/product\/11599\/revisions\/42959"}],"wp:featuredmedia":[{"embeddable":true,"href":"https:\/\/hookahshop.lt\/et\/wp-json\/wp\/v2\/media\/28644"}],"wp:attachment":[{"href":"https:\/\/hookahshop.lt\/et\/wp-json\/wp\/v2\/media?parent=11599"}],"curies":[{"name":"wp","href":"https:\/\/api.w.org\/{rel}","templated":true}]}}