{"id":11605,"date":"2020-09-03T14:01:29","date_gmt":"2020-09-03T11:01:29","guid":{"rendered":"https:\/\/hookahshop.lt\/?post_type=product&#038;p=11605"},"modified":"2026-04-17T23:29:34","modified_gmt":"2026-04-17T20:29:34","slug":"taurele-kaljanui-bigmaks-wave","status":"publish","type":"product","link":"https:\/\/hookahshop.lt\/et\/toode\/tass-vesipiip-bigmaks-laine\/","title":{"rendered":"Tass vesipiibule BIGMAKS Wave"},"content":{"rendered":"<h2>Tass vesipiibule BIGMAKS Wave<\/h2>\n<p>See on valmistatud punasest savist. Meisterlik k\u00e4si potirattal valmistab \u00fchest savit\u00fckist ainulaadsed Wave kausid, millel on ebastandardne v\u00e4liskuju.<br \/>\nTass kuumeneb \u00fchtlaselt ja hoiab kuumust pikka aega, ilma et tubakas \u00fcle kuumeneks. Tassi maht: 15-18 grammi.<\/p>\n<p>Spetsifikatsioonid:<br \/>\nK\u00f5rgus: 77 mm<br \/>\nL\u00e4bim\u00f5\u00f5t (v\u00e4limine): 76 mm<br \/>\nL\u00e4bim\u00f5\u00f5t (sisemine): 62 mm<br \/>\nS\u00fcgavus: 11mm<br \/>\nAva l\u00e4bim\u00f5\u00f5t: 7mm<br \/>\nAukude arv: 7 tk<br \/>\nKaal: umbes 262 grammi<\/p>\n<p>Kas teil on k\u00fcsimusi? v\u00f5ta meiega \u00fchendust <a href=\"https:\/\/hookahshop.lt\/et\/kontaktid\/\">kontaktide leht<\/a> v\u00f5i saatke meile e-kiri aadressil <a href=\"https:\/\/facebook.com\/HookahShop.lt\/\" target=\"_blank\" rel=\"noopener noreferrer\">Facebooki konto<\/a> ja vastame teie taotlusele samal p\u00e4eval.<\/p>","protected":false},"excerpt":{"rendered":"<p>Vesipiibu tass BIGMAKS Wave See on valmistatud punasest savist. Meisterlik k\u00e4si potirattal valmistab \u00fchest savit\u00fckist ainulaadsed Wave kausid, millel on ebastandardne v\u00e4liskuju. Tass soojeneb \u00fchtlaselt ja hoiab soojust pikka aega ilma tubakat \u00fclekuumenemata. Tassi maht: 15-18 grammi. Tehnilised andmed: K\u00f5rgus: 77 mm L\u00e4bim\u00f5\u00f5t (v\u00e4limine): 76 mm L\u00e4bim\u00f5\u00f5t (sisemine): 62 mm S\u00fcgavus: 11 mm Avad [\u2026]<\/p>","protected":false},"featured_media":11606,"comment_status":"open","ping_status":"closed","template":"","meta":[],"_links":{"self":[{"href":"https:\/\/hookahshop.lt\/et\/wp-json\/wp\/v2\/product\/11605"}],"collection":[{"href":"https:\/\/hookahshop.lt\/et\/wp-json\/wp\/v2\/product"}],"about":[{"href":"https:\/\/hookahshop.lt\/et\/wp-json\/wp\/v2\/types\/product"}],"replies":[{"embeddable":true,"href":"https:\/\/hookahshop.lt\/et\/wp-json\/wp\/v2\/comments?post=11605"}],"version-history":[{"count":2,"href":"https:\/\/hookahshop.lt\/et\/wp-json\/wp\/v2\/product\/11605\/revisions"}],"predecessor-version":[{"id":36518,"href":"https:\/\/hookahshop.lt\/et\/wp-json\/wp\/v2\/product\/11605\/revisions\/36518"}],"wp:featuredmedia":[{"embeddable":true,"href":"https:\/\/hookahshop.lt\/et\/wp-json\/wp\/v2\/media\/11606"}],"wp:attachment":[{"href":"https:\/\/hookahshop.lt\/et\/wp-json\/wp\/v2\/media?parent=11605"}],"curies":[{"name":"wp","href":"https:\/\/api.w.org\/{rel}","templated":true}]}}