{"id":11611,"date":"2020-09-03T14:08:27","date_gmt":"2020-09-03T11:08:27","guid":{"rendered":"https:\/\/hookahshop.lt\/?post_type=product&#038;p=11611"},"modified":"2026-04-10T23:29:21","modified_gmt":"2026-04-10T20:29:21","slug":"taurele-kaljanui-njn-hookah-turkish","status":"publish","type":"product","link":"https:\/\/hookahshop.lt\/et\/toode\/tass-vesipiip-njn-hookah-turkish\/","title":{"rendered":"Tass vesipiibule NJN HOOKAH T\u00fcrgi"},"content":{"rendered":"<h2>Tass vesipiibule NJN HOOKAH T\u00fcrgi<\/h2>\n<p>See on suurep\u00e4rane n\u00e4ide T\u00fcrgi vesipiibu tassist.<\/p>\n<p>NJN Hookah Turkish tass on valmistatud punasest savist ja kaetud piimaga. Tassi maht on 12-15 grammi. Sobib k\u00f5ikidele tubakaliikidele ja nende valmistamiseks, nii fooliumiga kui ka kuumakambriga.<\/p>\n<p>Tootja NJN Hookah p\u00fc\u00fcab anda igale vesipiibus\u00f5brale v\u00f5imaluse saada hea ja kvaliteetne tass!<\/p>\n<p>Spetsifikatsioonid:<br \/>\nK\u00f5rgus: 76mm<br \/>\nL\u00e4bim\u00f5\u00f5t (v\u00e4limine): 63 mm<br \/>\nL\u00e4bim\u00f5\u00f5t (sisemine): 53 mm<br \/>\nS\u00fcgavus: 18 mm<br \/>\nAva l\u00e4bim\u00f5\u00f5t: 8 mm<br \/>\nAukude arv: 5 tk<br \/>\nKaal: umbes 190 grammi<\/p>\n<p>Kas teil on k\u00fcsimusi? v\u00f5ta meiega \u00fchendust <a href=\"https:\/\/hookahshop.lt\/et\/kontaktid\/\">kontaktide leht<\/a> v\u00f5i saatke meile e-kiri aadressil <a href=\"https:\/\/facebook.com\/HookahShop.lt\/\" target=\"_blank\" rel=\"noopener noreferrer\">Facebooki konto<\/a> ja vastame teie taotlusele samal p\u00e4eval.<\/p>","protected":false},"excerpt":{"rendered":"<p>Vesipiibu tass NJN HOOKAH T\u00fcrgi See on suurep\u00e4rane n\u00e4ide T\u00fcrgi vesipiibu tassist. NJN Hookah Turkish tass on valmistatud punasest savist ja kaetud piimaga. Tassi maht on 12-15 grammi. Sobib k\u00f5ikidele tubakaliikidele ja nende valmistamiseks, nii fooliumiga kui ka kuumakambriga. Tootja NJN Hookah p\u00fc\u00fcab anda igale vesipiibus\u00f5brale v\u00f5imaluse omada head ja kvaliteetset [\u2026]<\/p>","protected":false},"featured_media":11612,"comment_status":"open","ping_status":"closed","template":"","meta":[],"_links":{"self":[{"href":"https:\/\/hookahshop.lt\/et\/wp-json\/wp\/v2\/product\/11611"}],"collection":[{"href":"https:\/\/hookahshop.lt\/et\/wp-json\/wp\/v2\/product"}],"about":[{"href":"https:\/\/hookahshop.lt\/et\/wp-json\/wp\/v2\/types\/product"}],"replies":[{"embeddable":true,"href":"https:\/\/hookahshop.lt\/et\/wp-json\/wp\/v2\/comments?post=11611"}],"version-history":[{"count":3,"href":"https:\/\/hookahshop.lt\/et\/wp-json\/wp\/v2\/product\/11611\/revisions"}],"predecessor-version":[{"id":26793,"href":"https:\/\/hookahshop.lt\/et\/wp-json\/wp\/v2\/product\/11611\/revisions\/26793"}],"wp:featuredmedia":[{"embeddable":true,"href":"https:\/\/hookahshop.lt\/et\/wp-json\/wp\/v2\/media\/11612"}],"wp:attachment":[{"href":"https:\/\/hookahshop.lt\/et\/wp-json\/wp\/v2\/media?parent=11611"}],"curies":[{"name":"wp","href":"https:\/\/api.w.org\/{rel}","templated":true}]}}