{"id":11672,"date":"2020-09-08T18:03:20","date_gmt":"2020-09-08T15:03:20","guid":{"rendered":"https:\/\/hookahshop.lt\/?post_type=product&#038;p=11672"},"modified":"2026-04-15T12:28:57","modified_gmt":"2026-04-15T09:28:57","slug":"kaljanas-nube-junior-purple","status":"publish","type":"product","link":"https:\/\/hookahshop.lt\/et\/toode\/vesipiip-nube-junior-purple\/","title":{"rendered":"Vesipiip NUBE juunior lilla"},"content":{"rendered":"<h2>Vesipiip NUBE juunior lilla<\/h2>\n<p>Nagu enamikul tema vendadel, on ka Junioril roostevabast terasest vars, mis t\u00e4hendab, et vesipiipu v\u00f5ib pikaks ajaks vette j\u00e4tta. Vaikseks suitsetamiseks on paigaldatud difuusor. Vooliku\u00fchendus on tehtud spetsiaalselt selle ava jaoks, mis on \u00fcsna t\u00f6\u00f6kindel ja mugav. Vesipiibu p\u00f5hiaktsent peitub aga selle aluses \u2013 see on silikoon. See on esimene kord, kui kohtame kaevanduse sarnast versiooni ja see on v\u00e4ga mugav. \u00dchendus sobib peaaegu iga kolvi k\u00fclge ilma probleemideta. Kaasas on ainus tihend, mida tassi jaoks vaja l\u00e4heb. Tore on teada Nube for Junior pakutavate v\u00e4rvide arvu kohta - neid on kaheksa: lilla, sinine, kollane, roosa, oran\u017e, valge, punane ja must.<\/p>\n<p>Spetsifikatsioonid:<br \/>\nVarre k\u00f5rgus on 48,5 cm.<br \/>\nK\u00f5rgus alusest vaagnani - 30 cm.<br \/>\nHuuliku pikkus on 29 cm.<br \/>\nKaal (ilma kolvi ja kausita) - 1,35 kg.<\/p>\n<p>Varustus: v\u00f5ll, huulik, voolik, plaat<\/p>\n<p>Kas teil on k\u00fcsimusi? v\u00f5ta meiega \u00fchendust <a href=\"https:\/\/hookahshop.lt\/et\/kontaktid\/\">kontaktide leht<\/a> v\u00f5i saatke meile e-kiri aadressil <a href=\"https:\/\/facebook.com\/HookahShop.lt\/\" target=\"_blank\" rel=\"noopener noreferrer\">Facebooki konto<\/a> ja vastame teie taotlusele samal p\u00e4eval.<\/p>","protected":false},"excerpt":{"rendered":"<p>Vesipiibu NUBE Junior Purple Nagu enamusel oma vendadel, on ka Junioril roostevabast terasest vars, mis t\u00e4hendab, et vesipiipu v\u00f5ib pikaks ajaks vette j\u00e4tta. Vaikseks suitsetamiseks on paigaldatud difuusor. Vooliku\u00fchendus on tehtud spetsiaalselt selle ava jaoks, mis on \u00fcsna t\u00f6\u00f6kindel ja mugav. Vesipiibu p\u00f5hiaktsent peitub aga selle aluses \u2013 see on silikoon. See on esimene kord [\u2026]<\/p>","protected":false},"featured_media":11673,"comment_status":"open","ping_status":"closed","template":"","meta":[],"_links":{"self":[{"href":"https:\/\/hookahshop.lt\/et\/wp-json\/wp\/v2\/product\/11672"}],"collection":[{"href":"https:\/\/hookahshop.lt\/et\/wp-json\/wp\/v2\/product"}],"about":[{"href":"https:\/\/hookahshop.lt\/et\/wp-json\/wp\/v2\/types\/product"}],"replies":[{"embeddable":true,"href":"https:\/\/hookahshop.lt\/et\/wp-json\/wp\/v2\/comments?post=11672"}],"version-history":[{"count":0,"href":"https:\/\/hookahshop.lt\/et\/wp-json\/wp\/v2\/product\/11672\/revisions"}],"wp:featuredmedia":[{"embeddable":true,"href":"https:\/\/hookahshop.lt\/et\/wp-json\/wp\/v2\/media\/11673"}],"wp:attachment":[{"href":"https:\/\/hookahshop.lt\/et\/wp-json\/wp\/v2\/media?parent=11672"}],"curies":[{"name":"wp","href":"https:\/\/api.w.org\/{rel}","templated":true}]}}