{"id":11762,"date":"2020-09-10T20:13:01","date_gmt":"2020-09-10T17:13:01","guid":{"rendered":"https:\/\/hookahshop.lt\/?post_type=product&#038;p=11762"},"modified":"2026-05-14T23:28:58","modified_gmt":"2026-05-14T20:28:58","slug":"kaljanas-nube-junior-yellow","status":"publish","type":"product","link":"https:\/\/hookahshop.lt\/et\/toode\/vesipiip-nube-junior-yellow\/","title":{"rendered":"Vesipiip NUBE Junior Kollane"},"content":{"rendered":"<h2>Vesipiip NUBE Junior Kollane<\/h2>\n<p>V\u00e4ike vesipiip, mida saad endaga kaasa v\u00f5tta k\u00f5ikjale, kuhu l\u00e4hed, t\u00e4nu oma kompaktsele suurusele mahub see k\u00f5ikjale. Nagu enamikul tema vendadel, on ka Junioril roostevabast terasest vars, mis t\u00e4hendab, et vesipiipu v\u00f5ib pikaks ajaks vette j\u00e4tta. Vaikseks suitsetamiseks on paigaldatud difuusor. Vooliku\u00fchendus on tehtud spetsiaalselt selle ava jaoks, mis on \u00fcsna t\u00f6\u00f6kindel ja mugav. Vesipiibu p\u00f5hiaktsent peitub aga selle aluses - see on silikoon, mis on vastupidav ja t\u00f6\u00f6kindel, see vesipiip kestab kaua ja ideaalselt, j\u00e4tmata kulumisj\u00e4lgi. See on esimene kord, kui kohtame kaevanduse sarnast versiooni ja see on v\u00e4ga mugav. \u00dchendus sobib peaaegu iga kolvi k\u00fclge ilma probleemideta. Kaasas on ainus tihend, mida tassi jaoks vaja l\u00e4heb. Tore on teada Nube for Junior pakutava laia v\u00e4rvivaliku kohta \u2013 neid on kaheksa: lilla, sinine, kollane, roosa, oran\u017e, valge, punane ja must. Vesipiibu muud f\u00fc\u00fcsilised omadused on toodud allpool:<\/p>\n<p>Spetsifikatsioonid:<br \/>\nVarre k\u00f5rgus on 48,5 cm.<br \/>\nK\u00f5rgus alusest vaagnani - 30 cm.<br \/>\nHuuliku pikkus on 29 cm.<br \/>\nKaal (ilma kolvi ja kausita) - 1,35 kg.<\/p>\n<p>Varustus: v\u00f5ll, huulik, voolik, plaat<\/p>\n<p>Kas teil on k\u00fcsimusi? v\u00f5ta meiega \u00fchendust <a href=\"https:\/\/hookahshop.lt\/et\/kontaktid\/\">kontaktide leht<\/a> v\u00f5i saatke meile e-kiri aadressil <a href=\"https:\/\/facebook.com\/HookahShop.lt\/\" target=\"_blank\" rel=\"noopener noreferrer\">Facebooki konto<\/a> ja vastame teie taotlusele samal p\u00e4eval.<\/p>","protected":false},"excerpt":{"rendered":"<p>Vesipiip NUBE Junior Yellow V\u00e4ike vesipiip, mida saad endaga kaasa v\u00f5tta k\u00f5ikjale, kuhu l\u00e4hed, t\u00e4nu oma kompaktsele suurusele mahub see k\u00f5ikjale. Nagu enamikul tema vendadel, on ka Junioril roostevabast terasest vars, mis t\u00e4hendab, et vesipiipu v\u00f5ib pikaks ajaks vette j\u00e4tta. Vaikseks suitsetamiseks on paigaldatud difuusor. Spetsiaalselt selle ava jaoks tehtud vooliku\u00fchendus, [\u2026]<\/p>","protected":false},"featured_media":11764,"comment_status":"open","ping_status":"closed","template":"","meta":[],"_links":{"self":[{"href":"https:\/\/hookahshop.lt\/et\/wp-json\/wp\/v2\/product\/11762"}],"collection":[{"href":"https:\/\/hookahshop.lt\/et\/wp-json\/wp\/v2\/product"}],"about":[{"href":"https:\/\/hookahshop.lt\/et\/wp-json\/wp\/v2\/types\/product"}],"replies":[{"embeddable":true,"href":"https:\/\/hookahshop.lt\/et\/wp-json\/wp\/v2\/comments?post=11762"}],"version-history":[{"count":1,"href":"https:\/\/hookahshop.lt\/et\/wp-json\/wp\/v2\/product\/11762\/revisions"}],"predecessor-version":[{"id":22767,"href":"https:\/\/hookahshop.lt\/et\/wp-json\/wp\/v2\/product\/11762\/revisions\/22767"}],"wp:featuredmedia":[{"embeddable":true,"href":"https:\/\/hookahshop.lt\/et\/wp-json\/wp\/v2\/media\/11764"}],"wp:attachment":[{"href":"https:\/\/hookahshop.lt\/et\/wp-json\/wp\/v2\/media?parent=11762"}],"curies":[{"name":"wp","href":"https:\/\/api.w.org\/{rel}","templated":true}]}}