{"id":11768,"date":"2020-09-10T20:21:41","date_gmt":"2020-09-10T17:21:41","guid":{"rendered":"https:\/\/hookahshop.lt\/?post_type=product&#038;p=11768"},"modified":"2026-04-14T23:28:56","modified_gmt":"2026-04-14T20:28:56","slug":"kaljanas-totem-idol-green-spark","status":"publish","type":"product","link":"https:\/\/hookahshop.lt\/et\/toode\/vesipiip-totem-idol-green-spark\/","title":{"rendered":"Vesipiip TOTEM Idol Green Spark"},"content":{"rendered":"<h2>Vesipiip TOTEM Idol Green Spark<\/h2>\n<p>Sum\u00f5st p\u00e4rit Ukraina toodanguga vesipiip. V\u00f5lli sisemised ja k\u00f5ik v\u00e4limised metallelemendid on valmistatud roostevabast terasest, v\u00e4lisviimistlus on kvaliteetsest t\u00f6\u00f6deldud puidust, mis kestab v\u00e4ga kaua. Unikaalne vooliku\u00fchendus ilma tihendita ja paljud teised pisipiibud muudavad selle vesipiibu v\u00e4\u00e4rtuslikuks konkurendiks igale tunnustatud vesipiibu turuliidrile.<\/p>\n<p><strong>Varustus:<\/strong> v\u00f5ll, plaat, voolik, huulik, tihend, kaubam\u00e4rgiga pakend.<\/p>\n<p>Kas teil on k\u00fcsimusi? v\u00f5ta meiega \u00fchendust <a href=\"https:\/\/hookahshop.lt\/et\/kontaktid\/\">kontaktide leht<\/a> v\u00f5i saatke meile e-kiri aadressil <a href=\"https:\/\/facebook.com\/HookahShop.lt\/\" target=\"_blank\" rel=\"noopener noreferrer\">Facebooki konto<\/a> ja vastame teie taotlusele samal p\u00e4eval.<\/p>","protected":false},"excerpt":{"rendered":"<p>Vesipiip TOTEM Idol Green Spark Ukraina toodangu vesipiip Sumyst. V\u00f5lli sisemised ja k\u00f5ik v\u00e4limised metallelemendid on valmistatud roostevabast terasest, v\u00e4lisviimistlus on kvaliteetsest t\u00f6\u00f6deldud puidust, mis kestab v\u00e4ga kaua. Unikaalne vooliku\u00fchendus ilma tihendita ja paljud teised pisipiibud muudavad selle vesipiibu v\u00e4\u00e4rtuslikuks konkurendiks igale tunnustatud vesipiibu turuliidrile. Varustus: [\u2026]<\/p>","protected":false},"featured_media":11771,"comment_status":"open","ping_status":"closed","template":"","meta":[],"_links":{"self":[{"href":"https:\/\/hookahshop.lt\/et\/wp-json\/wp\/v2\/product\/11768"}],"collection":[{"href":"https:\/\/hookahshop.lt\/et\/wp-json\/wp\/v2\/product"}],"about":[{"href":"https:\/\/hookahshop.lt\/et\/wp-json\/wp\/v2\/types\/product"}],"replies":[{"embeddable":true,"href":"https:\/\/hookahshop.lt\/et\/wp-json\/wp\/v2\/comments?post=11768"}],"version-history":[{"count":2,"href":"https:\/\/hookahshop.lt\/et\/wp-json\/wp\/v2\/product\/11768\/revisions"}],"predecessor-version":[{"id":22766,"href":"https:\/\/hookahshop.lt\/et\/wp-json\/wp\/v2\/product\/11768\/revisions\/22766"}],"wp:featuredmedia":[{"embeddable":true,"href":"https:\/\/hookahshop.lt\/et\/wp-json\/wp\/v2\/media\/11771"}],"wp:attachment":[{"href":"https:\/\/hookahshop.lt\/et\/wp-json\/wp\/v2\/media?parent=11768"}],"curies":[{"name":"wp","href":"https:\/\/api.w.org\/{rel}","templated":true}]}}