{"id":11796,"date":"2020-09-10T20:57:50","date_gmt":"2020-09-10T17:57:50","guid":{"rendered":"https:\/\/hookahshop.lt\/?post_type=product&#038;p=11796"},"modified":"2026-04-14T23:28:56","modified_gmt":"2026-04-14T20:28:56","slug":"kaljanas-totem-evo-blue","status":"publish","type":"product","link":"https:\/\/hookahshop.lt\/et\/toode\/vesipiip-totem-evo-blue\/","title":{"rendered":"Vesipiip TOTEM Evo Blue"},"content":{"rendered":"<h2>Vesipiip TOTEM Evo Blue<\/h2>\n<p>Roostevabast terasest valmistatud vesipiibu seeria tehiskivist siset\u00fckiga Ukraina firmalt Totem Hookah. Julget t\u00e4helepanu p\u00f6\u00f6ratakse originaalsele r\u00f5nga puhumisele ning arvestades toote k\u00f5ikide osade tootmise ja t\u00f6\u00f6tlemise kvaliteeti, v\u00f5ib Totem Hokah vesipiibu v\u00e4ga soodsa hinnaga julgelt tippklassi segmenti liigitada. Voolikuport on \u00fchendatud vesipiibu konksuga, mis muudab selle kasutamise lihtsamaks ja usaldusv\u00e4\u00e4rsemaks, kaotamata kogu toote eksklusiivset v\u00e4limust. Pol\u00fcatsetaalist siset\u00fckk tagab vesipiibu lihtsa ja kiire transportimise.<\/p>\n<p>M\u00f5\u00f5dud:<br \/>\nK\u00f5rgus: umbes 53 cm<\/p>\n<p>Tarne ulatus:<br \/>\n- 1x v\u00f5ll koos difuusoriga<br \/>\n- 1x plaat<br \/>\n- 1x vooliku adapter<br \/>\n- 1x l\u00f5\u00f5r koos peaadapteriga (lahti keeratav)<br \/>\n- 1x silikoonvoolik roostevabast terasest huulikuga<br \/>\n- 1x tihendite komplekt (vooliku tihend, pea tihend)<br \/>\n- 1x s\u00fcsiniklapp<\/p>\n<p>Kas teil on k\u00fcsimusi? v\u00f5ta meiega \u00fchendust <a href=\"https:\/\/hookahshop.lt\/et\/kontaktid\/\">kontaktide leht<\/a> v\u00f5i saatke meile e-kiri aadressil <a href=\"https:\/\/facebook.com\/HookahShop.lt\/\" target=\"_blank\" rel=\"noopener noreferrer\">Facebooki konto<\/a> ja vastame teie taotlusele samal p\u00e4eval.<\/p>","protected":false},"excerpt":{"rendered":"<p>Vesipiip TOTEM Evo Blue Hookah sari roostevabast terasest tehiskivist siset\u00fckiga Ukraina firmalt Totem Hookah. Julget t\u00e4helepanu p\u00f6\u00f6ratakse originaalsele r\u00f5nga puhumisele ning arvestades toote k\u00f5ikide osade tootmise ja t\u00f6\u00f6tlemise kvaliteeti, v\u00f5ib Totem Hokah vesipiibu v\u00e4ga soodsa hinnaga julgelt tippklassi segmenti liigitada. Voolikuport on \u00fchendatud [\u2026]<\/p>","protected":false},"featured_media":11797,"comment_status":"open","ping_status":"closed","template":"","meta":[],"_links":{"self":[{"href":"https:\/\/hookahshop.lt\/et\/wp-json\/wp\/v2\/product\/11796"}],"collection":[{"href":"https:\/\/hookahshop.lt\/et\/wp-json\/wp\/v2\/product"}],"about":[{"href":"https:\/\/hookahshop.lt\/et\/wp-json\/wp\/v2\/types\/product"}],"replies":[{"embeddable":true,"href":"https:\/\/hookahshop.lt\/et\/wp-json\/wp\/v2\/comments?post=11796"}],"version-history":[{"count":2,"href":"https:\/\/hookahshop.lt\/et\/wp-json\/wp\/v2\/product\/11796\/revisions"}],"predecessor-version":[{"id":22758,"href":"https:\/\/hookahshop.lt\/et\/wp-json\/wp\/v2\/product\/11796\/revisions\/22758"}],"wp:featuredmedia":[{"embeddable":true,"href":"https:\/\/hookahshop.lt\/et\/wp-json\/wp\/v2\/media\/11797"}],"wp:attachment":[{"href":"https:\/\/hookahshop.lt\/et\/wp-json\/wp\/v2\/media?parent=11796"}],"curies":[{"name":"wp","href":"https:\/\/api.w.org\/{rel}","templated":true}]}}