{"id":11800,"date":"2020-09-10T21:53:12","date_gmt":"2020-09-10T18:53:12","guid":{"rendered":"https:\/\/hookahshop.lt\/?post_type=product&#038;p=11800"},"modified":"2026-04-18T23:28:48","modified_gmt":"2026-04-18T20:28:48","slug":"kaljanas-totem-elixir-zebra-matt","status":"publish","type":"product","link":"https:\/\/hookahshop.lt\/et\/toode\/vesipiip-totem-elixir-zebra-matt\/","title":{"rendered":"Vesipiip TOTEM Elixir Zebra Matt"},"content":{"rendered":"<h2>Vesipiip TOTEM Elixir Zebra Matt<\/h2>\n<p>See on Ukraina ettev\u00f5tte Totem Hookah puidust siset\u00fckiga roostevabast terasest vesipiibud. T\u00f6\u00f6kvaliteedi ja toote k\u00f5ikide osade t\u00f6\u00f6tluse p\u00f5hjal v\u00f5ib Totem Hokah vesipiibu v\u00e4ga soodsa hinnaga ohutult klassifitseerida tippklassi segmenti. H\u00e4sti kujundatud ja kohandatud puiduviimistlus on silmale meeldiv ja j\u00e4tab suurep\u00e4rase sensoorse tunde. Vooliku\u00fchendus on \u00fchendatud vesipiibu konksuga, v\u00f5imaldades lihtsat ja usaldusv\u00e4\u00e4rset kasutamist ilma kogu toote eksklusiivset v\u00e4limust kaotamata. Pol\u00fcatsetaalist siset\u00fckk tagab vesipiibu lihtsa ja kiire kaitse. Ja muidugi ei saa ignoreerida muljetavaldavat kaubam\u00e4rgiga pakendit, mis ainult r\u00f5hutab vesipiibu omaniku maitset.<\/p>\n<p><strong>Varustus:<\/strong><br \/>\ntaldrik;<br \/>\nOriginaal huulik;<br \/>\nSilikoonvoolik &quot;Soft Touch&quot;;<br \/>\nTihendite komplekt;<br \/>\nVooliku vedru;<br \/>\nv\u00f5ll;<br \/>\nKaubam\u00e4rgiga pakend.<\/p>\n<p>Kas teil on k\u00fcsimusi? v\u00f5ta meiega \u00fchendust <a href=\"https:\/\/hookahshop.lt\/et\/kontaktid\/\">kontaktide leht<\/a> v\u00f5i saatke meile e-kiri aadressil <a href=\"https:\/\/facebook.com\/HookahShop.lt\/\" target=\"_blank\" rel=\"noopener noreferrer\">Facebooki konto<\/a> ja vastame teie taotlusele samal p\u00e4eval.<\/p>","protected":false},"excerpt":{"rendered":"<p>Vesipiip TOTEM Elixir Zebra Matt See on Ukraina ettev\u00f5tte Totem Hookah puidust vahet\u00fckiga roostevabast terasest vesipiibud. T\u00f6\u00f6kvaliteedi ja toote k\u00f5ikide osade t\u00f6\u00f6tluse p\u00f5hjal v\u00f5ib Totem Hokah vesipiibu v\u00e4ga soodsa hinnaga ohutult klassifitseerida tippklassi segmenti. H\u00e4sti kujundatud ja kohandatud puiduviimistlus on silmale meeldiv ja j\u00e4tab suurep\u00e4rase sensoorse tunde. Vooliku\u00fchendus [\u2026]<\/p>","protected":false},"featured_media":11816,"comment_status":"open","ping_status":"closed","template":"","meta":[],"_links":{"self":[{"href":"https:\/\/hookahshop.lt\/et\/wp-json\/wp\/v2\/product\/11800"}],"collection":[{"href":"https:\/\/hookahshop.lt\/et\/wp-json\/wp\/v2\/product"}],"about":[{"href":"https:\/\/hookahshop.lt\/et\/wp-json\/wp\/v2\/types\/product"}],"replies":[{"embeddable":true,"href":"https:\/\/hookahshop.lt\/et\/wp-json\/wp\/v2\/comments?post=11800"}],"version-history":[{"count":2,"href":"https:\/\/hookahshop.lt\/et\/wp-json\/wp\/v2\/product\/11800\/revisions"}],"predecessor-version":[{"id":22752,"href":"https:\/\/hookahshop.lt\/et\/wp-json\/wp\/v2\/product\/11800\/revisions\/22752"}],"wp:featuredmedia":[{"embeddable":true,"href":"https:\/\/hookahshop.lt\/et\/wp-json\/wp\/v2\/media\/11816"}],"wp:attachment":[{"href":"https:\/\/hookahshop.lt\/et\/wp-json\/wp\/v2\/media?parent=11800"}],"curies":[{"name":"wp","href":"https:\/\/api.w.org\/{rel}","templated":true}]}}