{"id":11839,"date":"2020-09-14T14:44:53","date_gmt":"2020-09-14T11:44:53","guid":{"rendered":"https:\/\/hookahshop.lt\/?post_type=product&#038;p=11839"},"modified":"2026-04-17T23:29:09","modified_gmt":"2026-04-17T20:29:09","slug":"anglys-kaljanui-cocopalm-26mm-1kg","status":"publish","type":"product","link":"https:\/\/hookahshop.lt\/et\/toode\/kivisusi-vesipiip-cocopalm-26mm-1kg\/","title":{"rendered":"S\u00fcsi vesipiibule COCOPALM 26mm 1kg"},"content":{"rendered":"<h2>S\u00fcsi vesipiibule COCOPALM 26mm 1kg<\/h2>\n<p>Sellel s\u00f6el pole p\u00f5letavat l\u00f5hna ja see ei j\u00e4ta j\u00e4relmaitset. See s\u00fcsi ei j\u00e4ta palju tuhka ega sisalda t\u00e4iendavaid aroome. Nende s\u00f6edega ei pea te tuhka puhuma, kuna need s\u00f6ed j\u00e4tavad p\u00f5lemisel v\u00e4ga v\u00e4he tuhka.<br \/>\n\u00dche s\u00fcsiniku m\u00f5\u00f5tmed: 26x26x26mm<br \/>\nKarbis on 64 s\u00fcsinikku.<br \/>\nEi sisalda keemilisi lisandeid.<br \/>\nSuitsetamisel ei muutu l\u00f5hn ega maitse.<br \/>\nS\u00f6e p\u00f5letamiseks vajate vesipiibu, turistide gaasipliidi vms jaoks elektrilist pliiti.<br \/>\nP\u00e4ritoluriik: Indoneesia<\/p>\n<p>Kas teil on k\u00fcsimusi? v\u00f5ta meiega \u00fchendust <a href=\"https:\/\/hookahshop.lt\/et\/kontaktid\/\">kontaktide leht<\/a> v\u00f5i saatke meile e-kiri aadressil <a href=\"https:\/\/facebook.com\/HookahShop.lt\/\" target=\"_blank\" rel=\"noopener noreferrer\">Facebooki konto<\/a> ja vastame teie taotlusele samal p\u00e4eval.<\/p>\n<p>&nbsp;<\/p>","protected":false},"excerpt":{"rendered":"<p>S\u00fcsi vesipiibu jaoks COCOPALM 26mm 1kg Sellel s\u00f6el pole p\u00f5lemisl\u00f5hna ega j\u00e4ta j\u00e4relmaitset. See s\u00fcsi ei j\u00e4ta palju tuhka ja sellel puuduvad t\u00e4iendavad aroomid. Nende s\u00f6ega ei pea te tuhka puhuma, sest need s\u00f6ed j\u00e4tavad p\u00f5lemisel v\u00e4ga v\u00e4he tuhka. \u00dche s\u00fcsiniku m\u00f5\u00f5dud: 26x26x26mm Karbis on 64 s\u00fcsinikku. Ei sisalda keemilisi lisandeid. Ei l\u00f5hna suitsetamisel ega [\u2026]<\/p>","protected":false},"featured_media":22561,"comment_status":"open","ping_status":"closed","template":"","meta":[],"_links":{"self":[{"href":"https:\/\/hookahshop.lt\/et\/wp-json\/wp\/v2\/product\/11839"}],"collection":[{"href":"https:\/\/hookahshop.lt\/et\/wp-json\/wp\/v2\/product"}],"about":[{"href":"https:\/\/hookahshop.lt\/et\/wp-json\/wp\/v2\/types\/product"}],"replies":[{"embeddable":true,"href":"https:\/\/hookahshop.lt\/et\/wp-json\/wp\/v2\/comments?post=11839"}],"version-history":[{"count":5,"href":"https:\/\/hookahshop.lt\/et\/wp-json\/wp\/v2\/product\/11839\/revisions"}],"predecessor-version":[{"id":32910,"href":"https:\/\/hookahshop.lt\/et\/wp-json\/wp\/v2\/product\/11839\/revisions\/32910"}],"wp:featuredmedia":[{"embeddable":true,"href":"https:\/\/hookahshop.lt\/et\/wp-json\/wp\/v2\/media\/22561"}],"wp:attachment":[{"href":"https:\/\/hookahshop.lt\/et\/wp-json\/wp\/v2\/media?parent=11839"}],"curies":[{"name":"wp","href":"https:\/\/api.w.org\/{rel}","templated":true}]}}