{"id":11849,"date":"2020-09-14T17:53:15","date_gmt":"2020-09-14T14:53:15","guid":{"rendered":"https:\/\/hookahshop.lt\/?post_type=product&#038;p=11849"},"modified":"2026-04-05T23:28:57","modified_gmt":"2026-04-05T20:28:57","slug":"kaljano-komplektas-bigmaks-rapier","status":"publish","type":"product","link":"https:\/\/hookahshop.lt\/et\/toode\/vesipiibukomplektid-bigmaks-rapier\/","title":{"rendered":"Vesipiibukomplekt BIGMAKS Rapier"},"content":{"rendered":"<h2>Vesipiibukomplekt BIGMAKS Rapier<\/h2>\n<p>See on minimalistlik sari, mis on loodud vesipiibu suitsetamise nautimiseks hajuti t\u00f5mbej\u00f5uga (vesipiibu t\u00f5mbej\u00f5ud on reguleerimata).<br \/>\nVesipiibus\u00fcsteem koosneb viiest ventiilist, mis v\u00f5imaldavad teil kolbi kohe suitsust puhastada, samuti jahutatakse kaussi seda t\u00e4itmata.<br \/>\nV\u00f5ll, koonus, huulik ja plaat on valmistatud roostevabast terasest AISI304, detailide v\u00e4ga t\u00e4pse t\u00f6\u00f6tlemisega. Keermestatud kokkupanek. Kasutatakse O-r\u00f5nga \u00fchendusi.<\/p>\n<p>Vesipiibu k\u00f5rgus: 450 mm<\/p>\n<p><strong>Varustus:<\/strong><br \/>\nV\u00f5ll -1 tk.<br \/>\nVesipiibu plaat br\u00e4ndi graveeringuga - 1 tk.<br \/>\nHuulik - 1 tk.<br \/>\nSilikoonvoolik - 1 tk.<br \/>\nTihendid - 2 tk.<br \/>\nKolb (erineb fotol olevast) - 1 tk.<br \/>\nTangid - 1 tk.<br \/>\nKuumutuskamber - 1 tk.<br \/>\nTass (v\u00f5ib erineda fotol olevast) - 1tk.<br \/>\nS\u00fcsinik Zocomo 1kg - 1tk.<br \/>\nPliit - 1tk.<\/p>\n<p>Kas teil on k\u00fcsimusi? v\u00f5ta meiega \u00fchendust <a href=\"https:\/\/hookahshop.lt\/et\/kontaktid\/\">kontaktide leht<\/a> v\u00f5i saatke meile e-kiri aadressil <a href=\"https:\/\/facebook.com\/HookahShop.lt\/\" target=\"_blank\" rel=\"noopener noreferrer\">Facebooki konto<\/a> ja vastame teie taotlusele samal p\u00e4eval.<\/p>","protected":false},"excerpt":{"rendered":"<p>Vesipiibu komplekt BIGMAKS Rapier See on minimalistlik liin, mis on m\u00f5eldud vesipiibu suitsetamise nautimiseks hajuti t\u00f5mbej\u00f5uga (piibu t\u00f5mbej\u00f5ud ei ole reguleeritav). Vesipiibu s\u00fcsteem koosneb viiest ventiilist, mis v\u00f5imaldavad kolbi kohe suitsust puhastada, samuti jahutada kaussi ilma seda t\u00e4itmata. V\u00f5ll, koonus, huulik ja plaat on valmistatud roostevabast terasest AISI304, mis t\u00f6\u00f6tleb detaile suure t\u00e4psusega. Keermestatud montaa\u017e. [\u2026]<\/p>","protected":false},"featured_media":28032,"comment_status":"open","ping_status":"closed","template":"","meta":[],"_links":{"self":[{"href":"https:\/\/hookahshop.lt\/et\/wp-json\/wp\/v2\/product\/11849"}],"collection":[{"href":"https:\/\/hookahshop.lt\/et\/wp-json\/wp\/v2\/product"}],"about":[{"href":"https:\/\/hookahshop.lt\/et\/wp-json\/wp\/v2\/types\/product"}],"replies":[{"embeddable":true,"href":"https:\/\/hookahshop.lt\/et\/wp-json\/wp\/v2\/comments?post=11849"}],"version-history":[{"count":4,"href":"https:\/\/hookahshop.lt\/et\/wp-json\/wp\/v2\/product\/11849\/revisions"}],"predecessor-version":[{"id":34576,"href":"https:\/\/hookahshop.lt\/et\/wp-json\/wp\/v2\/product\/11849\/revisions\/34576"}],"wp:featuredmedia":[{"embeddable":true,"href":"https:\/\/hookahshop.lt\/et\/wp-json\/wp\/v2\/media\/28032"}],"wp:attachment":[{"href":"https:\/\/hookahshop.lt\/et\/wp-json\/wp\/v2\/media?parent=11849"}],"curies":[{"name":"wp","href":"https:\/\/api.w.org\/{rel}","templated":true}]}}