{"id":11861,"date":"2020-09-14T20:44:55","date_gmt":"2020-09-14T17:44:55","guid":{"rendered":"https:\/\/hookahshop.lt\/?post_type=product&#038;p=11861"},"modified":"2026-04-18T23:28:54","modified_gmt":"2026-04-18T20:28:54","slug":"kolba-kaljanui-bigmaks-base-starred-night","status":"publish","type":"product","link":"https:\/\/hookahshop.lt\/et\/toode\/kolb-vesipiibu-bigmaks-base-starred-night\/","title":{"rendered":"Kolb vesipiibule BIGMAKS Base Starred Night"},"content":{"rendered":"<h2>KOLBA KALJANUI BIGMAKS BASE T\u00e4htede \u00f6\u00f6<\/h2>\n<p>See on helendav tume vesipiibu kolb nimega &quot;Starry Night&quot;, mis on valmistatud &quot;aluse&quot; kujuga toidukvaliteediga kristallklaasist.<br \/>\nBigMaks Base annab edasi mulje t\u00e4histaevast.<br \/>\nPimedas helendavad tilgad kolvis.<br \/>\n\u2800<br \/>\n<strong><span title=\"\">Spetsifikatsioonid:<\/span><\/strong><br \/>\nK\u00f5rgus: 256 mm<br \/>\nKaal: ~1300 g<br \/>\nKurgu v\u00e4lisl\u00e4bim\u00f5\u00f5t: 71 mm<br \/>\nSisek\u00f5ri l\u00e4bim\u00f5\u00f5t: 47 mm<br \/>\nToote materjal: kristallklaas<\/p>\n<p>Kas teil on k\u00fcsimusi? v\u00f5ta meiega \u00fchendust <a href=\"https:\/\/hookahshop.lt\/et\/kontaktid\/\">kontaktide leht<\/a> v\u00f5i saatke meile e-kiri aadressil <a href=\"https:\/\/facebook.com\/HookahShop.lt\/\" target=\"_blank\" rel=\"noopener noreferrer\">Facebooki konto<\/a> ja vastame teie taotlusele samal p\u00e4eval.<\/p>","protected":false},"excerpt":{"rendered":"<p>KOLBA KALJANUI BIGMAKS BASE Starred Night Tai yra \u0161vytinti tamsioje kaljano kolboja, vadinama \u201e\u017dvaig\u017ed\u0117ta naktis\u201c, pagaminta i\u0161 maistinio kri\u0161tolo stiklo, \u201eBaz\u0117s\u201c formos. \u201eBigMaks Base\u201c (\u201e\u017dvaig\u017ed\u0117ta naktis\u201c) perteikia naktinio \u017evaig\u017ed\u0117to dangaus \u012fsp\u016bd\u012f. Tamsoje la\u0161ai kolboje \u0161vie\u010diasi. \u2800 Specifikacijos: Auk\u0161tis: 256 mm Svoris: ~ 1300 g I\u0161orinis gerkl\u0117s skersmuo: 71 mm Vidinis gerkl\u0117s skersmuo: 47 mm Produkto [&hellip;]<\/p>","protected":false},"featured_media":21230,"comment_status":"open","ping_status":"closed","template":"","meta":[],"_links":{"self":[{"href":"https:\/\/hookahshop.lt\/et\/wp-json\/wp\/v2\/product\/11861"}],"collection":[{"href":"https:\/\/hookahshop.lt\/et\/wp-json\/wp\/v2\/product"}],"about":[{"href":"https:\/\/hookahshop.lt\/et\/wp-json\/wp\/v2\/types\/product"}],"replies":[{"embeddable":true,"href":"https:\/\/hookahshop.lt\/et\/wp-json\/wp\/v2\/comments?post=11861"}],"version-history":[{"count":8,"href":"https:\/\/hookahshop.lt\/et\/wp-json\/wp\/v2\/product\/11861\/revisions"}],"predecessor-version":[{"id":45041,"href":"https:\/\/hookahshop.lt\/et\/wp-json\/wp\/v2\/product\/11861\/revisions\/45041"}],"wp:featuredmedia":[{"embeddable":true,"href":"https:\/\/hookahshop.lt\/et\/wp-json\/wp\/v2\/media\/21230"}],"wp:attachment":[{"href":"https:\/\/hookahshop.lt\/et\/wp-json\/wp\/v2\/media?parent=11861"}],"curies":[{"name":"wp","href":"https:\/\/api.w.org\/{rel}","templated":true}]}}