{"id":11902,"date":"2020-09-15T10:43:16","date_gmt":"2020-09-15T07:43:16","guid":{"rendered":"https:\/\/hookahshop.lt\/?post_type=product&#038;p=11902"},"modified":"2026-04-17T23:29:27","modified_gmt":"2026-04-17T20:29:27","slug":"kolba-kaljanui-bigmaks-base-mirrored-gold","status":"publish","type":"product","link":"https:\/\/hookahshop.lt\/et\/toode\/kolb-vesipiibu-bigmaks-base-mirrored-gold\/","title":{"rendered":"Kolb vesipiibule BIGMAKS Base Mirrored Gold"},"content":{"rendered":"<h2>Pudel konksu jaoks BigMaks Base Mirrored Gold<\/h2>\n<p>See on kolb, mis sobib peaaegu igale vesipiibule, tavalise \u00fchendusega, see on kerge ja vastupidav kolb. Venemaa tootja BigMaks r\u00f5\u00f5mustab juba aastaid oma v\u00e4ljat\u00f6\u00f6tatud kolbidega ja on \u00fcks juhtivaid tootjaid turul.<\/p>\n<p>See on toode, mis kestab mitu aastat. T\u00e4nu kvaliteetsele v\u00e4rvikattele s\u00e4ilitab see kolb kindlasti pikka aega oma esindusliku pildi ja n\u00e4eb v\u00e4lja t\u00e4pselt nagu tootja konveierilt. Sellel kolvil on paksud seinad. Paksud seinad tagavad halva heliisolatsiooni, mis on hajutita suitsetamiseks piisavalt oluline. BigMaksi Base Mirrored Gold konksu pikaealisuse t\u00f5ttu ei pea te muretsema selle kolvi purustamise ega muul viisil kahjustamise p\u00e4rast. T\u00e4nu oma unikaalsele kujule (kitsam p\u00f5hi) saate selle kolbi kaasa v\u00f5tta k\u00f5ikjal, kuhu reisite.<\/p>\n<p>Kas teil on k\u00fcsimusi? v\u00f5ta meiega \u00fchendust <a href=\"https:\/\/hookahshop.lt\/et\/kontaktid\/\">kontaktide leht<\/a> v\u00f5i saatke meile e-kiri aadressil <a href=\"https:\/\/facebook.com\/HookahShop.lt\/\" target=\"_blank\" rel=\"noopener noreferrer\">Facebooki konto<\/a> ja vastame teie taotlusele samal p\u00e4eval.<\/p>","protected":false},"excerpt":{"rendered":"<p>Konks BigMaks Base Mirrored Gold jaoks See on kolb, mis sobib peaaegu iga vesipiibuga, standardse \u00fchendusega on kerge ja vastupidav kolb. Vene tootja BigMaks on oma arendatud kolbidega r\u00f5\u00f5mustanud juba aastaid ja on \u00fcks juhtivaid tootjaid turul. See on toode, mis kestab palju aastaid. T\u00e4nu kvaliteetsele v\u00e4rvikattele on sellel kolbil t\u00f5eliselt pikk kasutusiga [\u2026]<\/p>","protected":false},"featured_media":11904,"comment_status":"open","ping_status":"closed","template":"","meta":[],"_links":{"self":[{"href":"https:\/\/hookahshop.lt\/et\/wp-json\/wp\/v2\/product\/11902"}],"collection":[{"href":"https:\/\/hookahshop.lt\/et\/wp-json\/wp\/v2\/product"}],"about":[{"href":"https:\/\/hookahshop.lt\/et\/wp-json\/wp\/v2\/types\/product"}],"replies":[{"embeddable":true,"href":"https:\/\/hookahshop.lt\/et\/wp-json\/wp\/v2\/comments?post=11902"}],"version-history":[{"count":3,"href":"https:\/\/hookahshop.lt\/et\/wp-json\/wp\/v2\/product\/11902\/revisions"}],"predecessor-version":[{"id":22976,"href":"https:\/\/hookahshop.lt\/et\/wp-json\/wp\/v2\/product\/11902\/revisions\/22976"}],"wp:featuredmedia":[{"embeddable":true,"href":"https:\/\/hookahshop.lt\/et\/wp-json\/wp\/v2\/media\/11904"}],"wp:attachment":[{"href":"https:\/\/hookahshop.lt\/et\/wp-json\/wp\/v2\/media?parent=11902"}],"curies":[{"name":"wp","href":"https:\/\/api.w.org\/{rel}","templated":true}]}}