{"id":11911,"date":"2020-09-15T10:52:12","date_gmt":"2020-09-15T07:52:12","guid":{"rendered":"https:\/\/hookahshop.lt\/?post_type=product&#038;p=11911"},"modified":"2026-04-16T10:21:06","modified_gmt":"2026-04-16T07:21:06","slug":"kolba-kaljanui-bigmaks-base-mirrored-blue","status":"publish","type":"product","link":"https:\/\/hookahshop.lt\/et\/toode\/kolb-vesipiibu-bigmaks-base-mirrored-blue\/","title":{"rendered":"Kolb vesipiibule BIGMAKS Base Mirrored Blue"},"content":{"rendered":"<h2>Haakkonks BigMaks Base Mirrored Blue<\/h2>\n<p>See on kolb, mis sobib peaaegu igale vesipiibule, tavalise \u00fchendusega, see on kerge ja vastupidav kolb. Venemaa tootja BigMaks r\u00f5\u00f5mustab juba aastaid oma v\u00e4ljat\u00f6\u00f6tatud kolbidega ja on \u00fcks juhtivaid tootjaid turul.<\/p>\n<p>See on toode, mis kestab palju aastaid. T\u00e4nu kvaliteetsele v\u00e4rvikattele s\u00e4ilitab see kolb oma esindusliku kuvandi kindlasti kaua ja n\u00e4eb v\u00e4lja t\u00e4pselt nagu tootja konveier. Sellel kolvil on paksud seinad. Paksud seinad tagavad halva heliisolatsiooni, mis on ilma difuusorita suitsetamiseks piisavalt oluline. BigMaks Base Mirrored (sinine) pikaealisuse t\u00f5ttu ei pea muretsema selle kolbi purunemise v\u00f5i muul viisil kahjustamise p\u00e4rast. T\u00e4nu ainulaadsele kujule (kitsam p\u00f5hi) v\u00f5id selle kolbi endaga kaasa v\u00f5tta k\u00f5ikjale, kuhu reisid.<\/p>\n<p>Kas teil on k\u00fcsimusi? v\u00f5ta meiega \u00fchendust <a href=\"https:\/\/hookahshop.lt\/et\/kontaktid\/\">kontaktide leht<\/a> v\u00f5i saatke meile e-kiri aadressil <a href=\"https:\/\/facebook.com\/HookahShop.lt\/\" target=\"_blank\" rel=\"noopener noreferrer\">Facebooki konto<\/a> ja vastame teie taotlusele samal p\u00e4eval.<\/p>","protected":false},"excerpt":{"rendered":"<p>Hook for BigMaks Base Mirrored Blue See on kolb, mis sobib peaaegu iga vesipiibuga, standardse \u00fchendusega on kerge ja vastupidav kolb. Vene tootja BigMaks on oma arendatud kolbidega r\u00f5\u00f5mustanud juba aastaid ja on \u00fcks juhtivaid tootjaid turul. See on toode, mis kestab palju aastaid. T\u00e4nu kvaliteetsele v\u00e4rvikattele on sellel kolbil t\u00f5eliselt pikk kasutusiga [\u2026]<\/p>","protected":false},"featured_media":11912,"comment_status":"open","ping_status":"closed","template":"","meta":[],"_links":{"self":[{"href":"https:\/\/hookahshop.lt\/et\/wp-json\/wp\/v2\/product\/11911"}],"collection":[{"href":"https:\/\/hookahshop.lt\/et\/wp-json\/wp\/v2\/product"}],"about":[{"href":"https:\/\/hookahshop.lt\/et\/wp-json\/wp\/v2\/types\/product"}],"replies":[{"embeddable":true,"href":"https:\/\/hookahshop.lt\/et\/wp-json\/wp\/v2\/comments?post=11911"}],"version-history":[{"count":3,"href":"https:\/\/hookahshop.lt\/et\/wp-json\/wp\/v2\/product\/11911\/revisions"}],"predecessor-version":[{"id":22974,"href":"https:\/\/hookahshop.lt\/et\/wp-json\/wp\/v2\/product\/11911\/revisions\/22974"}],"wp:featuredmedia":[{"embeddable":true,"href":"https:\/\/hookahshop.lt\/et\/wp-json\/wp\/v2\/media\/11912"}],"wp:attachment":[{"href":"https:\/\/hookahshop.lt\/et\/wp-json\/wp\/v2\/media?parent=11911"}],"curies":[{"name":"wp","href":"https:\/\/api.w.org\/{rel}","templated":true}]}}