{"id":11919,"date":"2020-09-15T11:12:43","date_gmt":"2020-09-15T08:12:43","guid":{"rendered":"https:\/\/hookahshop.lt\/?post_type=product&#038;p=11919"},"modified":"2026-04-15T23:29:08","modified_gmt":"2026-04-15T20:29:08","slug":"sakute-kaljano-tabakui-maklaud-merlin","status":"publish","type":"product","link":"https:\/\/hookahshop.lt\/et\/toode\/kahvel-tubaka-maklaud-merlin\/","title":{"rendered":"Kahvel tubaka MAKLAUD Merlin"},"content":{"rendered":"<h2>Kahvel tubaka MAKLAUD Merlin<\/h2>\n<p>Valmistatud suure n\u00f5ia Merlini eseme j\u00e4rgi.<\/p>\n<p>Spetsifikatsioonid:<br \/>\nKoostis: messing ja kaunistatud looduskiviga.<br \/>\nPikkus: 127 mm<br \/>\nT\u00f6\u00f6pinna pikkus: 35 mm<br \/>\nKaal: umbes 25 g.<\/p>\n<p>Kas teil on k\u00fcsimusi? v\u00f5ta meiega \u00fchendust <a href=\"https:\/\/hookahshop.lt\/et\/kontaktid\/\">kontaktide leht<\/a> v\u00f5i saatke meile e-kiri aadressil <a href=\"https:\/\/facebook.com\/HookahShop.lt\/\" target=\"_blank\" rel=\"noopener noreferrer\">Facebooki konto<\/a> ja vastame teie taotlusele samal p\u00e4eval.<\/p>","protected":false},"excerpt":{"rendered":"<p>Vesipiibu tubakakahvel MAKLAUD Merlin Valmistatud suure n\u00f5ia Merlini artefakti j\u00e4rgi. Tehnilised andmed: Koostis: messing ja kaunistatud loodusliku kiviga. Pikkus: 127mm T\u00f6\u00f6pinna pikkus: 35mm Kaal: umbes 25g. Kas teil on k\u00fcsimusi? V\u00f5tke meiega \u00fchendust kontaktide lehel v\u00f5i kirjutage meile oma Facebooki kontol ja vastame teie p\u00e4ringule samal p\u00e4eval.<\/p>","protected":false},"featured_media":11922,"comment_status":"open","ping_status":"closed","template":"","meta":[],"_links":{"self":[{"href":"https:\/\/hookahshop.lt\/et\/wp-json\/wp\/v2\/product\/11919"}],"collection":[{"href":"https:\/\/hookahshop.lt\/et\/wp-json\/wp\/v2\/product"}],"about":[{"href":"https:\/\/hookahshop.lt\/et\/wp-json\/wp\/v2\/types\/product"}],"replies":[{"embeddable":true,"href":"https:\/\/hookahshop.lt\/et\/wp-json\/wp\/v2\/comments?post=11919"}],"version-history":[{"count":4,"href":"https:\/\/hookahshop.lt\/et\/wp-json\/wp\/v2\/product\/11919\/revisions"}],"predecessor-version":[{"id":43112,"href":"https:\/\/hookahshop.lt\/et\/wp-json\/wp\/v2\/product\/11919\/revisions\/43112"}],"wp:featuredmedia":[{"embeddable":true,"href":"https:\/\/hookahshop.lt\/et\/wp-json\/wp\/v2\/media\/11922"}],"wp:attachment":[{"href":"https:\/\/hookahshop.lt\/et\/wp-json\/wp\/v2\/media?parent=11919"}],"curies":[{"name":"wp","href":"https:\/\/api.w.org\/{rel}","templated":true}]}}