{"id":11920,"date":"2020-09-15T11:14:44","date_gmt":"2020-09-15T08:14:44","guid":{"rendered":"https:\/\/hookahshop.lt\/?post_type=product&#038;p=11920"},"modified":"2026-04-14T23:29:05","modified_gmt":"2026-04-14T20:29:05","slug":"kolba-kaljanui-bigmaks-elegant-white-blue","status":"publish","type":"product","link":"https:\/\/hookahshop.lt\/et\/toode\/kolb-vesipiibu-bigmaks-elegant-white-blue\/","title":{"rendered":"Kolb vesipiibule BIGMAKS Elegant White Blue"},"content":{"rendered":"<h2>Kolb Kaljanui BigMaks Elegant White-Blue jaoks<\/h2>\n<p>See on kolb, mis sobib peaaegu igale vesipiibule, tavalise \u00fchendusega, see on kerge ja vastupidav kolb. Venemaa tootja BigMaks r\u00f5\u00f5mustab juba aastaid oma v\u00e4ljat\u00f6\u00f6tatud kolbidega ja on \u00fcks juhtivaid tootjaid turul.<\/p>\n<p>See on toode, mis kestab palju aastaid. T\u00e4nu kvaliteetsele v\u00e4rvikattele s\u00e4ilitab see kolb oma esindusliku kuvandi kindlasti kaua ja n\u00e4eb v\u00e4lja t\u00e4pselt nagu tootja konveier. Sellel kolvil on paksud seinad. Paksud seinad tagavad halva heliisolatsiooni, mis on ilma difuusorita suitsetamiseks piisavalt oluline. BigMaks Elegant (valge-sinine) pikaealisuse t\u00f5ttu ei pea te muretsema, et see puruneb v\u00f5i muul viisil kahjustab. T\u00e4nu ainulaadsele kujule (kitsam p\u00f5hi) v\u00f5id selle kolbi endaga kaasa v\u00f5tta k\u00f5ikjale, kuhu reisid.<\/p>\n<p><strong>Spetsifikatsioonid<\/strong>:<br \/>\nK\u00f5rgus: 265 mm<br \/>\nKaal: ~ 2000 g<br \/>\nV\u00e4lise augu l\u00e4bim\u00f5\u00f5t: 70 mm<br \/>\nSisemine augu l\u00e4bim\u00f5\u00f5t: 45 mm<br \/>\nToote materjal: kristallklaas<\/p>\n<p>Kas teil on k\u00fcsimusi? v\u00f5ta meiega \u00fchendust <a href=\"https:\/\/hookahshop.lt\/et\/kontaktid\/\">kontaktide leht<\/a> v\u00f5i saatke meile e-kiri aadressil <a href=\"https:\/\/facebook.com\/HookahShop.lt\/\" target=\"_blank\" rel=\"noopener noreferrer\">Facebooki konto<\/a> ja vastame teie taotlusele samal p\u00e4eval.<\/p>","protected":false},"excerpt":{"rendered":"<p>Vesipiibu kolb BigMaks Elegant White-Blue See kolb sobib peaaegu k\u00f5ikidele vesipiipudele, standardse \u00fchendusega on kerge ja vastupidav kolb. Vene tootja BigMaks on oma arendatud kolbidega r\u00f5\u00f5mustanud juba aastaid ja on \u00fcks juhtivaid tootjaid turul. See on toode, mis kestab palju aastaid. T\u00e4nu kvaliteetsele v\u00e4rvikattele kestab see kolb kaua [\u2026]<\/p>","protected":false},"featured_media":11927,"comment_status":"open","ping_status":"closed","template":"","meta":[],"_links":{"self":[{"href":"https:\/\/hookahshop.lt\/et\/wp-json\/wp\/v2\/product\/11920"}],"collection":[{"href":"https:\/\/hookahshop.lt\/et\/wp-json\/wp\/v2\/product"}],"about":[{"href":"https:\/\/hookahshop.lt\/et\/wp-json\/wp\/v2\/types\/product"}],"replies":[{"embeddable":true,"href":"https:\/\/hookahshop.lt\/et\/wp-json\/wp\/v2\/comments?post=11920"}],"version-history":[{"count":5,"href":"https:\/\/hookahshop.lt\/et\/wp-json\/wp\/v2\/product\/11920\/revisions"}],"predecessor-version":[{"id":33623,"href":"https:\/\/hookahshop.lt\/et\/wp-json\/wp\/v2\/product\/11920\/revisions\/33623"}],"wp:featuredmedia":[{"embeddable":true,"href":"https:\/\/hookahshop.lt\/et\/wp-json\/wp\/v2\/media\/11927"}],"wp:attachment":[{"href":"https:\/\/hookahshop.lt\/et\/wp-json\/wp\/v2\/media?parent=11920"}],"curies":[{"name":"wp","href":"https:\/\/api.w.org\/{rel}","templated":true}]}}