{"id":11932,"date":"2020-09-15T11:22:39","date_gmt":"2020-09-15T08:22:39","guid":{"rendered":"https:\/\/hookahshop.lt\/?post_type=product&#038;p=11932"},"modified":"2026-05-02T23:29:18","modified_gmt":"2026-05-02T20:29:18","slug":"sakute-kaljano-tabakui-maklaud-styx","status":"publish","type":"product","link":"https:\/\/hookahshop.lt\/et\/toode\/kahvel-tubaka-maklaud-styx\/","title":{"rendered":"Kahvel tubaka MAKLAUD Styx"},"content":{"rendered":"<h2>Kahvel tubaka MAKLAUD Styx<\/h2>\n<p>Valmistatud Styxi stiilis, surnud hinge kandja. Kuuldavasti on Charon ise selle sakilise teega oma tassi t\u00e4itnud. Aga see on \u00fcsna tume lugu\u2026<\/p>\n<p>Spetsifikatsioonid:<br \/>\nMaterjal: messing<br \/>\nPikkus: 127 mm<br \/>\nT\u00f6\u00f6pinna pikkus: 35 mm<br \/>\nKaal: umbes 30 g.<\/p>\n<p>Kas teil on k\u00fcsimusi? v\u00f5ta meiega \u00fchendust <a href=\"https:\/\/hookahshop.lt\/et\/kontaktid\/\">kontaktide leht<\/a> v\u00f5i saatke meile e-kiri aadressil <a href=\"https:\/\/facebook.com\/HookahShop.lt\/\" target=\"_blank\" rel=\"noopener noreferrer\">Facebooki konto<\/a> ja vastame teie taotlusele samal p\u00e4eval.<\/p>","protected":false},"excerpt":{"rendered":"<p>Vesipiibu tubakakahvel MAKLAUD Styx Valmistatud surnute styx-kandja stiilis. Kuuldavasti on Charon ise selle sakilise teega oma tassi t\u00e4itnud. Aga see on \u00fcsna tume lugu... Tehnilised andmed: Materjal: messing Pikkus: 127mm T\u00f6\u00f6pinna pikkus: 35mm Kaal: umbes 30g. Kas teil on k\u00fcsimusi? V\u00f5tke meiega \u00fchendust kontaktide lehel v\u00f5i kirjutage meile oma Facebooki kontol ja me vastame [\u2026]<\/p>","protected":false},"featured_media":11937,"comment_status":"open","ping_status":"closed","template":"","meta":[],"_links":{"self":[{"href":"https:\/\/hookahshop.lt\/et\/wp-json\/wp\/v2\/product\/11932"}],"collection":[{"href":"https:\/\/hookahshop.lt\/et\/wp-json\/wp\/v2\/product"}],"about":[{"href":"https:\/\/hookahshop.lt\/et\/wp-json\/wp\/v2\/types\/product"}],"replies":[{"embeddable":true,"href":"https:\/\/hookahshop.lt\/et\/wp-json\/wp\/v2\/comments?post=11932"}],"version-history":[{"count":4,"href":"https:\/\/hookahshop.lt\/et\/wp-json\/wp\/v2\/product\/11932\/revisions"}],"predecessor-version":[{"id":43113,"href":"https:\/\/hookahshop.lt\/et\/wp-json\/wp\/v2\/product\/11932\/revisions\/43113"}],"wp:featuredmedia":[{"embeddable":true,"href":"https:\/\/hookahshop.lt\/et\/wp-json\/wp\/v2\/media\/11937"}],"wp:attachment":[{"href":"https:\/\/hookahshop.lt\/et\/wp-json\/wp\/v2\/media?parent=11932"}],"curies":[{"name":"wp","href":"https:\/\/api.w.org\/{rel}","templated":true}]}}