{"id":11945,"date":"2020-09-15T11:41:16","date_gmt":"2020-09-15T08:41:16","guid":{"rendered":"https:\/\/hookahshop.lt\/?post_type=product&#038;p=11945"},"modified":"2026-04-15T12:28:56","modified_gmt":"2026-04-15T09:28:56","slug":"kaljanas-maklaud-banka","status":"publish","type":"product","link":"https:\/\/hookahshop.lt\/et\/toode\/vesipiip-maklaud-banka\/","title":{"rendered":"Kaljanas MAKLAUD pank"},"content":{"rendered":"<h2>Kaljanas MAKLAUD pank<\/h2>\n<p>Tegemist on spetsiifilise disainiga vesipiibuga, mis \u00fcllatab oma lihtsuse ja kordumatusega. Selle vesipiibu disain on t\u00e4iesti lihtne ning sellel ei ole v\u00e4ljam\u00f5eldud \u00fchendusi ega viimistlusi. See on vesipiip &quot;igaks p\u00e4evaks&quot;. Maklaud Banka on kerge ja kompaktne, nii et teil pole kindlasti probleeme selle transportimise ega kodus seadistamisega, isegi kui teil pole ruumi. See suurep\u00e4rane vesipiip sobib kalastamiseks ja teie lemmikkeskkonnas l\u00f5\u00f5gastumiseks<\/p>\n<p><strong>Spetsifikatsioonid:<\/strong><\/p>\n<p>K\u00f5rgus: 35 cm<br \/>\nVarre materjal: toidukvaliteediga alumiinium<br \/>\nSukelv\u00f5lli materjal: silikoon<br \/>\nKlapp: v\u00e4line<br \/>\nKinnitus: kl\u00f5psake<\/p>\n<p><strong>Funktsioonid:<\/strong><\/p>\n<p>V\u00f5lli<\/p>\n<p>Coaster<br \/>\nSilikoonvoolik<br \/>\nHuulik<br \/>\nHaavlip\u00fcss<br \/>\nPaigaldusjuhised<br \/>\nKast<\/p>\n<p>Kas teil on k\u00fcsimusi? v\u00f5ta meiega \u00fchendust <a href=\"https:\/\/hookahshop.lt\/et\/kontaktid\/\">kontaktide leht<\/a> v\u00f5i saatke meile e-kiri aadressil <a href=\"https:\/\/facebook.com\/HookahShop.lt\/\" target=\"_blank\" rel=\"noopener noreferrer\">Facebooki konto<\/a> ja vastame teie taotlusele samal p\u00e4eval.<\/p>","protected":false},"excerpt":{"rendered":"<p>Vesipiip MAKLAUD Banka See on spetsiifilise disainiga vesipiip, mis \u00fcllatab oma lihtsuse ja kordumatusega. Selle vesipiibu disain on t\u00e4iesti lihtne ning sellel ei ole v\u00e4ljam\u00f5eldud \u00fchendusi ega viimistlusi. See on vesipiip &quot;igaks p\u00e4evaks&quot;. Maklaud Banka on kerge ja kompaktne, nii et teil ei teki probleeme selle transportimise ega kodus seadistamisega, isegi kui teil pole ruumi. See suurep\u00e4rane [\u2026]<\/p>","protected":false},"featured_media":11955,"comment_status":"open","ping_status":"closed","template":"","meta":[],"_links":{"self":[{"href":"https:\/\/hookahshop.lt\/et\/wp-json\/wp\/v2\/product\/11945"}],"collection":[{"href":"https:\/\/hookahshop.lt\/et\/wp-json\/wp\/v2\/product"}],"about":[{"href":"https:\/\/hookahshop.lt\/et\/wp-json\/wp\/v2\/types\/product"}],"replies":[{"embeddable":true,"href":"https:\/\/hookahshop.lt\/et\/wp-json\/wp\/v2\/comments?post=11945"}],"version-history":[{"count":3,"href":"https:\/\/hookahshop.lt\/et\/wp-json\/wp\/v2\/product\/11945\/revisions"}],"predecessor-version":[{"id":33356,"href":"https:\/\/hookahshop.lt\/et\/wp-json\/wp\/v2\/product\/11945\/revisions\/33356"}],"wp:featuredmedia":[{"embeddable":true,"href":"https:\/\/hookahshop.lt\/et\/wp-json\/wp\/v2\/media\/11955"}],"wp:attachment":[{"href":"https:\/\/hookahshop.lt\/et\/wp-json\/wp\/v2\/media?parent=11945"}],"curies":[{"name":"wp","href":"https:\/\/api.w.org\/{rel}","templated":true}]}}