{"id":11949,"date":"2020-09-15T11:40:08","date_gmt":"2020-09-15T08:40:08","guid":{"rendered":"https:\/\/hookahshop.lt\/?post_type=product&#038;p=11949"},"modified":"2026-04-19T23:28:48","modified_gmt":"2026-04-19T20:28:48","slug":"yla-kaljano-tabakui-maklaud-merlin","status":"publish","type":"product","link":"https:\/\/hookahshop.lt\/et\/toode\/yla-tubakas-maklaud-merlin\/","title":{"rendered":"Yla tubakas MAKLAUD Merlin"},"content":{"rendered":"<h2>Yla tubakas MAKLAUD Merlin<\/h2>\n<p>Valmistatud messingist ja kaunistatud 6 mm ahhaatkiviga.<br \/>\nSpetsifikatsioonid:<br \/>\nPikkus: 77mm<br \/>\nK\u00e4epideme pikkus: 50 mm<br \/>\nKaal: umbes 6 g.<\/p>\n<p>Kas teil on k\u00fcsimusi? v\u00f5ta meiega \u00fchendust\u00a0<a href=\"https:\/\/hookahshop.lt\/et\/kontaktid\/\">kontaktide leht<\/a>\u00a0v\u00f5i saatke meile e-kiri aadressil\u00a0<a href=\"https:\/\/facebook.com\/HookahShop.lt\/\" target=\"_blank\" rel=\"noopener noreferrer\">Facebooki konto<\/a>\u00a0ja vastame teie taotlusele samal p\u00e4eval.<\/p>","protected":false},"excerpt":{"rendered":"<p>Yla vesipiip tubakale MAKLAUD Merlin Valmistatud messingist ja kaunistatud 6 mm ahhaatkiviga. Tehnilised andmed: Pikkus: 77mm K\u00e4epideme pikkus: 50mm Kaal: umbes 6 g. Kas teil on k\u00fcsimusi? V\u00f5tke meiega \u00fchendust kontaktide lehel v\u00f5i kirjutage meile oma Facebooki kontol ja vastame teie p\u00e4ringule samal p\u00e4eval.<\/p>","protected":false},"featured_media":11950,"comment_status":"open","ping_status":"closed","template":"","meta":[],"_links":{"self":[{"href":"https:\/\/hookahshop.lt\/et\/wp-json\/wp\/v2\/product\/11949"}],"collection":[{"href":"https:\/\/hookahshop.lt\/et\/wp-json\/wp\/v2\/product"}],"about":[{"href":"https:\/\/hookahshop.lt\/et\/wp-json\/wp\/v2\/types\/product"}],"replies":[{"embeddable":true,"href":"https:\/\/hookahshop.lt\/et\/wp-json\/wp\/v2\/comments?post=11949"}],"version-history":[{"count":4,"href":"https:\/\/hookahshop.lt\/et\/wp-json\/wp\/v2\/product\/11949\/revisions"}],"predecessor-version":[{"id":43121,"href":"https:\/\/hookahshop.lt\/et\/wp-json\/wp\/v2\/product\/11949\/revisions\/43121"}],"wp:featuredmedia":[{"embeddable":true,"href":"https:\/\/hookahshop.lt\/et\/wp-json\/wp\/v2\/media\/11950"}],"wp:attachment":[{"href":"https:\/\/hookahshop.lt\/et\/wp-json\/wp\/v2\/media?parent=11949"}],"curies":[{"name":"wp","href":"https:\/\/api.w.org\/{rel}","templated":true}]}}