{"id":11958,"date":"2020-09-15T11:45:42","date_gmt":"2020-09-15T08:45:42","guid":{"rendered":"https:\/\/hookahshop.lt\/?post_type=product&#038;p=11958"},"modified":"2026-04-18T23:28:36","modified_gmt":"2026-04-18T20:28:36","slug":"yla-kaljano-tabakui-maklaud-styx","status":"publish","type":"product","link":"https:\/\/hookahshop.lt\/et\/toode\/yla-tubakas-maklaud-styx\/","title":{"rendered":"Yla tubakas MAKLAUD Styx"},"content":{"rendered":"<h2>Yla tubakas MAKLAUD Styx<\/h2>\n<p>Eksklusiivne messingist k\u00e4sit\u00f6\u00f6. Suurep\u00e4rane skeleti stiilis vaade.<br \/>\nSpetsifikatsioonid:<br \/>\nPikkus: 61mm<br \/>\nK\u00e4epideme pikkus: 31 mm<br \/>\nKaal: umbes 4 g.<\/p>\n<p>Kas teil on k\u00fcsimusi? v\u00f5ta meiega \u00fchendust <a href=\"https:\/\/hookahshop.lt\/et\/kontaktid\/\">kontaktide leht<\/a> v\u00f5i saatke meile e-kiri aadressil <a href=\"https:\/\/facebook.com\/HookahShop.lt\/\" target=\"_blank\" rel=\"noopener noreferrer\">Facebooki konto<\/a> ja vastame teie taotlusele samal p\u00e4eval.<\/p>","protected":false},"excerpt":{"rendered":"<p>Yla vesipiip tubakale MAKLAUD Styx Eksklusiivne messingist k\u00e4sit\u00f6\u00f6. H\u00e4mmastav skeleti stiilis vaade. Tehnilised andmed: Pikkus: 61mm K\u00e4epideme pikkus: 31mm Kaal: umbes 4g. Kas teil on k\u00fcsimusi? V\u00f5tke meiega \u00fchendust kontaktide lehel v\u00f5i kirjutage meile oma Facebooki kontol ja vastame teie p\u00e4ringule samal p\u00e4eval.<\/p>","protected":false},"featured_media":11959,"comment_status":"open","ping_status":"closed","template":"","meta":[],"_links":{"self":[{"href":"https:\/\/hookahshop.lt\/et\/wp-json\/wp\/v2\/product\/11958"}],"collection":[{"href":"https:\/\/hookahshop.lt\/et\/wp-json\/wp\/v2\/product"}],"about":[{"href":"https:\/\/hookahshop.lt\/et\/wp-json\/wp\/v2\/types\/product"}],"replies":[{"embeddable":true,"href":"https:\/\/hookahshop.lt\/et\/wp-json\/wp\/v2\/comments?post=11958"}],"version-history":[{"count":4,"href":"https:\/\/hookahshop.lt\/et\/wp-json\/wp\/v2\/product\/11958\/revisions"}],"predecessor-version":[{"id":37701,"href":"https:\/\/hookahshop.lt\/et\/wp-json\/wp\/v2\/product\/11958\/revisions\/37701"}],"wp:featuredmedia":[{"embeddable":true,"href":"https:\/\/hookahshop.lt\/et\/wp-json\/wp\/v2\/media\/11959"}],"wp:attachment":[{"href":"https:\/\/hookahshop.lt\/et\/wp-json\/wp\/v2\/media?parent=11958"}],"curies":[{"name":"wp","href":"https:\/\/api.w.org\/{rel}","templated":true}]}}