{"id":11971,"date":"2020-09-15T12:59:56","date_gmt":"2020-09-15T09:59:56","guid":{"rendered":"https:\/\/hookahshop.lt\/?post_type=product&#038;p=11971"},"modified":"2026-04-17T16:33:20","modified_gmt":"2026-04-17T13:33:20","slug":"taurele-kaljanui-japona-hookah-ego","status":"publish","type":"product","link":"https:\/\/hookahshop.lt\/et\/toode\/tass-vesipiip-japona-hookah-ego\/","title":{"rendered":"Tass vesipiibule JAPONA HOOKAH Ego Black"},"content":{"rendered":"<h2>Tass vesipiibule JAPONA HOOKAH Ego Black<\/h2>\n<p>Originaalne jaapani stiilis mini phunnel-tass vesipiibu jaoks.<\/p>\n<p>Japan Hookah Ego on originaalse v\u00e4limusega phunneltops, mille topsi p\u00f5hjas on originaalne lips. Vesipiibutops Japan Hookah Ego kuumeneb kiiresti, annab hea tubaka maitse ja aroomi. See r\u00f5\u00f5mustab mugava soolosuitsetamise austajaid, kes hindavad stiili ja kvaliteeti. Puidust kinkekarp r\u00f5hutab tassi v\u00e4\u00e4rtust ja sobib suurep\u00e4raselt kingituseks. Jaapan Hookah Ego tassi maht - 14 gr.<\/p>\n<p>Spetsifikatsioonid:<br \/>\nK\u00f5rgus: 108mm<br \/>\nL\u00e4bim\u00f5\u00f5t (v\u00e4limine): 62 mm<br \/>\nL\u00e4bim\u00f5\u00f5t (sisemine): 57 mm<br \/>\nS\u00fcgavus: 15mm<br \/>\nAva l\u00e4bim\u00f5\u00f5t: 17 mm<br \/>\nAukude arv: 1 tk<br \/>\nKaal: umbes 167 grammi<\/p>\n<p>Kas teil on k\u00fcsimusi? v\u00f5ta meiega \u00fchendust <a href=\"https:\/\/hookahshop.lt\/et\/kontaktid\/\">kontaktide leht<\/a> v\u00f5i saatke meile e-kiri aadressil <a href=\"https:\/\/facebook.com\/HookahShop.lt\/\" target=\"_blank\" rel=\"noopener noreferrer\">Facebooki konto<\/a> ja vastame teie taotlusele samal p\u00e4eval.<\/p>","protected":false},"excerpt":{"rendered":"<p>Vesipiibu tass JAPONA HOOKAH Ego Black Original Jaapani stiilis mini phunnel tass vesipiibu jaoks. Japan Hookah Ego on originaalse v\u00e4limusega phunneltops, mille topsi p\u00f5hjas on originaalne lips. Vesipiibutops Japan Hookah Ego kuumeneb kiiresti, annab hea tubaka maitse ja aroomi. See r\u00f5\u00f5mustab mugava soolosuitsetamise austajaid, kes hindavad stiili ja kvaliteeti. Puidust kingitus [\u2026]<\/p>","protected":false},"featured_media":11972,"comment_status":"open","ping_status":"closed","template":"","meta":[],"_links":{"self":[{"href":"https:\/\/hookahshop.lt\/et\/wp-json\/wp\/v2\/product\/11971"}],"collection":[{"href":"https:\/\/hookahshop.lt\/et\/wp-json\/wp\/v2\/product"}],"about":[{"href":"https:\/\/hookahshop.lt\/et\/wp-json\/wp\/v2\/types\/product"}],"replies":[{"embeddable":true,"href":"https:\/\/hookahshop.lt\/et\/wp-json\/wp\/v2\/comments?post=11971"}],"version-history":[{"count":3,"href":"https:\/\/hookahshop.lt\/et\/wp-json\/wp\/v2\/product\/11971\/revisions"}],"predecessor-version":[{"id":24058,"href":"https:\/\/hookahshop.lt\/et\/wp-json\/wp\/v2\/product\/11971\/revisions\/24058"}],"wp:featuredmedia":[{"embeddable":true,"href":"https:\/\/hookahshop.lt\/et\/wp-json\/wp\/v2\/media\/11972"}],"wp:attachment":[{"href":"https:\/\/hookahshop.lt\/et\/wp-json\/wp\/v2\/media?parent=11971"}],"curies":[{"name":"wp","href":"https:\/\/api.w.org\/{rel}","templated":true}]}}