{"id":11981,"date":"2020-09-15T13:25:46","date_gmt":"2020-09-15T10:25:46","guid":{"rendered":"https:\/\/hookahshop.lt\/?post_type=product&#038;p=11981"},"modified":"2026-05-14T23:29:23","modified_gmt":"2026-05-14T20:29:23","slug":"taurele-kaljanui-japona-hookah-smoke","status":"publish","type":"product","link":"https:\/\/hookahshop.lt\/et\/toode\/tass-vesipiip-japona-hookah-smoke\/","title":{"rendered":"Tass vesipiibule JAPONA HOOKAH Smoke Black"},"content":{"rendered":"<h2>Tass vesipiibule JAPONA HOOKAH Smoke Black<\/h2>\n<p>See on valmistatud kvaliteetsest punasest savist ja valmistatud k\u00e4sitsi potirattal.<\/p>\n<p>Japan Hookah Smoke on originaalse pinnaga, k\u00f5rge ja keskmise sabako maksumuseta. Topsi p\u00f5hjas on tavap\u00e4rase viie asemel lisaks keskmisele neli auku. Japan Smoke tassi alumine osa on kaetud stiilsete paeltega. Pakendatud kaubam\u00e4rgiga, kingitus, puidust pakendisse.<\/p>\n<p>Japan Hookah Smoke sobib ideaalselt nii tubakas\u00f5pradele kui ka segus\u00f5pradele. Kauss on m\u00f5eldud keskmise ja raske tubaka jaoks. Tubakat kulub umbes 13-15 grammi.<\/p>\n<p>Spetsifikatsioonid:<br \/>\nK\u00f5rgus: 80mm<br \/>\nL\u00e4bim\u00f5\u00f5t (v\u00e4limine): 61 mm<br \/>\nL\u00e4bim\u00f5\u00f5t (sisemine): 54 mm<br \/>\nS\u00fcgavus: 18 mm<br \/>\nAva l\u00e4bim\u00f5\u00f5t: 7mm<br \/>\nAukude arv: 4 tk<br \/>\nKaal: umbes 165 grammi<\/p>\n<p>Kas teil on k\u00fcsimusi? v\u00f5ta meiega \u00fchendust <a href=\"https:\/\/hookahshop.lt\/et\/kontaktid\/\">kontaktide leht<\/a> v\u00f5i saatke meile e-kiri aadressil <a href=\"https:\/\/facebook.com\/HookahShop.lt\/\" target=\"_blank\" rel=\"noopener noreferrer\">Facebooki konto<\/a> ja vastame teie taotlusele samal p\u00e4eval.<\/p>","protected":false},"excerpt":{"rendered":"<p>Vesipiibu tass JAPONA HOOKAH Smoke Black See on valmistatud kvaliteetsest punasest savist ja valmistatud k\u00e4sitsi potirattal. Japan Hookah Smoke on originaalse pinnaga, k\u00f5rge ja keskmise sabako maksumuseta. Topsi p\u00f5hjas on tavap\u00e4rase viie asemel lisaks keskmisele neli auku. Japan Smoke tassi alumine osa on kaetud stiilsete paeltega. Pakendatud kaubam\u00e4rgiga, kingituseks, puidust [\u2026]<\/p>","protected":false},"featured_media":11982,"comment_status":"open","ping_status":"closed","template":"","meta":[],"_links":{"self":[{"href":"https:\/\/hookahshop.lt\/et\/wp-json\/wp\/v2\/product\/11981"}],"collection":[{"href":"https:\/\/hookahshop.lt\/et\/wp-json\/wp\/v2\/product"}],"about":[{"href":"https:\/\/hookahshop.lt\/et\/wp-json\/wp\/v2\/types\/product"}],"replies":[{"embeddable":true,"href":"https:\/\/hookahshop.lt\/et\/wp-json\/wp\/v2\/comments?post=11981"}],"version-history":[{"count":3,"href":"https:\/\/hookahshop.lt\/et\/wp-json\/wp\/v2\/product\/11981\/revisions"}],"predecessor-version":[{"id":24057,"href":"https:\/\/hookahshop.lt\/et\/wp-json\/wp\/v2\/product\/11981\/revisions\/24057"}],"wp:featuredmedia":[{"embeddable":true,"href":"https:\/\/hookahshop.lt\/et\/wp-json\/wp\/v2\/media\/11982"}],"wp:attachment":[{"href":"https:\/\/hookahshop.lt\/et\/wp-json\/wp\/v2\/media?parent=11981"}],"curies":[{"name":"wp","href":"https:\/\/api.w.org\/{rel}","templated":true}]}}