{"id":11985,"date":"2020-09-15T13:45:01","date_gmt":"2020-09-15T10:45:01","guid":{"rendered":"https:\/\/hookahshop.lt\/?post_type=product&#038;p=11985"},"modified":"2026-04-21T23:29:47","modified_gmt":"2026-04-21T20:29:47","slug":"taurele-kaljanui-japona-hookah-killer","status":"publish","type":"product","link":"https:\/\/hookahshop.lt\/et\/toode\/tass-vesipiip-japona-hookah-killer\/","title":{"rendered":"Tass vesipiibule JAPONA HOOKAH Killer Kollane"},"content":{"rendered":"<h2>Tass vesipiibule JAPONA HOOKAH Killer Kollane<\/h2>\n<p>See tass on kogu maailmas kuulus oma graatsilise tekstuuri ja punutud k\u00f6ie poolest.<\/p>\n<p>Killer tass on valmistatud punasest savist ning sellel on lame p\u00f5hi ja paksud k\u00fcljed, mis soojendavad \u00fchtlaselt ja paljastavad tubaka maitse. See kuju sobib suurep\u00e4raselt k\u00f5vaks pakendamiseks. Tassi maht on umbes 15 -17 grammi.<\/p>\n<p>Japan Hookah Killer Cup on pakendatud kaubam\u00e4rgiga puidust kinkepakendisse.<\/p>\n<p>Spetsifikatsioonid:<br \/>\nK\u00f5rgus: 110 mm<br \/>\nL\u00e4bim\u00f5\u00f5t (v\u00e4limine): 72 mm<br \/>\nL\u00e4bim\u00f5\u00f5t (sisemine): 62 mm<br \/>\nS\u00fcgavus: 16mm<br \/>\nAva l\u00e4bim\u00f5\u00f5t: 10 mm<br \/>\nAukude arv: 5 tk<br \/>\nKaal: umbes 200 grammi<\/p>\n<p>Kas teil on k\u00fcsimusi? v\u00f5ta meiega \u00fchendust <a href=\"https:\/\/hookahshop.lt\/et\/kontaktid\/\">kontaktide leht<\/a> v\u00f5i saatke meile e-kiri aadressil <a href=\"https:\/\/facebook.com\/HookahShop.lt\/\" target=\"_blank\" rel=\"noopener noreferrer\">Facebooki konto<\/a> ja vastame teie taotlusele samal p\u00e4eval.<\/p>","protected":false},"excerpt":{"rendered":"<p>Vesipiibu tass JAPONA HOOKAH Killer Yellow See tass on kogu maailmas kuulus oma graatsilise tekstuuri ja punutud k\u00f6ie poolest. Killer tass on valmistatud punasest savist ning sellel on lame p\u00f5hi ja paksud k\u00fcljed, mis soojendavad \u00fchtlaselt ja paljastavad tubaka maitse. See kuju sobib suurep\u00e4raselt k\u00f5vaks pakendamiseks. Tassi maht on umbes 15 -17 grammi. Jaapan Hookah Killer Cup pakitud kaubam\u00e4rgiga puidust, [\u2026]<\/p>","protected":false},"featured_media":21287,"comment_status":"open","ping_status":"closed","template":"","meta":[],"_links":{"self":[{"href":"https:\/\/hookahshop.lt\/et\/wp-json\/wp\/v2\/product\/11985"}],"collection":[{"href":"https:\/\/hookahshop.lt\/et\/wp-json\/wp\/v2\/product"}],"about":[{"href":"https:\/\/hookahshop.lt\/et\/wp-json\/wp\/v2\/types\/product"}],"replies":[{"embeddable":true,"href":"https:\/\/hookahshop.lt\/et\/wp-json\/wp\/v2\/comments?post=11985"}],"version-history":[{"count":4,"href":"https:\/\/hookahshop.lt\/et\/wp-json\/wp\/v2\/product\/11985\/revisions"}],"predecessor-version":[{"id":28481,"href":"https:\/\/hookahshop.lt\/et\/wp-json\/wp\/v2\/product\/11985\/revisions\/28481"}],"wp:featuredmedia":[{"embeddable":true,"href":"https:\/\/hookahshop.lt\/et\/wp-json\/wp\/v2\/media\/21287"}],"wp:attachment":[{"href":"https:\/\/hookahshop.lt\/et\/wp-json\/wp\/v2\/media?parent=11985"}],"curies":[{"name":"wp","href":"https:\/\/api.w.org\/{rel}","templated":true}]}}