{"id":11991,"date":"2020-09-15T13:58:11","date_gmt":"2020-09-15T10:58:11","guid":{"rendered":"https:\/\/hookahshop.lt\/?post_type=product&#038;p=11991"},"modified":"2026-04-17T23:29:35","modified_gmt":"2026-04-17T20:29:35","slug":"taurele-kaljanui-japona-hookah-mummy","status":"publish","type":"product","link":"https:\/\/hookahshop.lt\/et\/toode\/tass-vesipiip-japona-hookah-mummy\/","title":{"rendered":"Tass vesipiibule JAPONA HOOKAH Mummy Black"},"content":{"rendered":"<h2>Tass vesipiibule JAPONA HOOKAH Mummy Black<\/h2>\n<p>See on lihtsalt keraamika meistriteos. Tassi varrel olev n\u00f6\u00f6r on nagu samurai katana k\u00e4epide, r\u00f5hutades kaubam\u00e4rgi enneolematut stiili.<br \/>\nTass on valmistatud punasest savist ja k\u00e4sit\u00f6\u00f6na k\u00e4sitsi valmistatud potirattal.<br \/>\nJaapani vesipiibu muumil on maksimaalne maitse\u00fclekanne, lihtne t\u00f5mme ja puhas kolb. Tassil on serv soojuskambri kindlaks kinnitamiseks. Tubaka maht 15 g<br \/>\nTore, kui see tass teie kollektsioonis on!<\/p>\n<p>Spetsifikatsioonid:<br \/>\nK\u00f5rgus: 104 mm<br \/>\nL\u00e4bim\u00f5\u00f5t (v\u00e4limine): 84 mm<br \/>\nL\u00e4bim\u00f5\u00f5t (sisemine): 77 mm<br \/>\nS\u00fcgavus: 15mm<br \/>\nAva l\u00e4bim\u00f5\u00f5t: 15mm<br \/>\nAukude arv: 1 tk<br \/>\nKaal: umbes 175 grammi<\/p>\n<p>Kas teil on k\u00fcsimusi? v\u00f5ta meiega \u00fchendust <a href=\"https:\/\/hookahshop.lt\/et\/kontaktid\/\">kontaktide leht<\/a> v\u00f5i saatke meile e-kiri aadressil <a href=\"https:\/\/facebook.com\/HookahShop.lt\/\" target=\"_blank\" rel=\"noopener noreferrer\">Facebooki konto<\/a> ja vastame teie taotlusele samal p\u00e4eval.<\/p>","protected":false},"excerpt":{"rendered":"<p>Vesipiibu tass JAAPAN HOOKAH Mummy Black See on lihtsalt keraamiline meistriteos. Tassi varrel olev n\u00f6\u00f6r on nagu samurai katana k\u00e4epide, r\u00f5hutades kaubam\u00e4rgi konkurentsitut stiili. Tass on valmistatud punasest savist ja valmib meistrite k\u00e4tega pottsepakettal. Japona Hookah Mummy on maksimaalne maitseomadus, kerge t\u00f5mbamine ja puhas kolb. Tassil on eend, mis kinnitab [\u2026]<\/p>","protected":false},"featured_media":11992,"comment_status":"open","ping_status":"closed","template":"","meta":[],"_links":{"self":[{"href":"https:\/\/hookahshop.lt\/et\/wp-json\/wp\/v2\/product\/11991"}],"collection":[{"href":"https:\/\/hookahshop.lt\/et\/wp-json\/wp\/v2\/product"}],"about":[{"href":"https:\/\/hookahshop.lt\/et\/wp-json\/wp\/v2\/types\/product"}],"replies":[{"embeddable":true,"href":"https:\/\/hookahshop.lt\/et\/wp-json\/wp\/v2\/comments?post=11991"}],"version-history":[{"count":6,"href":"https:\/\/hookahshop.lt\/et\/wp-json\/wp\/v2\/product\/11991\/revisions"}],"predecessor-version":[{"id":31976,"href":"https:\/\/hookahshop.lt\/et\/wp-json\/wp\/v2\/product\/11991\/revisions\/31976"}],"wp:featuredmedia":[{"embeddable":true,"href":"https:\/\/hookahshop.lt\/et\/wp-json\/wp\/v2\/media\/11992"}],"wp:attachment":[{"href":"https:\/\/hookahshop.lt\/et\/wp-json\/wp\/v2\/media?parent=11991"}],"curies":[{"name":"wp","href":"https:\/\/api.w.org\/{rel}","templated":true}]}}