{"id":11995,"date":"2020-09-15T14:07:07","date_gmt":"2020-09-15T11:07:07","guid":{"rendered":"https:\/\/hookahshop.lt\/?post_type=product&#038;p=11995"},"modified":"2026-04-17T23:29:35","modified_gmt":"2026-04-17T20:29:35","slug":"taurele-kaljanui-japona-hookah-samurai","status":"publish","type":"product","link":"https:\/\/hookahshop.lt\/et\/toode\/tass-vesipiip-japona-hookah-samurai\/","title":{"rendered":"Tass vesipiibule JAPONA HOOKAH Samurai"},"content":{"rendered":"<h2>Tass vesipiibule JAPONA HOOKAH Samurai<\/h2>\n<p>Sellel on ainulaadne kuju, looduslike materjalide kasutamine - need on k\u00f5ik Jaapani Vesipiibu tunnused.<br \/>\nUnikaalse kujuga tass ja autentne Jaapani stiilis signatuurmuster koos samuraimaskiga seinal.<br \/>\nK\u00e4sitsi valmistatud punasest savist valmistatud keraamilisel rattal. Tassi p\u00f5hjas viis klassikalist auku. Ideaalne igat t\u00fc\u00fcpi tubaka jaoks. Tubaka maht 15 gr.<br \/>\nJaapani vesipiip &quot;Samurai&quot; on suurep\u00e4rane t\u00e4iendus teie kollektsioonile ning t\u00e4nu stiilsele ja puidust pakendile sobib see suurep\u00e4raselt ka kingituseks.<\/p>\n<p>Spetsifikatsioonid:<br \/>\nK\u00f5rgus: 100 mm<br \/>\nL\u00e4bim\u00f5\u00f5t (v\u00e4limine): 71 mm<br \/>\nL\u00e4bim\u00f5\u00f5t (sisemine): 57 mm<br \/>\nS\u00fcgavus: 20mm<br \/>\nAva l\u00e4bim\u00f5\u00f5t: 8 mm<br \/>\nAukude arv: 5 tk<br \/>\nKaal: umbes 234 grammi<\/p>\n<p>Kas teil on k\u00fcsimusi? v\u00f5ta meiega \u00fchendust <a href=\"https:\/\/hookahshop.lt\/et\/kontaktid\/\">kontaktide leht<\/a> v\u00f5i saatke meile e-kiri aadressil <a href=\"https:\/\/facebook.com\/HookahShop.lt\/\" target=\"_blank\" rel=\"noopener noreferrer\">Facebooki konto<\/a> ja vastame teie taotlusele samal p\u00e4eval.<\/p>","protected":false},"excerpt":{"rendered":"<p>Vesipiibu tass JAPONA HOOKAH Samurai See ainulaadne kuju, looduslike materjalide kasutamine \u2013 on k\u00f5ik Jaapani Vesipiibu tunnusjooned. Unikaalse kujuga tass ja autentne Jaapani stiilis signatuurmuster koos samuraimaskiga seinal. K\u00e4sitsi valmistatud punasest savist valmistatud keraamilisel rattal. Tassi p\u00f5hjas viis klassikalist auku. Ideaalne igat t\u00fc\u00fcpi tubaka jaoks. Tubaka maht 15 gr. Jaapani [\u2026]<\/p>","protected":false},"featured_media":11996,"comment_status":"open","ping_status":"closed","template":"","meta":[],"_links":{"self":[{"href":"https:\/\/hookahshop.lt\/et\/wp-json\/wp\/v2\/product\/11995"}],"collection":[{"href":"https:\/\/hookahshop.lt\/et\/wp-json\/wp\/v2\/product"}],"about":[{"href":"https:\/\/hookahshop.lt\/et\/wp-json\/wp\/v2\/types\/product"}],"replies":[{"embeddable":true,"href":"https:\/\/hookahshop.lt\/et\/wp-json\/wp\/v2\/comments?post=11995"}],"version-history":[{"count":7,"href":"https:\/\/hookahshop.lt\/et\/wp-json\/wp\/v2\/product\/11995\/revisions"}],"predecessor-version":[{"id":44586,"href":"https:\/\/hookahshop.lt\/et\/wp-json\/wp\/v2\/product\/11995\/revisions\/44586"}],"wp:featuredmedia":[{"embeddable":true,"href":"https:\/\/hookahshop.lt\/et\/wp-json\/wp\/v2\/media\/11996"}],"wp:attachment":[{"href":"https:\/\/hookahshop.lt\/et\/wp-json\/wp\/v2\/media?parent=11995"}],"curies":[{"name":"wp","href":"https:\/\/api.w.org\/{rel}","templated":true}]}}