{"id":11999,"date":"2020-09-15T14:17:05","date_gmt":"2020-09-15T11:17:05","guid":{"rendered":"https:\/\/hookahshop.lt\/?post_type=product&#038;p=11999"},"modified":"2026-04-18T23:29:04","modified_gmt":"2026-04-18T20:29:04","slug":"taurele-kaljanui-japona-hookah-turkish","status":"publish","type":"product","link":"https:\/\/hookahshop.lt\/et\/toode\/tass-vesipiip-japona-hookah-turkish\/","title":{"rendered":"Tass vesipiibule JAPONA HOOKAH Turkish Black"},"content":{"rendered":"<h2>Tass vesipiibule JAPONA HOOKAH Turkish Black<\/h2>\n<p>See on kvaliteetne k\u00e4sitsi valmistatud punasest savist tass.<\/p>\n<p>K\u00f5ik tassid on v\u00e4ga ilusad. Erilise v\u00f5lu annab neile T\u00fcrgi tasse kaunistav punutud must pael.<\/p>\n<p>Jaapani Vesipiibu tassid on teie kollektsiooni suurep\u00e4raseks t\u00e4ienduseks ja stiilne pakend on kingitus.<\/p>\n<p>Vesipiip Japona Hookah on klassikaline T\u00fcrgi tass, mille p\u00f5hjas on viis suurt auku ja mille maht on 15 grammi. Suurep\u00e4rane tassi tekstuur ja punutud pael.<\/p>\n<p>Spetsifikatsioonid:<br \/>\nK\u00f5rgus: 89 mm<br \/>\nL\u00e4bim\u00f5\u00f5t (v\u00e4limine): 69 mm<br \/>\nL\u00e4bim\u00f5\u00f5t (sisemine): 59 mm<br \/>\nS\u00fcgavus: 19mm<br \/>\nAva l\u00e4bim\u00f5\u00f5t: 7mm<br \/>\nAukude arv: 5 tk<br \/>\nKaal: umbes 188 grammi<\/p>\n<p>Kas teil on k\u00fcsimusi? v\u00f5ta meiega \u00fchendust <a href=\"https:\/\/hookahshop.lt\/et\/kontaktid\/\">kontaktide leht<\/a> v\u00f5i saatke meile e-kiri aadressil <a href=\"https:\/\/facebook.com\/HookahShop.lt\/\" target=\"_blank\" rel=\"noopener noreferrer\">Facebooki konto<\/a> ja vastame teie taotlusele samal p\u00e4eval.<\/p>","protected":false},"excerpt":{"rendered":"<p>Vesipiibu tass JAPONA HOOKAH Turkish Black See on kvaliteetne k\u00e4sitsi valmistatud punasest savist tass. K\u00f5ik tassid on v\u00e4ga ilusad. Erilise v\u00f5lu annab neile T\u00fcrgi tasse kaunistav punutud must pael. Jaapani Vesipiibu tassid on teie kollektsiooni suurep\u00e4raseks t\u00e4ienduseks ja stiilne pakend on kingitus. Jaapani vesipiip &quot;Japan Hookah&quot; on klassikaline T\u00fcrgi tass, millel on [\u2026]<\/p>","protected":false},"featured_media":12001,"comment_status":"open","ping_status":"closed","template":"","meta":[],"_links":{"self":[{"href":"https:\/\/hookahshop.lt\/et\/wp-json\/wp\/v2\/product\/11999"}],"collection":[{"href":"https:\/\/hookahshop.lt\/et\/wp-json\/wp\/v2\/product"}],"about":[{"href":"https:\/\/hookahshop.lt\/et\/wp-json\/wp\/v2\/types\/product"}],"replies":[{"embeddable":true,"href":"https:\/\/hookahshop.lt\/et\/wp-json\/wp\/v2\/comments?post=11999"}],"version-history":[{"count":5,"href":"https:\/\/hookahshop.lt\/et\/wp-json\/wp\/v2\/product\/11999\/revisions"}],"predecessor-version":[{"id":36456,"href":"https:\/\/hookahshop.lt\/et\/wp-json\/wp\/v2\/product\/11999\/revisions\/36456"}],"wp:featuredmedia":[{"embeddable":true,"href":"https:\/\/hookahshop.lt\/et\/wp-json\/wp\/v2\/media\/12001"}],"wp:attachment":[{"href":"https:\/\/hookahshop.lt\/et\/wp-json\/wp\/v2\/media?parent=11999"}],"curies":[{"name":"wp","href":"https:\/\/api.w.org\/{rel}","templated":true}]}}