{"id":12008,"date":"2020-09-15T17:07:22","date_gmt":"2020-09-15T14:07:22","guid":{"rendered":"https:\/\/hookahshop.lt\/?post_type=product&#038;p=12008"},"modified":"2026-04-06T23:28:41","modified_gmt":"2026-04-06T20:28:41","slug":"kaljanas-aladin-mvp-rocket-bottom-black","status":"publish","type":"product","link":"https:\/\/hookahshop.lt\/et\/toode\/vesipiip-aladin-mvp-rocket-bottom-black\/","title":{"rendered":"Vesipiip ALADIN MVP Rocket Bottom Black"},"content":{"rendered":"<h2>Vesipiip ALADIN MVP Rocket Bottom Black<\/h2>\n<p>Vesipiip on valmistatud tugevast roostevabast terasest korpusest ja klaaskolvist. K\u00f5rgus 53 cm v\u00f5imaldab kaasa v\u00f5tta koos s\u00f5pradega v\u00f5i p\u00e4ikesepaistelistel p\u00e4evadel \u00f5ue. Kas olete alati tahtnud kvaliteetset vesipiipu? Meil on see, mida vajate!<\/p>\n<p>MVP Aladini niit on 360 \u00b0, mis \u00fchendab t\u00e4ielikult kolbi ja aluse lihtsa 360 \u00b0 p\u00f6\u00f6ramisega.<\/p>\n<p><strong>Varustus:<\/strong><br \/>\nStandardkomplektis on tangid, pehme silikoonvoolik otsikutega, tops ja korsten topsi jaoks.<\/p>\n<p><img decoding=\"async\" loading=\"lazy\" class=\"alignnone size-medium wp-image-38491\" src=\"https:\/\/hookahshop.lt\/wp-content\/uploads\/2021\/02\/aladinu-komplektacija-300x273.jpg\" alt=\"- hookahshop.lt\" width=\"300\" height=\"273\" srcset=\"https:\/\/hookahshop.lt\/wp-content\/uploads\/2021\/02\/aladinu-komplektacija-300x273.jpg 300w, https:\/\/hookahshop.lt\/wp-content\/uploads\/2021\/02\/aladinu-komplektacija-13x12.jpg 13w, https:\/\/hookahshop.lt\/wp-content\/uploads\/2021\/02\/aladinu-komplektacija-64x58.jpg 64w, https:\/\/hookahshop.lt\/wp-content\/uploads\/2021\/02\/aladinu-komplektacija.jpg 420w\" sizes=\"(max-width: 300px) 100vw, 300px\" title=\"\"><\/p>\n<p>Kas teil on k\u00fcsimusi? v\u00f5ta meiega \u00fchendust <a href=\"https:\/\/hookahshop.lt\/et\/kontaktid\/\">kontaktide leht<\/a> v\u00f5i saatke meile e-kiri aadressil <a href=\"https:\/\/facebook.com\/HookahShop.lt\/\" target=\"_blank\" rel=\"noopener noreferrer\">Facebooki konto<\/a> ja vastame teie taotlusele samal p\u00e4eval.<\/p>","protected":false},"excerpt":{"rendered":"<p>Vesipiip ALADIN MVP Rocket Bottom Black Vesipiip on valmistatud tugevast roostevabast terasest korpusest ja klaaskolvist. K\u00f5rgus 53 cm v\u00f5imaldab kaasa v\u00f5tta koos s\u00f5pradega v\u00f5i p\u00e4ikesepaistelistel p\u00e4evadel \u00f5ue. Kas olete alati tahtnud kvaliteetset vesipiipu? Meil on see, mida vajate! MVP Aladini niit on 360 \u00b0, mis \u00fchendab t\u00e4ielikult kolbi ja aluse lihtsas 360 \u00b0 [\u2026]<\/p>","protected":false},"featured_media":12009,"comment_status":"open","ping_status":"closed","template":"","meta":[],"_links":{"self":[{"href":"https:\/\/hookahshop.lt\/et\/wp-json\/wp\/v2\/product\/12008"}],"collection":[{"href":"https:\/\/hookahshop.lt\/et\/wp-json\/wp\/v2\/product"}],"about":[{"href":"https:\/\/hookahshop.lt\/et\/wp-json\/wp\/v2\/types\/product"}],"replies":[{"embeddable":true,"href":"https:\/\/hookahshop.lt\/et\/wp-json\/wp\/v2\/comments?post=12008"}],"version-history":[{"count":6,"href":"https:\/\/hookahshop.lt\/et\/wp-json\/wp\/v2\/product\/12008\/revisions"}],"predecessor-version":[{"id":45511,"href":"https:\/\/hookahshop.lt\/et\/wp-json\/wp\/v2\/product\/12008\/revisions\/45511"}],"wp:featuredmedia":[{"embeddable":true,"href":"https:\/\/hookahshop.lt\/et\/wp-json\/wp\/v2\/media\/12009"}],"wp:attachment":[{"href":"https:\/\/hookahshop.lt\/et\/wp-json\/wp\/v2\/media?parent=12008"}],"curies":[{"name":"wp","href":"https:\/\/api.w.org\/{rel}","templated":true}]}}