{"id":12014,"date":"2020-09-15T17:31:29","date_gmt":"2020-09-15T14:31:29","guid":{"rendered":"https:\/\/hookahshop.lt\/?post_type=product&#038;p=12014"},"modified":"2026-04-27T23:28:45","modified_gmt":"2026-04-27T20:28:45","slug":"kaljanas-aladin-mvp460-model-1-rainbow","status":"publish","type":"product","link":"https:\/\/hookahshop.lt\/et\/toode\/vesipiip-aladin-mvp-460-model-1-vikerkaar\/","title":{"rendered":"Vesipiip ALADIN MVP460 mudel 1 vikerkaar"},"content":{"rendered":"<h2>Vesipiip Aladin MVP460 mudel 1 vikerkaar<\/h2>\n<p>Vesipiip j\u00e4tab oma kvaliteetsete materjalidega h\u00e4mmastavaid muljeid. Kvaliteetne t\u00f6\u00f6 ja individuaalne disain ei j\u00e4ta teid \u00fcksk\u00f5ikseks.<br \/>\nT\u00e4nu kompaktsele suurusele on see ideaalne reisikaaslane neile, kes soovivad saada kvaliteetset toodet teel.<\/p>\n<p>Roostevaba teras<\/p>\n<p><strong>Standardkomplekt sisaldab:<\/strong><br \/>\ntangid, &quot;pehme&quot; silikoonvoolik otsikutega, tass, &quot;p\u00f5leti tassi jaoks&quot;.<\/p>\n<p>Kas teil on k\u00fcsimusi? v\u00f5ta meiega \u00fchendust <a href=\"https:\/\/hookahshop.lt\/et\/kontaktid\/\">kontaktide leht<\/a> v\u00f5i saatke meile e-kiri aadressil <a href=\"https:\/\/facebook.com\/HookahShop.lt\/\" target=\"_blank\" rel=\"noopener noreferrer\">Facebooki konto<\/a> ja vastame teie taotlusele samal p\u00e4eval.<\/p>","protected":false},"excerpt":{"rendered":"<p>Vesipiip Aladin MVP460 Model 1 Rainbow vesipiip j\u00e4tab oma kvaliteetsete materjalidega imelise mulje. Kvaliteetne t\u00f6\u00f6tlus ja individuaalne disain ei j\u00e4ta kedagi \u00fcksk\u00f5ikseks. T\u00e4nu kompaktsele suurusele on see ideaalne reisikaaslane neile, kes soovivad teel olles kvaliteetset toodet. Roostevabast terasest Standardkomplekt sisaldab: tangid, pehmet silikoonvoolikut otsikutega, tassi, tassi jaoks m\u00f5eldud korstnat. Kas teil on k\u00fcsimusi? V\u00f5tke meiega \u00fchendust aadressil contact [\u2026]<\/p>","protected":false},"featured_media":12021,"comment_status":"open","ping_status":"closed","template":"","meta":[],"_links":{"self":[{"href":"https:\/\/hookahshop.lt\/et\/wp-json\/wp\/v2\/product\/12014"}],"collection":[{"href":"https:\/\/hookahshop.lt\/et\/wp-json\/wp\/v2\/product"}],"about":[{"href":"https:\/\/hookahshop.lt\/et\/wp-json\/wp\/v2\/types\/product"}],"replies":[{"embeddable":true,"href":"https:\/\/hookahshop.lt\/et\/wp-json\/wp\/v2\/comments?post=12014"}],"version-history":[{"count":4,"href":"https:\/\/hookahshop.lt\/et\/wp-json\/wp\/v2\/product\/12014\/revisions"}],"predecessor-version":[{"id":26882,"href":"https:\/\/hookahshop.lt\/et\/wp-json\/wp\/v2\/product\/12014\/revisions\/26882"}],"wp:featuredmedia":[{"embeddable":true,"href":"https:\/\/hookahshop.lt\/et\/wp-json\/wp\/v2\/media\/12021"}],"wp:attachment":[{"href":"https:\/\/hookahshop.lt\/et\/wp-json\/wp\/v2\/media?parent=12014"}],"curies":[{"name":"wp","href":"https:\/\/api.w.org\/{rel}","templated":true}]}}