{"id":12015,"date":"2020-09-15T17:22:55","date_gmt":"2020-09-15T14:22:55","guid":{"rendered":"https:\/\/hookahshop.lt\/?post_type=product&#038;p=12015"},"modified":"2026-04-10T12:51:11","modified_gmt":"2026-04-10T09:51:11","slug":"kaljanas-aladin-mvp-rocket-bottom-blue","status":"publish","type":"product","link":"https:\/\/hookahshop.lt\/et\/toode\/vesipiip-aladin-mvp-rocket-bottom-blue\/","title":{"rendered":"Vesipiibu ALADIN MVP Rocket Bottom Blue"},"content":{"rendered":"<h2>Vesipiibu ALADIN MVP Rocket Bottom Blue<\/h2>\n<p>T\u00e4nu oma kompaktsele suurusele on see ideaalne reisikaaslane neile, kes soovivad saada kvaliteetset toodet liikvel olles.<\/p>\n<p><strong>Spetsifikatsioon:<\/strong><br \/>\nVesipiibu k\u00f5rgus: 53 cm<br \/>\nMaterjal (v\u00e4line): roostevaba teras<br \/>\nKeere: 360 \u00b0, mis \u00fchendab kolbi ja konksu konksu lihtsa 360 \u00b0 p\u00f6\u00f6rdega t\u00e4ielikult.<\/p>\n<p><strong>Varustus:<\/strong><br \/>\nStandardkomplektis on tangid, pehme silikoonvoolik otsikutega, tops ja korsten topsi jaoks.<\/p>\n<p><img decoding=\"async\" loading=\"lazy\" class=\"alignnone size-medium wp-image-38491\" src=\"https:\/\/hookahshop.lt\/wp-content\/uploads\/2021\/02\/aladinu-komplektacija-300x273.jpg\" alt=\"- hookahshop.lt\" width=\"300\" height=\"273\" srcset=\"https:\/\/hookahshop.lt\/wp-content\/uploads\/2021\/02\/aladinu-komplektacija-300x273.jpg 300w, https:\/\/hookahshop.lt\/wp-content\/uploads\/2021\/02\/aladinu-komplektacija-13x12.jpg 13w, https:\/\/hookahshop.lt\/wp-content\/uploads\/2021\/02\/aladinu-komplektacija-64x58.jpg 64w, https:\/\/hookahshop.lt\/wp-content\/uploads\/2021\/02\/aladinu-komplektacija.jpg 420w\" sizes=\"(max-width: 300px) 100vw, 300px\" title=\"\"><\/p>\n<p>Kas teil on k\u00fcsimusi? v\u00f5ta meiega \u00fchendust\u00a0<a href=\"https:\/\/hookahshop.lt\/et\/kontaktid\/\">kontaktide leht<\/a>\u00a0v\u00f5i saatke meile e-kiri aadressil\u00a0<a href=\"https:\/\/facebook.com\/HookahShop.lt\/\" target=\"_blank\" rel=\"noopener noreferrer\">Facebooki konto<\/a>\u00a0ja vastame teie taotlusele samal p\u00e4eval.<\/p>","protected":false},"excerpt":{"rendered":"<p>Vesipiip ALADIN MVP Rocket Bottom Blue T\u00e4nu oma kompaktsele suurusele on see ideaalne reisikaaslane neile, kes soovivad omada kvaliteetset toodet liikvel olles. Spetsifikatsioon: Konksu k\u00f5rgus: 53 cm Materjal (v\u00e4limine): roostevaba teras Keerme nurk: 360 \u00b0, mis \u00fchendab t\u00e4ielikult kolbi ja konksu v\u00f5lli lihtsa 360 \u00b0 p\u00f6\u00f6rdega. Tarnekomplekt: Standardkomplekti kuuluvad tangid, pehme silikoonvoolik otsikutega, tass [\u2026]<\/p>","protected":false},"featured_media":12016,"comment_status":"open","ping_status":"closed","template":"","meta":[],"_links":{"self":[{"href":"https:\/\/hookahshop.lt\/et\/wp-json\/wp\/v2\/product\/12015"}],"collection":[{"href":"https:\/\/hookahshop.lt\/et\/wp-json\/wp\/v2\/product"}],"about":[{"href":"https:\/\/hookahshop.lt\/et\/wp-json\/wp\/v2\/types\/product"}],"replies":[{"embeddable":true,"href":"https:\/\/hookahshop.lt\/et\/wp-json\/wp\/v2\/comments?post=12015"}],"version-history":[{"count":7,"href":"https:\/\/hookahshop.lt\/et\/wp-json\/wp\/v2\/product\/12015\/revisions"}],"predecessor-version":[{"id":44016,"href":"https:\/\/hookahshop.lt\/et\/wp-json\/wp\/v2\/product\/12015\/revisions\/44016"}],"wp:featuredmedia":[{"embeddable":true,"href":"https:\/\/hookahshop.lt\/et\/wp-json\/wp\/v2\/media\/12016"}],"wp:attachment":[{"href":"https:\/\/hookahshop.lt\/et\/wp-json\/wp\/v2\/media?parent=12015"}],"curies":[{"name":"wp","href":"https:\/\/api.w.org\/{rel}","templated":true}]}}